{"id":25871,"date":"2026-05-05T18:13:20","date_gmt":"2026-05-05T06:13:20","guid":{"rendered":"https:\/\/a-ward.com\/carrieres\/"},"modified":"2026-05-05T20:14:06","modified_gmt":"2026-05-05T08:14:06","slug":"carrieres","status":"publish","type":"page","link":"https:\/\/a-ward.com\/fr\/carrieres\/","title":{"rendered":"Carri\u00e8res"},"content":{"rendered":"\t\t<div data-elementor-type=\"wp-page\" data-elementor-id=\"25871\" class=\"elementor elementor-25871 elementor-25866\" data-elementor-post-type=\"page\">\n\t\t\t\t\t\t<section class=\"elementor-section elementor-top-section elementor-element elementor-element-4c80865 elementor-section-height-min-height elementor-section-items-bottom elementor-section-boxed elementor-section-height-default\" data-id=\"4c80865\" data-element_type=\"section\" data-e-type=\"section\" data-settings=\"{&quot;background_background&quot;:&quot;classic&quot;,&quot;jet_parallax_layout_list&quot;:[]}\">\n\t\t\t\t\t\t\t<div class=\"elementor-background-overlay\"><\/div>\n\t\t\t\t\t\t\t<div class=\"elementor-container elementor-column-gap-default\">\n\t\t\t\t\t<div class=\"elementor-column elementor-col-50 elementor-top-column elementor-element elementor-element-acf4ff6\" data-id=\"acf4ff6\" data-element_type=\"column\" data-e-type=\"column\">\n\t\t\t<div class=\"elementor-widget-wrap elementor-element-populated\">\n\t\t\t\t\t\t<div class=\"elementor-element elementor-element-0a9f41d red-dot elementor-widget elementor-widget-heading\" data-id=\"0a9f41d\" data-element_type=\"widget\" data-e-type=\"widget\" data-widget_type=\"heading.default\">\n\t\t\t\t<div class=\"elementor-widget-container\">\n\t\t\t\t\t<span class=\"elementor-heading-title elementor-size-default\">Rejoignez notre \u00e9quipe<\/span>\t\t\t\t<\/div>\n\t\t\t\t<\/div>\n\t\t\t\t\t<\/div>\n\t\t<\/div>\n\t\t\t\t<div class=\"elementor-column elementor-col-50 elementor-top-column elementor-element elementor-element-05a1fd4 elementor-hidden-mobile_extra elementor-hidden-mobile\" data-id=\"05a1fd4\" data-element_type=\"column\" data-e-type=\"column\">\n\t\t\t<div class=\"elementor-widget-wrap\">\n\t\t\t\t\t\t\t<\/div>\n\t\t<\/div>\n\t\t\t\t\t<\/div>\n\t\t<\/section>\n\t\t\t\t<section class=\"elementor-section elementor-top-section elementor-element elementor-element-5da7816 section-margin-top-lg elementor-section-content-bottom elementor-section-boxed elementor-section-height-default elementor-section-height-default\" data-id=\"5da7816\" data-element_type=\"section\" data-e-type=\"section\" data-settings=\"{&quot;jet_parallax_layout_list&quot;:[]}\">\n\t\t\t\t\t\t<div class=\"elementor-container elementor-column-gap-default\">\n\t\t\t\t\t<div class=\"elementor-column elementor-col-50 elementor-top-column elementor-element elementor-element-6632795\" data-id=\"6632795\" data-element_type=\"column\" data-e-type=\"column\">\n\t\t\t<div class=\"elementor-widget-wrap elementor-element-populated\">\n\t\t\t\t\t\t<div class=\"elementor-element elementor-element-0700c24 red-dot elementor-widget elementor-widget-heading\" data-id=\"0700c24\" data-element_type=\"widget\" data-e-type=\"widget\" data-widget_type=\"heading.default\">\n\t\t\t\t<div class=\"elementor-widget-container\">\n\t\t\t\t\t<h2 class=\"elementor-heading-title elementor-size-default\">Carri\u00e8res \u00e0 A-Ward<\/h2>\t\t\t\t<\/div>\n\t\t\t\t<\/div>\n\t\t\t\t<div class=\"elementor-element elementor-element-ac192c9 elementor-widget elementor-widget-text-editor\" data-id=\"ac192c9\" data-element_type=\"widget\" data-e-type=\"widget\" data-widget_type=\"text-editor.default\">\n\t\t\t\t<div class=\"elementor-widget-container\">\n\t\t\t\t\t\t\t\t\t<h6><strong>Rejoignez une \u00e9quipe qui cr\u00e9e des solutions concr\u00e8tes pour un monde plus propre, plus s\u00fbr et plus productif.<\/strong><\/h6>\n\nChez A-Ward, nous croyons que la grande ing\u00e9nierie commence par un probl\u00e8me r\u00e9el.\n\nDepuis plus de vingt ans, nous aidons des organisations de divers secteurs \u00e0 am\u00e9liorer leur efficacit\u00e9, r\u00e9duire les d\u00e9chets de transport et d\u00e9bloquer de meilleures fa\u00e7ons de transporter des mat\u00e9riaux en vrac \u00e0 travers le monde. Notre technologie prim\u00e9e est con\u00e7ue pour r\u00e9soudre des d\u00e9fis pratiques tout en soutenant des environnements de travail plus s\u00fbrs, une utilisation des ressources plus intelligente et des op\u00e9rations plus durables. \n\nSi vous \u00eates curieux, impliqu\u00e9 et motiv\u00e9 par un travail qui cr\u00e9e un impact mesurable, A-Ward est un lieu o\u00f9 vos id\u00e9es peuvent contribuer \u00e0 fa\u00e7onner l\u2019avenir de l\u2019innovation industrielle.\t\t\t\t\t\t\t\t<\/div>\n\t\t\t\t<\/div>\n\t\t\t\t<div class=\"elementor-element elementor-element-3a0520dc red-dot elementor-widget elementor-widget-heading\" data-id=\"3a0520dc\" data-element_type=\"widget\" data-e-type=\"widget\" data-widget_type=\"heading.default\">\n\t\t\t\t<div class=\"elementor-widget-container\">\n\t\t\t\t\t<h3 class=\"elementor-heading-title elementor-size-default\">Envoyez-nous votre CV<\/h3>\t\t\t\t<\/div>\n\t\t\t\t<\/div>\n\t\t\t\t<div class=\"elementor-element elementor-element-03309c9 elementor-icon-list--layout-traditional elementor-list-item-link-full_width elementor-widget elementor-widget-icon-list\" data-id=\"03309c9\" data-element_type=\"widget\" data-e-type=\"widget\" data-widget_type=\"icon-list.default\">\n\t\t\t\t<div class=\"elementor-widget-container\">\n\t\t\t\t\t\t\t<ul class=\"elementor-icon-list-items\">\n\t\t\t\t\t\t\t<li class=\"elementor-icon-list-item\">\n\t\t\t\t\t\t\t\t\t\t\t<span class=\"elementor-icon-list-icon\">\n\t\t\t\t\t\t\t<svg aria-hidden=\"true\" class=\"e-font-icon-svg e-far-envelope\" viewBox=\"0 0 512 512\" xmlns=\"http:\/\/www.w3.org\/2000\/svg\"><path d=\"M464 64H48C21.49 64 0 85.49 0 112v288c0 26.51 21.49 48 48 48h416c26.51 0 48-21.49 48-48V112c0-26.51-21.49-48-48-48zm0 48v40.805c-22.422 18.259-58.168 46.651-134.587 106.49-16.841 13.247-50.201 45.072-73.413 44.701-23.208.375-56.579-31.459-73.413-44.701C106.18 199.465 70.425 171.067 48 152.805V112h416zM48 400V214.398c22.914 18.251 55.409 43.862 104.938 82.646 21.857 17.205 60.134 55.186 103.062 54.955 42.717.231 80.509-37.199 103.053-54.947 49.528-38.783 82.032-64.401 104.947-82.653V400H48z\"><\/path><\/svg>\t\t\t\t\t\t<\/span>\n\t\t\t\t\t\t\t\t\t\t<span class=\"elementor-icon-list-text\">careers@a-ward.com<\/span>\n\t\t\t\t\t\t\t\t\t<\/li>\n\t\t\t\t\t\t<\/ul>\n\t\t\t\t\t\t<\/div>\n\t\t\t\t<\/div>\n\t\t\t\t\t<\/div>\n\t\t<\/div>\n\t\t\t\t<div class=\"elementor-column elementor-col-50 elementor-top-column elementor-element elementor-element-889474e\" data-id=\"889474e\" data-element_type=\"column\" data-e-type=\"column\">\n\t\t\t<div class=\"elementor-widget-wrap elementor-element-populated\">\n\t\t\t\t\t\t<div class=\"elementor-element elementor-element-530e95a elementor-widget elementor-widget-image\" data-id=\"530e95a\" data-element_type=\"widget\" data-e-type=\"widget\" data-widget_type=\"image.default\">\n\t\t\t\t<div class=\"elementor-widget-container\">\n\t\t\t\t\t\t\t\t\t\t\t\t\t\t\t<img fetchpriority=\"high\" decoding=\"async\" width=\"720\" height=\"480\" src=\"https:\/\/a-ward.com\/wp-content\/uploads\/2023\/12\/A-Ward-team-Awards-And-Recognition1.jpg\" class=\"attachment-large size-large wp-image-20429\" alt=\"\" srcset=\"https:\/\/a-ward.com\/wp-content\/uploads\/2023\/12\/A-Ward-team-Awards-And-Recognition1.jpg 720w, https:\/\/a-ward.com\/wp-content\/uploads\/2023\/12\/A-Ward-team-Awards-And-Recognition1-300x200.jpg 300w\" sizes=\"(max-width: 720px) 100vw, 720px\">\t\t\t\t\t\t\t\t\t\t\t\t\t\t\t<\/div>\n\t\t\t\t<\/div>\n\t\t\t\t\t<\/div>\n\t\t<\/div>\n\t\t\t\t\t<\/div>\n\t\t<\/section>\n\t\t\t\t<\/div>\n\t\t","protected":false},"excerpt":{"rendered":"<p>Rejoignez notre \u00e9quipe Carri\u00e8res \u00e0 A-Ward Rejoignez une \u00e9quipe qui cr\u00e9e des solutions concr\u00e8tes pour un monde plus propre, plus s\u00fbr et plus productif. Chez A-Ward, nous croyons que la grande ing\u00e9nierie commence par un probl\u00e8me r\u00e9el. Depuis plus de vingt ans, nous aidons des organisations de divers secteurs \u00e0 am\u00e9liorer leur efficacit\u00e9, r\u00e9duire les [&hellip;]<\/p>\n","protected":false},"author":17,"featured_media":0,"parent":0,"menu_order":7,"comment_status":"closed","ping_status":"closed","template":"","meta":{"inline_featured_image":false,"footnotes":""},"class_list":["post-25871","page","type-page","status-publish","hentry"],"_links":{"self":[{"href":"https:\/\/a-ward.com\/fr\/wp-json\/wp\/v2\/pages\/25871","targetHints":{"allow":["GET"]}}],"collection":[{"href":"https:\/\/a-ward.com\/fr\/wp-json\/wp\/v2\/pages"}],"about":[{"href":"https:\/\/a-ward.com\/fr\/wp-json\/wp\/v2\/types\/page"}],"author":[{"embeddable":true,"href":"https:\/\/a-ward.com\/fr\/wp-json\/wp\/v2\/users\/17"}],"replies":[{"embeddable":true,"href":"https:\/\/a-ward.com\/fr\/wp-json\/wp\/v2\/comments?post=25871"}],"version-history":[{"count":6,"href":"https:\/\/a-ward.com\/fr\/wp-json\/wp\/v2\/pages\/25871\/revisions"}],"predecessor-version":[{"id":25950,"href":"https:\/\/a-ward.com\/fr\/wp-json\/wp\/v2\/pages\/25871\/revisions\/25950"}],"wp:attachment":[{"href":"https:\/\/a-ward.com\/fr\/wp-json\/wp\/v2\/media?parent=25871"}],"curies":[{"name":"wp","href":"https:\/\/api.w.org\/{rel}","templated":true}]}}