{"id":21015,"date":"2024-01-16T07:37:06","date_gmt":"2024-01-15T18:37:06","guid":{"rendered":"https:\/\/a-ward.websitereview.nz\/merci-copier\/"},"modified":"2025-04-23T19:30:02","modified_gmt":"2025-04-23T07:30:02","slug":"merci-copier","status":"publish","type":"page","link":"https:\/\/a-ward.com\/fr\/merci-copier\/","title":{"rendered":"Newsletter Inscription Merci"},"content":{"rendered":"\t\t<div data-elementor-type=\"wp-page\" data-elementor-id=\"21015\" class=\"elementor elementor-21015 elementor-21012\" data-elementor-post-type=\"page\">\n\t\t\t\t\t\t<section class=\"elementor-section elementor-top-section elementor-element elementor-element-68db8b3 elementor-section-full_width elementor-section-height-min-height elementor-section-items-stretch elementor-section-content-middle elementor-reverse-mobile elementor-reverse-mobile_extra elementor-section-height-default\" data-id=\"68db8b3\" data-element_type=\"section\" data-e-type=\"section\" data-settings=\"{&quot;jet_parallax_layout_list&quot;:[]}\">\n\t\t\t\t\t\t<div class=\"elementor-container elementor-column-gap-no\">\n\t\t\t\t\t<div class=\"elementor-column elementor-col-50 elementor-top-column elementor-element elementor-element-85dbd35\" data-id=\"85dbd35\" data-element_type=\"column\" data-e-type=\"column\" data-settings=\"{&quot;background_background&quot;:&quot;classic&quot;}\">\n\t\t\t<div class=\"elementor-widget-wrap elementor-element-populated\">\n\t\t\t\t\t\t<div class=\"elementor-element elementor-element-5bc4df6 animated-fast elementor-invisible elementor-widget elementor-widget-heading\" data-id=\"5bc4df6\" data-element_type=\"widget\" data-e-type=\"widget\" data-settings=\"{&quot;_animation&quot;:&quot;fadeIn&quot;}\" data-widget_type=\"heading.default\">\n\t\t\t\t<div class=\"elementor-widget-container\">\n\t\t\t\t\t<h1 class=\"elementor-heading-title elementor-size-default\">Je vous remercie<\/h1>\t\t\t\t<\/div>\n\t\t\t\t<\/div>\n\t\t\t\t<div class=\"elementor-element elementor-element-daecec5 animated-fast elementor-invisible elementor-widget elementor-widget-heading\" data-id=\"daecec5\" data-element_type=\"widget\" data-e-type=\"widget\" data-settings=\"{&quot;_animation&quot;:&quot;fadeIn&quot;}\" data-widget_type=\"heading.default\">\n\t\t\t\t<div class=\"elementor-widget-container\">\n\t\t\t\t\t<h2 class=\"elementor-heading-title elementor-size-default\">Merci de vous \u00eatre inscrit \u00e0 notre Newsletter.<\/h2>\t\t\t\t<\/div>\n\t\t\t\t<\/div>\n\t\t\t\t<div class=\"elementor-element elementor-element-3a4707c elementor-widget elementor-widget-text-editor\" data-id=\"3a4707c\" data-element_type=\"widget\" data-e-type=\"widget\" data-widget_type=\"text-editor.default\">\n\t\t\t\t<div class=\"elementor-widget-container\">\n\t\t\t\t\t\t\t\t\t<p>Nous sommes impatients de vous tenir au courant des derni\u00e8res technologies en mati\u00e8re de chargement et de d\u00e9chargement de conteneurs.<\/p>\n\t\t\t\t\t\t\t\t<\/div>\n\t\t\t\t<\/div>\n\t\t\t\t<div class=\"elementor-element elementor-element-b0310fd elementor-widget elementor-widget-heading\" data-id=\"b0310fd\" data-element_type=\"widget\" data-e-type=\"widget\" data-widget_type=\"heading.default\">\n\t\t\t\t<div class=\"elementor-widget-container\">\n\t\t\t\t\t<h4 class=\"elementor-heading-title elementor-size-default\">Pourriez-vous r\u00e9pondre \u00e0 quelques questions suppl\u00e9mentaires afin que nous puissions nous pr\u00e9parer \u00e0 notre rencontre avec vous.<\/h4>\t\t\t\t<\/div>\n\t\t\t\t<\/div>\n\t\t\t\t<div class=\"elementor-element elementor-element-bb96ba7 elementor-widget-tablet__width-initial elementor-widget-mobile_extra__width-inherit inline-radio elementor-widget elementor-widget-shortcode\" data-id=\"bb96ba7\" data-element_type=\"widget\" data-e-type=\"widget\" data-widget_type=\"shortcode.default\">\n\t\t\t\t<div class=\"elementor-widget-container\">\n\t\t\t\t\t\t\t<div class=\"elementor-shortcode\"><iframe src=\"https:\/\/api.leadconnectorhq.com\/widget\/form\/T5iQPyUZ9rzjDHBLc3Cs\" style=\"width:100%;height:100%;border:none;border-radius:0px\" id=\"inline-T5iQPyUZ9rzjDHBLc3Cs\" data-layout=\"{'id':'INLINE'}\" data-trigger-type=\"alwaysShow\" data-trigger-value=\"\" data-activation-type=\"alwaysActivated\" data-activation-value=\"\" data-deactivation-type=\"neverDeactivate\" data-deactivation-value=\"\" data-form-name=\"Form 1 |  Video Meeting Request\" data-height=\"1195\" data-layout-iframe-id=\"inline-T5iQPyUZ9rzjDHBLc3Cs\" data-form-id=\"T5iQPyUZ9rzjDHBLc3Cs\" title=\"Formulaire 1 |  Demande de visioconf\u00e9rence\">\n<\/iframe>\n<script src=\"https:\/\/link.msgsndr.com\/js\/form_embed.js\"><\/script><\/div>\n\t\t\t\t\t\t<\/div>\n\t\t\t\t<\/div>\n\t\t\t\t<div class=\"elementor-element elementor-element-c2cfc74 elementor-tablet-align-center elementor-invisible elementor-widget elementor-widget-button\" data-id=\"c2cfc74\" data-element_type=\"widget\" data-e-type=\"widget\" data-settings=\"{&quot;_animation&quot;:&quot;fadeIn&quot;,&quot;_animation_delay&quot;:&quot;200&quot;}\" data-widget_type=\"button.default\">\n\t\t\t\t<div class=\"elementor-widget-container\">\n\t\t\t\t\t\t\t\t\t<div class=\"elementor-button-wrapper\">\n\t\t\t\t\t<a class=\"elementor-button elementor-button-link elementor-size-sm\" href=\"https:\/\/a-ward.com\/fr\/\">\n\t\t\t\t\t\t<span class=\"elementor-button-content-wrapper\">\n\t\t\t\t\t\t\t\t\t<span class=\"elementor-button-text\">Retour \u00e0 la maison<\/span>\n\t\t\t\t\t<\/span>\n\t\t\t\t\t<\/a>\n\t\t\t\t<\/div>\n\t\t\t\t\t\t\t\t<\/div>\n\t\t\t\t<\/div>\n\t\t\t\t<div class=\"elementor-element elementor-element-e9ed891 elementor-widget elementor-widget-spacer\" data-id=\"e9ed891\" data-element_type=\"widget\" data-e-type=\"widget\" data-widget_type=\"spacer.default\">\n\t\t\t\t<div class=\"elementor-widget-container\">\n\t\t\t\t\t\t\t<div class=\"elementor-spacer\">\n\t\t\t<div class=\"elementor-spacer-inner\"><\/div>\n\t\t<\/div>\n\t\t\t\t\t\t<\/div>\n\t\t\t\t<\/div>\n\t\t\t\t\t<\/div>\n\t\t<\/div>\n\t\t\t\t<div class=\"elementor-column elementor-col-50 elementor-top-column elementor-element elementor-element-48d2716\" data-id=\"48d2716\" data-element_type=\"column\" data-e-type=\"column\" data-settings=\"{&quot;background_background&quot;:&quot;classic&quot;}\">\n\t\t\t<div class=\"elementor-widget-wrap elementor-element-populated\">\n\t\t\t\t\t<div class=\"elementor-background-overlay\"><\/div>\n\t\t\t\t\t\t<div class=\"elementor-element elementor-element-0624511 elementor-widget elementor-widget-spacer\" data-id=\"0624511\" data-element_type=\"widget\" data-e-type=\"widget\" data-widget_type=\"spacer.default\">\n\t\t\t\t<div class=\"elementor-widget-container\">\n\t\t\t\t\t\t\t<div class=\"elementor-spacer\">\n\t\t\t<div class=\"elementor-spacer-inner\"><\/div>\n\t\t<\/div>\n\t\t\t\t\t\t<\/div>\n\t\t\t\t<\/div>\n\t\t\t\t\t<\/div>\n\t\t<\/div>\n\t\t\t\t\t<\/div>\n\t\t<\/section>\n\t\t\t\t<\/div>\n\t\t","protected":false},"excerpt":{"rendered":"<p>Je vous remercie Merci de vous \u00eatre inscrit \u00e0 notre Newsletter. Nous sommes impatients de vous tenir au courant des derni\u00e8res technologies en mati\u00e8re de chargement et de d\u00e9chargement de conteneurs. Pourriez-vous r\u00e9pondre \u00e0 quelques questions suppl\u00e9mentaires afin que nous puissions nous pr\u00e9parer \u00e0 notre rencontre avec vous. Retour \u00e0 la maison<\/p>\n","protected":false},"author":2,"featured_media":0,"parent":0,"menu_order":1,"comment_status":"closed","ping_status":"closed","template":"","meta":{"inline_featured_image":false,"footnotes":""},"class_list":["post-21015","page","type-page","status-publish","hentry"],"_links":{"self":[{"href":"https:\/\/a-ward.com\/fr\/wp-json\/wp\/v2\/pages\/21015","targetHints":{"allow":["GET"]}}],"collection":[{"href":"https:\/\/a-ward.com\/fr\/wp-json\/wp\/v2\/pages"}],"about":[{"href":"https:\/\/a-ward.com\/fr\/wp-json\/wp\/v2\/types\/page"}],"author":[{"embeddable":true,"href":"https:\/\/a-ward.com\/fr\/wp-json\/wp\/v2\/users\/2"}],"replies":[{"embeddable":true,"href":"https:\/\/a-ward.com\/fr\/wp-json\/wp\/v2\/comments?post=21015"}],"version-history":[{"count":13,"href":"https:\/\/a-ward.com\/fr\/wp-json\/wp\/v2\/pages\/21015\/revisions"}],"predecessor-version":[{"id":24408,"href":"https:\/\/a-ward.com\/fr\/wp-json\/wp\/v2\/pages\/21015\/revisions\/24408"}],"wp:attachment":[{"href":"https:\/\/a-ward.com\/fr\/wp-json\/wp\/v2\/media?parent=21015"}],"curies":[{"name":"wp","href":"https:\/\/api.w.org\/{rel}","templated":true}]}}