{"id":15750,"date":"2023-11-07T17:25:51","date_gmt":"2023-11-07T04:25:51","guid":{"rendered":"https:\/\/a-ward.websitereview.nz\/resine-plastique\/"},"modified":"2024-03-22T18:45:42","modified_gmt":"2024-03-22T05:45:42","slug":"resine-plastique","status":"publish","type":"page","link":"https:\/\/a-ward.com\/fr\/etudes-de-cas-1\/resine-plastique\/","title":{"rendered":"R\u00e9sine plastique"},"content":{"rendered":"\t\t<div data-elementor-type=\"wp-page\" data-elementor-id=\"15750\" class=\"elementor elementor-15750 elementor-15704\" data-elementor-post-type=\"page\">\n\t\t\t\t\t\t<section class=\"elementor-section elementor-top-section elementor-element elementor-element-1ec5cc5 elementor-section-height-min-height elementor-section-items-bottom elementor-section-boxed elementor-section-height-default\" data-id=\"1ec5cc5\" data-element_type=\"section\" data-e-type=\"section\" data-settings=\"{&quot;background_background&quot;:&quot;classic&quot;,&quot;jet_parallax_layout_list&quot;:[]}\">\n\t\t\t\t\t\t<div class=\"elementor-container elementor-column-gap-default\">\n\t\t\t\t\t<div class=\"elementor-column elementor-col-50 elementor-top-column elementor-element elementor-element-5bb4662\" data-id=\"5bb4662\" data-element_type=\"column\" data-e-type=\"column\">\n\t\t\t<div class=\"elementor-widget-wrap elementor-element-populated\">\n\t\t\t\t\t\t<div class=\"elementor-element elementor-element-3cc6993 red-dot elementor-widget elementor-widget-heading\" data-id=\"3cc6993\" data-element_type=\"widget\" data-e-type=\"widget\" data-widget_type=\"heading.default\">\n\t\t\t\t<div class=\"elementor-widget-container\">\n\t\t\t\t\t<h1 class=\"elementor-heading-title elementor-size-default\">R\u00e9sine plastique<\/h1>\t\t\t\t<\/div>\n\t\t\t\t<\/div>\n\t\t\t\t\t<\/div>\n\t\t<\/div>\n\t\t\t\t<div class=\"elementor-column elementor-col-50 elementor-top-column elementor-element elementor-element-d75a848 elementor-hidden-mobile_extra elementor-hidden-mobile\" data-id=\"d75a848\" data-element_type=\"column\" data-e-type=\"column\">\n\t\t\t<div class=\"elementor-widget-wrap\">\n\t\t\t\t\t\t\t<\/div>\n\t\t<\/div>\n\t\t\t\t\t<\/div>\n\t\t<\/section>\n\t\t\t\t<section class=\"elementor-section elementor-top-section elementor-element elementor-element-f63a91f section-margin-top-lg section-margin-bottom-lg elementor-section-boxed elementor-section-height-default elementor-section-height-default\" data-id=\"f63a91f\" data-element_type=\"section\" data-e-type=\"section\" data-settings=\"{&quot;jet_parallax_layout_list&quot;:[]}\">\n\t\t\t\t\t\t<div class=\"elementor-container elementor-column-gap-default\">\n\t\t\t\t\t<div class=\"elementor-column elementor-col-50 elementor-top-column elementor-element elementor-element-67aae99\" data-id=\"67aae99\" data-element_type=\"column\" data-e-type=\"column\">\n\t\t\t<div class=\"elementor-widget-wrap elementor-element-populated\">\n\t\t\t\t\t\t<div class=\"elementor-element elementor-element-6f1169f elementor-widget elementor-widget-template\" data-id=\"6f1169f\" data-element_type=\"widget\" data-e-type=\"widget\" data-widget_type=\"template.default\">\n\t\t\t\t<div class=\"elementor-widget-container\">\n\t\t\t\t\t\t\t<div class=\"elementor-template\">\n\t\t\t\t\t<div data-elementor-type=\"section\" data-elementor-id=\"16974\" class=\"elementor elementor-16974 elementor-16951 elementor-16951\" data-elementor-post-type=\"elementor_library\">\n\t\t\t\t\t<section class=\"elementor-section elementor-inner-section elementor-element elementor-element-73db2ad4 elementor-section-boxed elementor-section-height-default elementor-section-height-default\" data-id=\"73db2ad4\" data-element_type=\"section\" data-e-type=\"section\" data-settings=\"{&quot;jet_parallax_layout_list&quot;:[]}\">\n\t\t\t\t\t\t<div class=\"elementor-container elementor-column-gap-default\">\n\t\t\t<a class=\"eael-wrapper-link-37098499 --eael-wrapper-link-tag\" href=\"https:\/\/a-ward.com\/case-studies\/plastic-resin\/coca-cola\/\"><\/a>\t\t<div data-eael-wrapper-link=\"eael-wrapper-link-37098499\" class=\"elementor-column elementor-col-50 elementor-inner-column elementor-element elementor-element-37098499\" data-id=\"37098499\" data-element_type=\"column\" data-e-type=\"column\" data-settings=\"{&quot;background_background&quot;:&quot;classic&quot;}\">\n\t\t\t<div class=\"elementor-widget-wrap elementor-element-populated\">\n\t\t\t\t\t\t<div class=\"elementor-element elementor-element-79e88b95 elementor-widget elementor-widget-spacer\" data-id=\"79e88b95\" data-element_type=\"widget\" data-e-type=\"widget\" data-widget_type=\"spacer.default\">\n\t\t\t\t<div class=\"elementor-widget-container\">\n\t\t\t\t\t\t\t<div class=\"elementor-spacer\">\n\t\t\t<div class=\"elementor-spacer-inner\"><\/div>\n\t\t<\/div>\n\t\t\t\t\t\t<\/div>\n\t\t\t\t<\/div>\n\t\t\t\t\t<\/div>\n\t\t<\/div>\n\t\t\t\t<div class=\"elementor-column elementor-col-50 elementor-inner-column elementor-element elementor-element-7b6a23ac match-height-column\" data-id=\"7b6a23ac\" data-element_type=\"column\" data-e-type=\"column\" data-settings=\"{&quot;background_background&quot;:&quot;classic&quot;}\">\n\t\t\t<div class=\"elementor-widget-wrap elementor-element-populated\">\n\t\t\t\t\t\t<div class=\"elementor-element elementor-element-62fc329b red-dot elementor-widget elementor-widget-heading\" data-id=\"62fc329b\" data-element_type=\"widget\" data-e-type=\"widget\" data-widget_type=\"heading.default\">\n\t\t\t\t<div class=\"elementor-widget-container\">\n\t\t\t\t\t<h5 class=\"elementor-heading-title elementor-size-default\"><a href=\"https:\/\/a-ward.com\/fr\/etudes-de-cas-1\/resine-plastique\/coca-cola\/\">Coca-cola<\/a><\/h5>\t\t\t\t<\/div>\n\t\t\t\t<\/div>\n\t\t\t\t<div class=\"elementor-element elementor-element-2524ad3d elementor-widget elementor-widget-text-editor\" data-id=\"2524ad3d\" data-element_type=\"widget\" data-e-type=\"widget\" data-widget_type=\"text-editor.default\">\n\t\t\t\t<div class=\"elementor-widget-container\">\n\t\t\t\t\t\t\t\t\t<p>Les produits Coca-Cola sont vendus dans plus de 200 pays \u00e0 travers le monde, et les consommateurs boivent plus de 1,8 milliard de portions de boissons chaque jour.<\/p>\n\t\t\t\t\t\t\t\t<\/div>\n\t\t\t\t<\/div>\n\t\t\t\t<div class=\"elementor-element elementor-element-513ed153 elementor-widget elementor-widget-heading\" data-id=\"513ed153\" data-element_type=\"widget\" data-e-type=\"widget\" data-widget_type=\"heading.default\">\n\t\t\t\t<div class=\"elementor-widget-container\">\n\t\t\t\t\t<span class=\"elementor-heading-title elementor-size-default\"><a href=\"https:\/\/a-ward.com\/fr\/etudes-de-cas-1\/resine-plastique\/coca-cola\/\">Lire la suite...<\/a><\/span>\t\t\t\t<\/div>\n\t\t\t\t<\/div>\n\t\t\t\t\t<\/div>\n\t\t<\/div>\n\t\t\t\t\t<\/div>\n\t\t<\/section>\n\t\t\t\t<\/div>\n\t\t\t\t<\/div>\n\t\t\t\t\t\t<\/div>\n\t\t\t\t<\/div>\n\t\t\t\t\t<\/div>\n\t\t<\/div>\n\t\t\t\t<div class=\"elementor-column elementor-col-50 elementor-top-column elementor-element elementor-element-5814d8a\" data-id=\"5814d8a\" data-element_type=\"column\" data-e-type=\"column\">\n\t\t\t<div class=\"elementor-widget-wrap elementor-element-populated\">\n\t\t\t\t\t\t<div class=\"elementor-element elementor-element-2830863 elementor-widget elementor-widget-template\" data-id=\"2830863\" data-element_type=\"widget\" data-e-type=\"widget\" data-widget_type=\"template.default\">\n\t\t\t\t<div class=\"elementor-widget-container\">\n\t\t\t\t\t\t\t<div class=\"elementor-template\">\n\t\t\t\t\t<div data-elementor-type=\"section\" data-elementor-id=\"16983\" class=\"elementor elementor-16983 elementor-16950 elementor-16950\" data-elementor-post-type=\"elementor_library\">\n\t\t\t\t\t<section class=\"elementor-section elementor-inner-section elementor-element elementor-element-73db2ad4 elementor-section-boxed elementor-section-height-default elementor-section-height-default\" data-id=\"73db2ad4\" data-element_type=\"section\" data-e-type=\"section\" data-settings=\"{&quot;jet_parallax_layout_list&quot;:[]}\">\n\t\t\t\t\t\t<div class=\"elementor-container elementor-column-gap-default\">\n\t\t\t<a class=\"eael-wrapper-link-37098499 --eael-wrapper-link-tag\" href=\"https:\/\/a-ward.com\/case-studies\/plastic-resin\/leading-plastic-bottle-manufacturer\/\"><\/a>\t\t<div data-eael-wrapper-link=\"eael-wrapper-link-37098499\" class=\"elementor-column elementor-col-50 elementor-inner-column elementor-element elementor-element-37098499\" data-id=\"37098499\" data-element_type=\"column\" data-e-type=\"column\" data-settings=\"{&quot;background_background&quot;:&quot;classic&quot;}\">\n\t\t\t<div class=\"elementor-widget-wrap elementor-element-populated\">\n\t\t\t\t\t\t<div class=\"elementor-element elementor-element-79e88b95 elementor-widget elementor-widget-spacer\" data-id=\"79e88b95\" data-element_type=\"widget\" data-e-type=\"widget\" data-widget_type=\"spacer.default\">\n\t\t\t\t<div class=\"elementor-widget-container\">\n\t\t\t\t\t\t\t<div class=\"elementor-spacer\">\n\t\t\t<div class=\"elementor-spacer-inner\"><\/div>\n\t\t<\/div>\n\t\t\t\t\t\t<\/div>\n\t\t\t\t<\/div>\n\t\t\t\t\t<\/div>\n\t\t<\/div>\n\t\t\t\t<div class=\"elementor-column elementor-col-50 elementor-inner-column elementor-element elementor-element-7b6a23ac match-height-column\" data-id=\"7b6a23ac\" data-element_type=\"column\" data-e-type=\"column\" data-settings=\"{&quot;background_background&quot;:&quot;classic&quot;}\">\n\t\t\t<div class=\"elementor-widget-wrap elementor-element-populated\">\n\t\t\t\t\t\t<div class=\"elementor-element elementor-element-62fc329b red-dot elementor-widget elementor-widget-heading\" data-id=\"62fc329b\" data-element_type=\"widget\" data-e-type=\"widget\" data-widget_type=\"heading.default\">\n\t\t\t\t<div class=\"elementor-widget-container\">\n\t\t\t\t\t<h5 class=\"elementor-heading-title elementor-size-default\"><a href=\"https:\/\/a-ward.com\/fr\/etudes-de-cas-1\/resine-plastique\/premier-fabricant-de-bouteilles-en-plastique\/\">Premier fabricant de bouteilles en plastique<\/a><\/h5>\t\t\t\t<\/div>\n\t\t\t\t<\/div>\n\t\t\t\t<div class=\"elementor-element elementor-element-2524ad3d elementor-widget elementor-widget-text-editor\" data-id=\"2524ad3d\" data-element_type=\"widget\" data-e-type=\"widget\" data-widget_type=\"text-editor.default\">\n\t\t\t\t<div class=\"elementor-widget-container\">\n\t\t\t\t\t\t\t\t\t<p>Ce fabricant de bouteilles en plastique de premier plan dessert les principales usines d\u2019embouteillage au Mexique, telles que Coca Cola, pour r\u00e9aliser une large gamme de types de bouteilles en plastique souple.<\/p>\n\t\t\t\t\t\t\t\t<\/div>\n\t\t\t\t<\/div>\n\t\t\t\t<div class=\"elementor-element elementor-element-513ed153 elementor-widget elementor-widget-heading\" data-id=\"513ed153\" data-element_type=\"widget\" data-e-type=\"widget\" data-widget_type=\"heading.default\">\n\t\t\t\t<div class=\"elementor-widget-container\">\n\t\t\t\t\t<span class=\"elementor-heading-title elementor-size-default\"><a href=\"https:\/\/a-ward.com\/fr\/etudes-de-cas-1\/resine-plastique\/premier-fabricant-de-bouteilles-en-plastique\/\">Lire la suite...<\/a><\/span>\t\t\t\t<\/div>\n\t\t\t\t<\/div>\n\t\t\t\t\t<\/div>\n\t\t<\/div>\n\t\t\t\t\t<\/div>\n\t\t<\/section>\n\t\t\t\t<\/div>\n\t\t\t\t<\/div>\n\t\t\t\t\t\t<\/div>\n\t\t\t\t<\/div>\n\t\t\t\t\t<\/div>\n\t\t<\/div>\n\t\t\t\t\t<\/div>\n\t\t<\/section>\n\t\t\t\t<section class=\"elementor-section elementor-top-section elementor-element elementor-element-dea03ef section-margin-top-md section-margin-bottom-lg elementor-section-boxed elementor-section-height-default elementor-section-height-default\" data-id=\"dea03ef\" data-element_type=\"section\" data-e-type=\"section\" data-settings=\"{&quot;jet_parallax_layout_list&quot;:[]}\">\n\t\t\t\t\t\t<div class=\"elementor-container elementor-column-gap-default\">\n\t\t\t\t\t<div class=\"elementor-column elementor-col-50 elementor-top-column elementor-element elementor-element-6830ba7\" data-id=\"6830ba7\" data-element_type=\"column\" data-e-type=\"column\">\n\t\t\t<div class=\"elementor-widget-wrap elementor-element-populated\">\n\t\t\t\t\t\t<div class=\"elementor-element elementor-element-457b9da red-dot elementor-widget elementor-widget-text-editor\" data-id=\"457b9da\" data-element_type=\"widget\" data-e-type=\"widget\" data-widget_type=\"text-editor.default\">\n\t\t\t\t<div class=\"elementor-widget-container\">\n\t\t\t\t\t\t\t\t\t<h2>Mais qu\u2019en est-il d\u2019une solution <span style=\"color: #f31416; white-space: nowrap;\">A-Ward<\/span> ?<\/h2>\n\t\t\t\t\t\t\t\t<\/div>\n\t\t\t\t<\/div>\n\t\t\t\t<div class=\"elementor-element elementor-element-aef21b8 elementor-widget elementor-widget-text-editor\" data-id=\"aef21b8\" data-element_type=\"widget\" data-e-type=\"widget\" data-widget_type=\"text-editor.default\">\n\t\t\t\t<div class=\"elementor-widget-container\">\n\t\t\t\t\t\t\t\t\t<p>Cliquez sur la vid\u00e9o pour voir les syst\u00e8mes de chargement de conteneurs A-Ward en action.<\/p>\n\t\t\t\t\t\t\t\t<\/div>\n\t\t\t\t<\/div>\n\t\t\t\t<div class=\"elementor-element elementor-element-cd4bd1f elementor-tablet-align-right elementor-mobile_extra-align-justify elementor-widget elementor-widget-global elementor-global-2647 elementor-global-2642 elementor-widget-button\" data-id=\"cd4bd1f\" data-element_type=\"widget\" data-e-type=\"widget\" data-widget_type=\"button.default\">\n\t\t\t\t<div class=\"elementor-widget-container\">\n\t\t\t\t\t\t\t\t\t<div class=\"elementor-button-wrapper\">\n\t\t\t\t\t<a class=\"elementor-button elementor-button-link elementor-size-sm\" href=\"https:\/\/a-ward.com\/fr\/reservez-une-visioconference\/\">\n\t\t\t\t\t\t<span class=\"elementor-button-content-wrapper\">\n\t\t\t\t\t\t\t\t\t<span class=\"elementor-button-text\">Demander une visioconf\u00e9rence<\/span>\n\t\t\t\t\t<\/span>\n\t\t\t\t\t<\/a>\n\t\t\t\t<\/div>\n\t\t\t\t\t\t\t\t<\/div>\n\t\t\t\t<\/div>\n\t\t\t\t\t<\/div>\n\t\t<\/div>\n\t\t\t\t<div class=\"elementor-column elementor-col-50 elementor-top-column elementor-element elementor-element-8bebf39\" data-id=\"8bebf39\" data-element_type=\"column\" data-e-type=\"column\">\n\t\t\t<div class=\"elementor-widget-wrap elementor-element-populated\">\n\t\t\t\t\t\t<div class=\"elementor-element elementor-element-e8243d5 elementor-widget elementor-widget-smartvideo\" data-id=\"e8243d5\" data-element_type=\"widget\" data-e-type=\"widget\" data-widget_type=\"smartvideo.default\">\n\t\t\t\t<div class=\"elementor-widget-container\">\n\t\t\t\t\t<smartvideo src=\"https:\/\/a-ward.com\/wp-content\/uploads\/2024\/02\/A-Ward-3D-Project-2024-01-Mastered.mp4\" width=\"800\" height=\"534\" poster=\"https:\/\/a-ward.com\/wp-content\/uploads\/2023\/07\/video-bg-loading.jpg\" class=\"swarm-fluid\"    controls ><\/smartvideo>\t\t\t\t<\/div>\n\t\t\t\t<\/div>\n\t\t\t\t\t<\/div>\n\t\t<\/div>\n\t\t\t\t\t<\/div>\n\t\t<\/section>\n\t\t\t\t<section class=\"elementor-section elementor-top-section elementor-element elementor-element-9da123a section-margin-top-lg section-margin-bottom-lg elementor-section-boxed elementor-section-height-default elementor-section-height-default\" data-id=\"9da123a\" data-element_type=\"section\" data-e-type=\"section\" data-settings=\"{&quot;jet_parallax_layout_list&quot;:[]}\">\n\t\t\t\t\t\t<div class=\"elementor-container elementor-column-gap-default\">\n\t\t\t\t\t<div class=\"elementor-column elementor-col-100 elementor-top-column elementor-element elementor-element-d06b13d\" data-id=\"d06b13d\" data-element_type=\"column\" data-e-type=\"column\">\n\t\t\t<div class=\"elementor-widget-wrap elementor-element-populated\">\n\t\t\t\t\t\t<div class=\"elementor-element elementor-element-de72a12 elementor-align-right elementor-widget elementor-widget-button\" data-id=\"de72a12\" data-element_type=\"widget\" data-e-type=\"widget\" data-widget_type=\"button.default\">\n\t\t\t\t<div class=\"elementor-widget-container\">\n\t\t\t\t\t\t\t\t\t<div class=\"elementor-button-wrapper\">\n\t\t\t\t\t<a class=\"elementor-button elementor-button-link elementor-size-sm\" href=\"https:\/\/a-ward.com\/fr\/etudes-de-cas-1\/\">\n\t\t\t\t\t\t<span class=\"elementor-button-content-wrapper\">\n\t\t\t\t\t\t<span class=\"elementor-button-icon\">\n\t\t\t\t<svg aria-hidden=\"true\" class=\"e-font-icon-svg e-fas-arrow-left\" viewBox=\"0 0 448 512\" xmlns=\"http:\/\/www.w3.org\/2000\/svg\"><path d=\"M257.5 445.1l-22.2 22.2c-9.4 9.4-24.6 9.4-33.9 0L7 273c-9.4-9.4-9.4-24.6 0-33.9L201.4 44.7c9.4-9.4 24.6-9.4 33.9 0l22.2 22.2c9.5 9.5 9.3 25-.4 34.3L136.6 216H424c13.3 0 24 10.7 24 24v32c0 13.3-10.7 24-24 24H136.6l120.5 114.8c9.8 9.3 10 24.8.4 34.3z\"><\/path><\/svg>\t\t\t<\/span>\n\t\t\t\t\t\t\t\t\t<span class=\"elementor-button-text\">Retour aux \u00e9tudes de cas<\/span>\n\t\t\t\t\t<\/span>\n\t\t\t\t\t<\/a>\n\t\t\t\t<\/div>\n\t\t\t\t\t\t\t\t<\/div>\n\t\t\t\t<\/div>\n\t\t\t\t\t<\/div>\n\t\t<\/div>\n\t\t\t\t\t<\/div>\n\t\t<\/section>\n\t\t\t\t<\/div>\n\t\t","protected":false},"excerpt":{"rendered":"<p>R\u00e9sine plastique Mais qu\u2019en est-il d\u2019une solution A-Ward ? Cliquez sur la vid\u00e9o pour voir les syst\u00e8mes de chargement de conteneurs A-Ward en action. Request Video Meeting Retour aux \u00e9tudes de cas<\/p>\n","protected":false},"author":2,"featured_media":0,"parent":15639,"menu_order":0,"comment_status":"closed","ping_status":"closed","template":"","meta":{"inline_featured_image":false,"footnotes":""},"class_list":["post-15750","page","type-page","status-publish","hentry"],"_links":{"self":[{"href":"https:\/\/a-ward.com\/fr\/wp-json\/wp\/v2\/pages\/15750","targetHints":{"allow":["GET"]}}],"collection":[{"href":"https:\/\/a-ward.com\/fr\/wp-json\/wp\/v2\/pages"}],"about":[{"href":"https:\/\/a-ward.com\/fr\/wp-json\/wp\/v2\/types\/page"}],"author":[{"embeddable":true,"href":"https:\/\/a-ward.com\/fr\/wp-json\/wp\/v2\/users\/2"}],"replies":[{"embeddable":true,"href":"https:\/\/a-ward.com\/fr\/wp-json\/wp\/v2\/comments?post=15750"}],"version-history":[{"count":15,"href":"https:\/\/a-ward.com\/fr\/wp-json\/wp\/v2\/pages\/15750\/revisions"}],"predecessor-version":[{"id":23590,"href":"https:\/\/a-ward.com\/fr\/wp-json\/wp\/v2\/pages\/15750\/revisions\/23590"}],"up":[{"embeddable":true,"href":"https:\/\/a-ward.com\/fr\/wp-json\/wp\/v2\/pages\/15639"}],"wp:attachment":[{"href":"https:\/\/a-ward.com\/fr\/wp-json\/wp\/v2\/media?parent=15750"}],"curies":[{"name":"wp","href":"https:\/\/api.w.org\/{rel}","templated":true}]}}