{"id":15639,"date":"2023-11-07T17:07:53","date_gmt":"2023-11-07T04:07:53","guid":{"rendered":"https:\/\/a-ward.websitereview.nz\/etudes-de-cas-1\/"},"modified":"2024-04-03T11:00:20","modified_gmt":"2024-04-02T22:00:20","slug":"etudes-de-cas-1","status":"publish","type":"page","link":"https:\/\/a-ward.com\/fr\/etudes-de-cas-1\/","title":{"rendered":"\u00c9tude de cas"},"content":{"rendered":"\t\t<div data-elementor-type=\"wp-page\" data-elementor-id=\"15639\" class=\"elementor elementor-15639 elementor-15636\" data-elementor-post-type=\"page\">\n\t\t\t\t\t\t<section class=\"elementor-section elementor-top-section elementor-element elementor-element-1634f11 elementor-section-height-min-height elementor-section-content-middle elementor-section-items-bottom elementor-section-boxed elementor-section-height-default\" data-id=\"1634f11\" data-element_type=\"section\" data-e-type=\"section\" data-settings=\"{&quot;background_background&quot;:&quot;classic&quot;,&quot;jet_parallax_layout_list&quot;:[]}\">\n\t\t\t\t\t\t<div class=\"elementor-container elementor-column-gap-default\">\n\t\t\t\t\t<div class=\"elementor-column elementor-col-50 elementor-top-column elementor-element elementor-element-cfc34f1\" data-id=\"cfc34f1\" data-element_type=\"column\" data-e-type=\"column\">\n\t\t\t<div class=\"elementor-widget-wrap elementor-element-populated\">\n\t\t\t\t\t\t<div class=\"elementor-element elementor-element-13b8439 red-dot elementor-widget elementor-widget-heading\" data-id=\"13b8439\" data-element_type=\"widget\" data-e-type=\"widget\" data-widget_type=\"heading.default\">\n\t\t\t\t<div class=\"elementor-widget-container\">\n\t\t\t\t\t<h1 class=\"elementor-heading-title elementor-size-default\">\u00c9tude de cas<\/h1>\t\t\t\t<\/div>\n\t\t\t\t<\/div>\n\t\t\t\t\t<\/div>\n\t\t<\/div>\n\t\t\t\t<div class=\"elementor-column elementor-col-50 elementor-top-column elementor-element elementor-element-2934d9e elementor-hidden-mobile_extra elementor-hidden-mobile\" data-id=\"2934d9e\" data-element_type=\"column\" data-e-type=\"column\">\n\t\t\t<div class=\"elementor-widget-wrap\">\n\t\t\t\t\t\t\t<\/div>\n\t\t<\/div>\n\t\t\t\t\t<\/div>\n\t\t<\/section>\n\t\t\t\t<section class=\"elementor-section elementor-top-section elementor-element elementor-element-6714e12 section-margin-top-lg elementor-section-boxed elementor-section-height-default elementor-section-height-default\" data-id=\"6714e12\" data-element_type=\"section\" data-e-type=\"section\" data-settings=\"{&quot;jet_parallax_layout_list&quot;:[]}\">\n\t\t\t\t\t\t<div class=\"elementor-container elementor-column-gap-default\">\n\t\t\t\t\t<div class=\"elementor-column elementor-col-100 elementor-top-column elementor-element elementor-element-408ec5b\" data-id=\"408ec5b\" data-element_type=\"column\" data-e-type=\"column\">\n\t\t\t<div class=\"elementor-widget-wrap elementor-element-populated\">\n\t\t\t\t\t\t<div class=\"elementor-element elementor-element-bf999f8 elementor-widget elementor-widget-heading\" data-id=\"bf999f8\" data-element_type=\"widget\" data-e-type=\"widget\" data-widget_type=\"heading.default\">\n\t\t\t\t<div class=\"elementor-widget-container\">\n\t\t\t\t\t<h3 class=\"elementor-heading-title elementor-size-default\">Solutions in\u00e9dites au monde,  \nTest\u00e9 et \u00e9prouv\u00e9  \nL\u00e0 o\u00f9 \u00e7a compte<\/h3>\t\t\t\t<\/div>\n\t\t\t\t<\/div>\n\t\t\t\t<div class=\"elementor-element elementor-element-0432e41 elementor-widget elementor-widget-text-editor\" data-id=\"0432e41\" data-element_type=\"widget\" data-e-type=\"widget\" data-widget_type=\"text-editor.default\">\n\t\t\t\t<div class=\"elementor-widget-container\">\n\t\t\t\t\t\t\t\t\t<p>A-Ward aide les gestionnaires qui s&rsquo;inqui\u00e8tent des inefficacit\u00e9s caus\u00e9es par la fa\u00e7on dont leurs mat\u00e9riaux en vrac sont actuellement charg\u00e9s ou d\u00e9charg\u00e9s dans des conteneurs. Dans le cas de projets r\u00e9cents, les clients de A-Ward ont r\u00e9alis\u00e9 28 \u00e9conomies de co\u00fbts en moyenne tout en \u00e9liminant tous les probl\u00e8mes de s\u00e9curit\u00e9.<\/p>\n\t\t\t\t\t\t\t\t<\/div>\n\t\t\t\t<\/div>\n\t\t\t\t\t<\/div>\n\t\t<\/div>\n\t\t\t\t\t<\/div>\n\t\t<\/section>\n\t\t\t\t<section class=\"elementor-section elementor-top-section elementor-element elementor-element-69c092c section-margin-top-md elementor-section-boxed elementor-section-height-default elementor-section-height-default\" data-id=\"69c092c\" data-element_type=\"section\" data-e-type=\"section\" data-settings=\"{&quot;jet_parallax_layout_list&quot;:[]}\">\n\t\t\t\t\t\t<div class=\"elementor-container elementor-column-gap-wide\">\n\t\t\t\t\t<div class=\"elementor-column elementor-col-33 elementor-top-column elementor-element elementor-element-4ccd122\" data-id=\"4ccd122\" data-element_type=\"column\" data-e-type=\"column\">\n\t\t\t<div class=\"elementor-widget-wrap elementor-element-populated\">\n\t\t\t\t\t\t<div class=\"elementor-element elementor-element-df56114 elementor-widget elementor-widget-image\" data-id=\"df56114\" data-element_type=\"widget\" data-e-type=\"widget\" data-widget_type=\"image.default\">\n\t\t\t\t<div class=\"elementor-widget-container\">\n\t\t\t\t\t\t\t\t\t\t\t\t\t\t\t\t<a href=\"https:\/\/a-ward.com\/fr\/etudes-de-cas-1\/agriculture\/\">\n\t\t\t\t\t\t\t<img fetchpriority=\"high\" decoding=\"async\" width=\"961\" height=\"1021\" src=\"https:\/\/a-ward.com\/wp-content\/uploads\/2023\/11\/Agricuture.1.jpg\" class=\"attachment-full size-full wp-image-15680\" alt=\"\" srcset=\"https:\/\/a-ward.com\/wp-content\/uploads\/2023\/11\/Agricuture.1.jpg 961w, https:\/\/a-ward.com\/wp-content\/uploads\/2023\/11\/Agricuture.1-282x300.jpg 282w, https:\/\/a-ward.com\/wp-content\/uploads\/2023\/11\/Agricuture.1-768x816.jpg 768w\" sizes=\"(max-width: 961px) 100vw, 961px\">\t\t\t\t\t\t\t\t<\/a>\n\t\t\t\t\t\t\t\t\t\t\t\t\t\t\t<\/div>\n\t\t\t\t<\/div>\n\t\t\t\t\t<\/div>\n\t\t<\/div>\n\t\t\t\t<div class=\"elementor-column elementor-col-33 elementor-top-column elementor-element elementor-element-dd923ed\" data-id=\"dd923ed\" data-element_type=\"column\" data-e-type=\"column\">\n\t\t\t<div class=\"elementor-widget-wrap elementor-element-populated\">\n\t\t\t\t\t\t<div class=\"elementor-element elementor-element-8ed9287 elementor-widget elementor-widget-image\" data-id=\"8ed9287\" data-element_type=\"widget\" data-e-type=\"widget\" data-widget_type=\"image.default\">\n\t\t\t\t<div class=\"elementor-widget-container\">\n\t\t\t\t\t\t\t\t\t\t\t\t\t\t\t\t<a href=\"https:\/\/a-ward.com\/fr\/etudes-de-cas-1\/aliments-et-boissons\/\">\n\t\t\t\t\t\t\t<img decoding=\"async\" width=\"961\" height=\"1021\" src=\"https:\/\/a-ward.com\/wp-content\/uploads\/2023\/11\/Food-Beverage.1.jpg\" class=\"attachment-full size-full wp-image-15672\" alt=\"\" srcset=\"https:\/\/a-ward.com\/wp-content\/uploads\/2023\/11\/Food-Beverage.1.jpg 961w, https:\/\/a-ward.com\/wp-content\/uploads\/2023\/11\/Food-Beverage.1-282x300.jpg 282w, https:\/\/a-ward.com\/wp-content\/uploads\/2023\/11\/Food-Beverage.1-768x816.jpg 768w\" sizes=\"(max-width: 961px) 100vw, 961px\">\t\t\t\t\t\t\t\t<\/a>\n\t\t\t\t\t\t\t\t\t\t\t\t\t\t\t<\/div>\n\t\t\t\t<\/div>\n\t\t\t\t\t<\/div>\n\t\t<\/div>\n\t\t\t\t<div class=\"elementor-column elementor-col-33 elementor-top-column elementor-element elementor-element-f97443f\" data-id=\"f97443f\" data-element_type=\"column\" data-e-type=\"column\">\n\t\t\t<div class=\"elementor-widget-wrap elementor-element-populated\">\n\t\t\t\t\t\t<div class=\"elementor-element elementor-element-6d29bc4 elementor-widget elementor-widget-image\" data-id=\"6d29bc4\" data-element_type=\"widget\" data-e-type=\"widget\" data-widget_type=\"image.default\">\n\t\t\t\t<div class=\"elementor-widget-container\">\n\t\t\t\t\t\t\t\t\t\t\t\t\t\t\t\t<a href=\"https:\/\/a-ward.com\/fr\/etudes-de-cas-1\/dechets-et-recyclage\/\">\n\t\t\t\t\t\t\t<img decoding=\"async\" width=\"961\" height=\"1021\" src=\"https:\/\/a-ward.com\/wp-content\/uploads\/2023\/11\/Waste-Recycling.1.jpg\" class=\"attachment-full size-full wp-image-15692\" alt=\"\" srcset=\"https:\/\/a-ward.com\/wp-content\/uploads\/2023\/11\/Waste-Recycling.1.jpg 961w, https:\/\/a-ward.com\/wp-content\/uploads\/2023\/11\/Waste-Recycling.1-282x300.jpg 282w, https:\/\/a-ward.com\/wp-content\/uploads\/2023\/11\/Waste-Recycling.1-768x816.jpg 768w\" sizes=\"(max-width: 961px) 100vw, 961px\">\t\t\t\t\t\t\t\t<\/a>\n\t\t\t\t\t\t\t\t\t\t\t\t\t\t\t<\/div>\n\t\t\t\t<\/div>\n\t\t\t\t\t<\/div>\n\t\t<\/div>\n\t\t\t\t\t<\/div>\n\t\t<\/section>\n\t\t\t\t<section class=\"elementor-section elementor-top-section elementor-element elementor-element-e1cf1fb section-margin-bottom-lg elementor-section-boxed elementor-section-height-default elementor-section-height-default\" data-id=\"e1cf1fb\" data-element_type=\"section\" data-e-type=\"section\" data-settings=\"{&quot;jet_parallax_layout_list&quot;:[]}\">\n\t\t\t\t\t\t<div class=\"elementor-container elementor-column-gap-wide\">\n\t\t\t\t\t<div class=\"elementor-column elementor-col-33 elementor-top-column elementor-element elementor-element-98c8339\" data-id=\"98c8339\" data-element_type=\"column\" data-e-type=\"column\">\n\t\t\t<div class=\"elementor-widget-wrap elementor-element-populated\">\n\t\t\t\t\t\t<div class=\"elementor-element elementor-element-0bced8e elementor-widget elementor-widget-image\" data-id=\"0bced8e\" data-element_type=\"widget\" data-e-type=\"widget\" data-widget_type=\"image.default\">\n\t\t\t\t<div class=\"elementor-widget-container\">\n\t\t\t\t\t\t\t\t\t\t\t\t\t\t\t\t<a href=\"https:\/\/a-ward.com\/fr\/etudes-de-cas-1\/chimique\/\">\n\t\t\t\t\t\t\t<img loading=\"lazy\" decoding=\"async\" width=\"961\" height=\"1021\" src=\"https:\/\/a-ward.com\/wp-content\/uploads\/2023\/11\/Chemical.1.jpg\" class=\"attachment-full size-full wp-image-15683\" alt=\"\" srcset=\"https:\/\/a-ward.com\/wp-content\/uploads\/2023\/11\/Chemical.1.jpg 961w, https:\/\/a-ward.com\/wp-content\/uploads\/2023\/11\/Chemical.1-282x300.jpg 282w, https:\/\/a-ward.com\/wp-content\/uploads\/2023\/11\/Chemical.1-768x816.jpg 768w\" sizes=\"(max-width: 961px) 100vw, 961px\">\t\t\t\t\t\t\t\t<\/a>\n\t\t\t\t\t\t\t\t\t\t\t\t\t\t\t<\/div>\n\t\t\t\t<\/div>\n\t\t\t\t\t<\/div>\n\t\t<\/div>\n\t\t\t\t<div class=\"elementor-column elementor-col-33 elementor-top-column elementor-element elementor-element-3c88015\" data-id=\"3c88015\" data-element_type=\"column\" data-e-type=\"column\">\n\t\t\t<div class=\"elementor-widget-wrap elementor-element-populated\">\n\t\t\t\t\t\t<div class=\"elementor-element elementor-element-100c6c4 elementor-widget elementor-widget-image\" data-id=\"100c6c4\" data-element_type=\"widget\" data-e-type=\"widget\" data-widget_type=\"image.default\">\n\t\t\t\t<div class=\"elementor-widget-container\">\n\t\t\t\t\t\t\t\t\t\t\t\t\t\t\t\t<a href=\"https:\/\/a-ward.com\/fr\/etudes-de-cas-1\/resine-plastique\/\">\n\t\t\t\t\t\t\t<img loading=\"lazy\" decoding=\"async\" width=\"961\" height=\"1021\" src=\"https:\/\/a-ward.com\/wp-content\/uploads\/2023\/11\/Plastic-Resin.jpg\" class=\"attachment-full size-full wp-image-15681\" alt=\"\" srcset=\"https:\/\/a-ward.com\/wp-content\/uploads\/2023\/11\/Plastic-Resin.jpg 961w, https:\/\/a-ward.com\/wp-content\/uploads\/2023\/11\/Plastic-Resin-282x300.jpg 282w, https:\/\/a-ward.com\/wp-content\/uploads\/2023\/11\/Plastic-Resin-768x816.jpg 768w\" sizes=\"(max-width: 961px) 100vw, 961px\">\t\t\t\t\t\t\t\t<\/a>\n\t\t\t\t\t\t\t\t\t\t\t\t\t\t\t<\/div>\n\t\t\t\t<\/div>\n\t\t\t\t\t<\/div>\n\t\t<\/div>\n\t\t\t\t<div class=\"elementor-column elementor-col-33 elementor-top-column elementor-element elementor-element-4f2caec\" data-id=\"4f2caec\" data-element_type=\"column\" data-e-type=\"column\">\n\t\t\t<div class=\"elementor-widget-wrap elementor-element-populated\">\n\t\t\t\t\t\t<div class=\"elementor-element elementor-element-9d1d818 elementor-widget elementor-widget-image\" data-id=\"9d1d818\" data-element_type=\"widget\" data-e-type=\"widget\" data-widget_type=\"image.default\">\n\t\t\t\t<div class=\"elementor-widget-container\">\n\t\t\t\t\t\t\t\t\t\t\t\t\t\t\t\t<a href=\"https:\/\/a-ward.com\/fr\/etudes-de-cas-1\/mines-et-mineraux\/\">\n\t\t\t\t\t\t\t<img loading=\"lazy\" decoding=\"async\" width=\"961\" height=\"1021\" src=\"https:\/\/a-ward.com\/wp-content\/uploads\/2023\/11\/Mining-Minerals.1.jpg\" class=\"attachment-full size-full wp-image-15684\" alt=\"\" srcset=\"https:\/\/a-ward.com\/wp-content\/uploads\/2023\/11\/Mining-Minerals.1.jpg 961w, https:\/\/a-ward.com\/wp-content\/uploads\/2023\/11\/Mining-Minerals.1-282x300.jpg 282w, https:\/\/a-ward.com\/wp-content\/uploads\/2023\/11\/Mining-Minerals.1-768x816.jpg 768w\" sizes=\"(max-width: 961px) 100vw, 961px\">\t\t\t\t\t\t\t\t<\/a>\n\t\t\t\t\t\t\t\t\t\t\t\t\t\t\t<\/div>\n\t\t\t\t<\/div>\n\t\t\t\t\t<\/div>\n\t\t<\/div>\n\t\t\t\t\t<\/div>\n\t\t<\/section>\n\t\t\t\t<\/div>\n\t\t","protected":false},"excerpt":{"rendered":"<p>\u00c9tude de cas Solutions in\u00e9dites au monde, Test\u00e9 et \u00e9prouv\u00e9 L\u00e0 o\u00f9 \u00e7a compte A-Ward aide les gestionnaires qui s&rsquo;inqui\u00e8tent des inefficacit\u00e9s caus\u00e9es par la fa\u00e7on dont leurs mat\u00e9riaux en vrac sont actuellement charg\u00e9s ou d\u00e9charg\u00e9s dans des conteneurs. Dans le cas de projets r\u00e9cents, les clients de A-Ward ont r\u00e9alis\u00e9 28 \u00e9conomies de co\u00fbts [&hellip;]<\/p>\n","protected":false},"author":2,"featured_media":0,"parent":0,"menu_order":0,"comment_status":"closed","ping_status":"closed","template":"","meta":{"inline_featured_image":false,"footnotes":""},"class_list":["post-15639","page","type-page","status-publish","hentry"],"_links":{"self":[{"href":"https:\/\/a-ward.com\/fr\/wp-json\/wp\/v2\/pages\/15639","targetHints":{"allow":["GET"]}}],"collection":[{"href":"https:\/\/a-ward.com\/fr\/wp-json\/wp\/v2\/pages"}],"about":[{"href":"https:\/\/a-ward.com\/fr\/wp-json\/wp\/v2\/types\/page"}],"author":[{"embeddable":true,"href":"https:\/\/a-ward.com\/fr\/wp-json\/wp\/v2\/users\/2"}],"replies":[{"embeddable":true,"href":"https:\/\/a-ward.com\/fr\/wp-json\/wp\/v2\/comments?post=15639"}],"version-history":[{"count":18,"href":"https:\/\/a-ward.com\/fr\/wp-json\/wp\/v2\/pages\/15639\/revisions"}],"predecessor-version":[{"id":23755,"href":"https:\/\/a-ward.com\/fr\/wp-json\/wp\/v2\/pages\/15639\/revisions\/23755"}],"wp:attachment":[{"href":"https:\/\/a-ward.com\/fr\/wp-json\/wp\/v2\/media?parent=15639"}],"curies":[{"name":"wp","href":"https:\/\/api.w.org\/{rel}","templated":true}]}}