{"id":15480,"date":"2023-10-30T11:32:53","date_gmt":"2023-10-29T22:32:53","guid":{"rendered":"https:\/\/a-ward.websitereview.nz\/blog\/"},"modified":"2026-03-04T13:38:22","modified_gmt":"2026-03-04T00:38:22","slug":"blog","status":"publish","type":"page","link":"https:\/\/a-ward.com\/fr\/blog\/","title":{"rendered":"Blog"},"content":{"rendered":"\t\t<div data-elementor-type=\"wp-page\" data-elementor-id=\"15480\" class=\"elementor elementor-15480 elementor-15477\" data-elementor-post-type=\"page\">\n\t\t\t\t\t\t<section class=\"elementor-section elementor-top-section elementor-element elementor-element-2a28d61b elementor-section-height-min-height elementor-section-items-bottom elementor-section-boxed elementor-section-height-default\" data-id=\"2a28d61b\" data-element_type=\"section\" data-e-type=\"section\" data-settings=\"{&quot;background_background&quot;:&quot;classic&quot;,&quot;jet_parallax_layout_list&quot;:[]}\">\n\t\t\t\t\t\t<div class=\"elementor-container elementor-column-gap-default\">\n\t\t\t\t\t<div class=\"elementor-column elementor-col-50 elementor-top-column elementor-element elementor-element-477507ae\" data-id=\"477507ae\" data-element_type=\"column\" data-e-type=\"column\">\n\t\t\t<div class=\"elementor-widget-wrap elementor-element-populated\">\n\t\t\t\t\t\t<div class=\"elementor-element elementor-element-56ed7aba red-dot elementor-widget elementor-widget-heading\" data-id=\"56ed7aba\" data-element_type=\"widget\" data-e-type=\"widget\" data-widget_type=\"heading.default\">\n\t\t\t\t<div class=\"elementor-widget-container\">\n\t\t\t\t\t<h1 class=\"elementor-heading-title elementor-size-default\">Blog \/ Actualit\u00e9s<\/h1>\t\t\t\t<\/div>\n\t\t\t\t<\/div>\n\t\t\t\t\t<\/div>\n\t\t<\/div>\n\t\t\t\t<div class=\"elementor-column elementor-col-50 elementor-top-column elementor-element elementor-element-3d967bbd elementor-hidden-mobile_extra elementor-hidden-mobile\" data-id=\"3d967bbd\" data-element_type=\"column\" data-e-type=\"column\">\n\t\t\t<div class=\"elementor-widget-wrap\">\n\t\t\t\t\t\t\t<\/div>\n\t\t<\/div>\n\t\t\t\t\t<\/div>\n\t\t<\/section>\n\t\t\t\t<section class=\"elementor-section elementor-top-section elementor-element elementor-element-fd2825a section-margin-top-lg section-margin-bottom-lg elementor-section-boxed elementor-section-height-default elementor-section-height-default\" data-id=\"fd2825a\" data-element_type=\"section\" data-e-type=\"section\" data-settings=\"{&quot;jet_parallax_layout_list&quot;:[]}\">\n\t\t\t\t\t\t<div class=\"elementor-container elementor-column-gap-default\">\n\t\t\t\t\t<div class=\"elementor-column elementor-col-100 elementor-top-column elementor-element elementor-element-1b1665d\" data-id=\"1b1665d\" data-element_type=\"column\" data-e-type=\"column\">\n\t\t\t<div class=\"elementor-widget-wrap elementor-element-populated\">\n\t\t\t\t\t\t<div class=\"elementor-element elementor-element-40fc656 uael-equal__height-yes uael-post__filter-align-center uael-posts-thumbnail-ratio elementor-widget elementor-widget-uael-posts\" data-id=\"40fc656\" data-element_type=\"widget\" data-e-type=\"widget\" data-settings=\"{&quot;event_show_filters&quot;:&quot;yes&quot;,&quot;event_slides_to_show&quot;:3,&quot;event_slides_to_show_tablet&quot;:2,&quot;event_slides_to_show_mobile&quot;:1}\" data-widget_type=\"uael-posts.event\">\n\t\t\t\t<div class=\"elementor-widget-container\">\n\t\t\t\t\t\t\t<div class=\"uael-post__header\">\n\t\t\t\t\t<div class=\"uael-post__header-filters-wrap uael-posts-tabs-dropdown\">\n\t\t\t<ul class=\"uael-post__header-filters\" aria-label=\"Taxonomy Filter\">\n\t\t\t\t<li class=\"uael-post__header-filter uael-filter__current\" data-filter=\"*\">tout le<\/li>\n\t\t\t\t\t\t\t\t<li class=\"uael-post__header-filter\" data-filter=\".evenements\" tabindex=\"0\">\u00c9v\u00e9nements<\/li>\n\t\t\t\t\t\t\t\t<li class=\"uael-post__header-filter\" data-filter=\".nouvelles\" tabindex=\"0\">nouvelles<\/li>\n\t\t\t\t\t\t\t\t<li class=\"uael-post__header-filter\" data-filter=\".nouvelles-de-lindustrie\" tabindex=\"0\">Nouvelles de l&#039;industrie<\/li>\n\t\t\t\t\t\t\t\t<li class=\"uael-post__header-filter\" data-filter=\".nouvelles-generales\" tabindex=\"0\">Nouvelles g\u00e9n\u00e9rales<\/li>\n\t\t\t\t\t\t\t<\/ul>\n\n\t\t\t\t\t\t\t<div class=\"uael-filters-dropdown\">\n\t\t\t\t\t<div class=\"uael-filters-dropdown-button\">tout le<i class=\"fa fa-angle-down\"><\/i><\/div>\n\n\t\t\t\t\t<ul class=\"uael-filters-dropdown-list uael-post__header-filters\">\n\t\t\t\t\t\t<li class=\"uael-filters-dropdown-item uael-post__header-filter uael-filter__current\" data-filter=\"*\">tout le<\/li>\n\t\t\t\t\t\t\t\t\t\t\t\t<li class=\"uael-filters-dropdown-item uael-post__header-filter\" data-filter=\".evenements\">\u00c9v\u00e9nements<\/li>\n\t\t\t\t\t\t\t\t\t\t\t\t<li class=\"uael-filters-dropdown-item uael-post__header-filter\" data-filter=\".nouvelles\">nouvelles<\/li>\n\t\t\t\t\t\t\t\t\t\t\t\t<li class=\"uael-filters-dropdown-item uael-post__header-filter\" data-filter=\".nouvelles-de-lindustrie\">Nouvelles de l&#039;industrie<\/li>\n\t\t\t\t\t\t\t\t\t\t\t\t<li class=\"uael-filters-dropdown-item uael-post__header-filter\" data-filter=\".nouvelles-generales\">Nouvelles g\u00e9n\u00e9rales<\/li>\n\t\t\t\t\t\t\t\t\t\t\t<\/ul>\n\t\t\t\t<\/div>\n\t\t\t\t\t<\/div>\n\t\t\t\t<\/div>\n\t\t<div class=\"uael-post__body\">\n\t\t\t\n\t\t\n\t\t<div class=\"uael-post-grid uael-posts\" data-query-type=\"custom\" data-structure=\"normal\" data-layout=\"\" data-page=\"15480\" data-skin=\"event\" data-filter-default=\"tout le\" data-offset-top=\"30\" >\n\n\t\t\t\t\t\t\t<div class=\"uael-post-grid__inner uael-post__columns-3 uael-post__columns-tablet-2 uael-post__columns-mobile-1 uael-post-infinite-scroll uael-post-infinite__event-scroll\">\n\t\t\t\n\n<div class=\"uael-post-wrapper nouvelles nouvelles-generales  nouvelles nouvelles-g\u00e9n\u00e9rales \">\n\t<div class=\"uael-post__bg-wrap uael-bg-wrap-disabled\">\n\n\t\t\t\t\n\t\t<div class=\"uael-post__inner-wrap uael-inner-wrap-disabled\">\n\n\t\t\t\t<div class=\"uael-post__thumbnail uael-post-wrapper__noimage\">\n\t\t\t\t\t\t<a target=\"_self\" href=\"https:\/\/a-ward.com\/fr\/femsa\/\" title=\"Femsa\"><\/a>\n\t\t\t\t\t<div class=\"uael-post__datebox uael-post__noimage\">\n\t\t\t\t<div class=\"uael-post__date-wrap\">\n\t\t\t\t\t\t\t\t\t\t<span class='uael-post__date-month'>Avr<\/span><span class='uael-post__date-day'>06<\/span>\t\t\t\t<\/div>\t\t\t\t\n\t\t\t<\/div>\n\t\t<\/div>\n\t\t\n\t\t\t\n\t\t\t<div class=\"uael-post__content-wrap uael-content-wrap-disabled\">\n\n\t\t\t\t\t<h5 class=\"uael-post__title\">\n\n\t\t\n\t\t\t\t\t\t<a href=\"https:\/\/a-ward.com\/fr\/femsa\/\" target=\"_self\">\n\t\t\t\tFemsa\t\t\t<\/a>\n\n\t\t\t\t<\/h5>\n\t\t\n\t\t<div class=\"uael-post__excerpt\">\n\t\t\thttps:\/\/vimeo.com\/625076037 Chers amis de la FEMSA, Nous ressentons votre douleur. Les co\u00fbts d\u2019exp\u00e9dition et de logistique du sucre ont augment\u00e9 de plus de 25 % ...\t\t<\/div>\n\n\t\t\t\t\t<\/div>\n\t\t\t\n\t\t<\/div>\n\t\t\n\n\t<\/div>\n\n<\/div>\n\n\n<div class=\"uael-post-wrapper nouvelles nouvelles-de-lindustrie nouvelles-generales  nouvelles nouvelles-de-l&#039;industrie nouvelles-g\u00e9n\u00e9rales \">\n\t<div class=\"uael-post__bg-wrap uael-bg-wrap-disabled\">\n\n\t\t\t\t\n\t\t<div class=\"uael-post__inner-wrap uael-inner-wrap-disabled\">\n\n\t\t\t\t<div class=\"uael-post__thumbnail uael-post-wrapper__noimage\">\n\t\t\t\t\t\t<a target=\"_self\" href=\"https:\/\/a-ward.com\/fr\/reinitialisation-pour-la-croissance\/\" title=\"R\u00e9initialisation pour la croissance\"><\/a>\n\t\t\t\t\t<div class=\"uael-post__datebox uael-post__noimage\">\n\t\t\t\t<div class=\"uael-post__date-wrap\">\n\t\t\t\t\t\t\t\t\t\t<span class='uael-post__date-month'>Avr<\/span><span class='uael-post__date-day'>06<\/span>\t\t\t\t<\/div>\t\t\t\t\n\t\t\t<\/div>\n\t\t<\/div>\n\t\t\n\t\t\t\n\t\t\t<div class=\"uael-post__content-wrap uael-content-wrap-disabled\">\n\n\t\t\t\t\t<h5 class=\"uael-post__title\">\n\n\t\t\n\t\t\t\t\t\t<a href=\"https:\/\/a-ward.com\/fr\/reinitialisation-pour-la-croissance\/\" target=\"_self\">\n\t\t\t\tR\u00e9initialisation pour la croissance\t\t\t<\/a>\n\n\t\t\t\t<\/h5>\n\t\t\n\t\t<div class=\"uael-post__excerpt\">\n\t\t\t&#013; L\u2019\u00e9tat d\u2019esprit client d\u2019A-Ward a motiv\u00e9 \u00e0 r\u00e9initialiser les op\u00e9rations de transport pour le mieux: &#013; &#013; Augmenter la manutention en vrac de mani\u00e8re ...\t\t<\/div>\n\n\t\t\t\t\t<\/div>\n\t\t\t\n\t\t<\/div>\n\t\t\n\n\t<\/div>\n\n<\/div>\n\n\n<div class=\"uael-post-wrapper nouvelles nouvelles-de-lindustrie nouvelles-generales  nouvelles nouvelles-de-l&#039;industrie nouvelles-g\u00e9n\u00e9rales \">\n\t<div class=\"uael-post__bg-wrap uael-bg-wrap-disabled\">\n\n\t\t\t\t\n\t\t<div class=\"uael-post__inner-wrap uael-inner-wrap-disabled\">\n\n\t\t\t\t<div class=\"uael-post__thumbnail uael-post-wrapper__noimage\">\n\t\t\t\t\t\t<a target=\"_self\" href=\"https:\/\/a-ward.com\/fr\/gardez-une-longueur-davance-sur-lenvironnement-reglementaire\/\" title=\"Gardez une longueur d\u2019avance sur l\u2019environnement r\u00e9glementaire\"><\/a>\n\t\t\t\t\t<div class=\"uael-post__datebox uael-post__noimage\">\n\t\t\t\t<div class=\"uael-post__date-wrap\">\n\t\t\t\t\t\t\t\t\t\t<span class='uael-post__date-month'>Avr<\/span><span class='uael-post__date-day'>06<\/span>\t\t\t\t<\/div>\t\t\t\t\n\t\t\t<\/div>\n\t\t<\/div>\n\t\t\n\t\t\t\n\t\t\t<div class=\"uael-post__content-wrap uael-content-wrap-disabled\">\n\n\t\t\t\t\t<h5 class=\"uael-post__title\">\n\n\t\t\n\t\t\t\t\t\t<a href=\"https:\/\/a-ward.com\/fr\/gardez-une-longueur-davance-sur-lenvironnement-reglementaire\/\" target=\"_self\">\n\t\t\t\tGardez une longueur d\u2019avance sur l\u2019environnement r\u00e9glementaire\t\t\t<\/a>\n\n\t\t\t\t<\/h5>\n\t\t\n\t\t<div class=\"uael-post__excerpt\">\n\t\t\t&#013; L\u2019environnement r\u00e9glementaire n\u2019a jamais eu autant d\u2019effet sur les op\u00e9rations commerciales qu\u2019aujourd\u2019hui. &#013; &#013; Les organisations internationales de manutention de mati\u00e8res en vrac de ...\t\t<\/div>\n\n\t\t\t\t\t<\/div>\n\t\t\t\n\t\t<\/div>\n\t\t\n\n\t<\/div>\n\n<\/div>\n\n\n<div class=\"uael-post-wrapper nouvelles nouvelles-generales  nouvelles nouvelles-g\u00e9n\u00e9rales \">\n\t<div class=\"uael-post__bg-wrap uael-bg-wrap-disabled\">\n\n\t\t\t\t\n\t\t<div class=\"uael-post__inner-wrap uael-inner-wrap-disabled\">\n\n\t\t\t\t<div class=\"uael-post__thumbnail uael-post-wrapper__noimage\">\n\t\t\t\t\t\t<a target=\"_self\" href=\"https:\/\/a-ward.com\/fr\/planete-terre-pour-a-ward\/\" title=\"Plan\u00e8te Terre pour A-Ward\"><\/a>\n\t\t\t\t\t<div class=\"uael-post__datebox uael-post__noimage\">\n\t\t\t\t<div class=\"uael-post__date-wrap\">\n\t\t\t\t\t\t\t\t\t\t<span class='uael-post__date-month'>Avr<\/span><span class='uael-post__date-day'>06<\/span>\t\t\t\t<\/div>\t\t\t\t\n\t\t\t<\/div>\n\t\t<\/div>\n\t\t\n\t\t\t\n\t\t\t<div class=\"uael-post__content-wrap uael-content-wrap-disabled\">\n\n\t\t\t\t\t<h5 class=\"uael-post__title\">\n\n\t\t\n\t\t\t\t\t\t<a href=\"https:\/\/a-ward.com\/fr\/planete-terre-pour-a-ward\/\" target=\"_self\">\n\t\t\t\tPlan\u00e8te Terre pour A-Ward\t\t\t<\/a>\n\n\t\t\t\t<\/h5>\n\t\t\n\t\t<div class=\"uael-post__excerpt\">\n\t\t\t&#013; La vision de Steve Jobs a captur\u00e9 l\u2019essence de ce qui allait devenir une explosion technologique d\u2019innovation et de transformation. En outre, il nous ...\t\t<\/div>\n\n\t\t\t\t\t<\/div>\n\t\t\t\n\t\t<\/div>\n\t\t\n\n\t<\/div>\n\n<\/div>\n\n\n<div class=\"uael-post-wrapper nouvelles nouvelles-generales  nouvelles nouvelles-g\u00e9n\u00e9rales \">\n\t<div class=\"uael-post__bg-wrap uael-bg-wrap-disabled\">\n\n\t\t\t\t\n\t\t<div class=\"uael-post__inner-wrap uael-inner-wrap-disabled\">\n\n\t\t\t\t<div class=\"uael-post__thumbnail uael-post-wrapper__noimage\">\n\t\t\t\t\t\t<a target=\"_self\" href=\"https:\/\/a-ward.com\/fr\/quand-ils-demandent-un-cheval\/\" title=\"Quand ils demandent un cheval.\"><\/a>\n\t\t\t\t\t<div class=\"uael-post__datebox uael-post__noimage\">\n\t\t\t\t<div class=\"uael-post__date-wrap\">\n\t\t\t\t\t\t\t\t\t\t<span class='uael-post__date-month'>Avr<\/span><span class='uael-post__date-day'>06<\/span>\t\t\t\t<\/div>\t\t\t\t\n\t\t\t<\/div>\n\t\t<\/div>\n\t\t\n\t\t\t\n\t\t\t<div class=\"uael-post__content-wrap uael-content-wrap-disabled\">\n\n\t\t\t\t\t<h5 class=\"uael-post__title\">\n\n\t\t\n\t\t\t\t\t\t<a href=\"https:\/\/a-ward.com\/fr\/quand-ils-demandent-un-cheval\/\" target=\"_self\">\n\t\t\t\tQuand ils demandent un cheval.\t\t\t<\/a>\n\n\t\t\t\t<\/h5>\n\t\t\n\t\t<div class=\"uael-post__excerpt\">\n\t\t\t&#013; \u00ab\u00a0Si j\u2019avais demand\u00e9 aux gens ce qu\u2019ils voulaient, ils auraient dit des chevaux plus rapides\u00a0\u00bb &#8211; Henry Ford &#013; &#013; Certains de vos clients ...\t\t<\/div>\n\n\t\t\t\t\t<\/div>\n\t\t\t\n\t\t<\/div>\n\t\t\n\n\t<\/div>\n\n<\/div>\n\n\n<div class=\"uael-post-wrapper nouvelles nouvelles-generales  nouvelles nouvelles-g\u00e9n\u00e9rales \">\n\t<div class=\"uael-post__bg-wrap uael-bg-wrap-disabled\">\n\n\t\t\t\t\n\t\t<div class=\"uael-post__inner-wrap uael-inner-wrap-disabled\">\n\n\t\t\t\t<div class=\"uael-post__thumbnail uael-post-wrapper__noimage\">\n\t\t\t\t\t\t<a target=\"_self\" href=\"https:\/\/a-ward.com\/fr\/reresoudre-la-logistique-comment-un-principe-simple-permet-denregistrer-lefficacite\/\" title=\"Rer\u00e9soudre la logistique : comment un principe simple permet d\u2019enregistrer l\u2019efficacit\u00e9\"><\/a>\n\t\t\t\t\t<div class=\"uael-post__datebox uael-post__noimage\">\n\t\t\t\t<div class=\"uael-post__date-wrap\">\n\t\t\t\t\t\t\t\t\t\t<span class='uael-post__date-month'>Avr<\/span><span class='uael-post__date-day'>06<\/span>\t\t\t\t<\/div>\t\t\t\t\n\t\t\t<\/div>\n\t\t<\/div>\n\t\t\n\t\t\t\n\t\t\t<div class=\"uael-post__content-wrap uael-content-wrap-disabled\">\n\n\t\t\t\t\t<h5 class=\"uael-post__title\">\n\n\t\t\n\t\t\t\t\t\t<a href=\"https:\/\/a-ward.com\/fr\/reresoudre-la-logistique-comment-un-principe-simple-permet-denregistrer-lefficacite\/\" target=\"_self\">\n\t\t\t\tRer\u00e9soudre la logistique : comment un principe simple permet d\u2019enregistrer l\u2019efficacit\u00e9\t\t\t<\/a>\n\n\t\t\t\t<\/h5>\n\t\t\n\t\t<div class=\"uael-post__excerpt\">\n\t\t\t&#013; Au cours des 80 derni\u00e8res ann\u00e9es, l\u2019industrie de la logistique a largement transport\u00e9 les mati\u00e8res premi\u00e8res, les marchandises et les produits essentiels de la ...\t\t<\/div>\n\n\t\t\t\t\t<\/div>\n\t\t\t\n\t\t<\/div>\n\t\t\n\n\t<\/div>\n\n<\/div>\n\n\n<div class=\"uael-post-wrapper nouvelles nouvelles-generales  nouvelles nouvelles-g\u00e9n\u00e9rales \">\n\t<div class=\"uael-post__bg-wrap uael-bg-wrap-disabled\">\n\n\t\t\t\t\n\t\t<div class=\"uael-post__inner-wrap uael-inner-wrap-disabled\">\n\n\t\t\t\t<div class=\"uael-post__thumbnail uael-post-wrapper__noimage\">\n\t\t\t\t\t\t<a target=\"_self\" href=\"https:\/\/a-ward.com\/fr\/a-ward-global-solutions\/\" title=\"A-Ward Global Solutions\"><\/a>\n\t\t\t\t\t<div class=\"uael-post__datebox uael-post__noimage\">\n\t\t\t\t<div class=\"uael-post__date-wrap\">\n\t\t\t\t\t\t\t\t\t\t<span class='uael-post__date-month'>Avr<\/span><span class='uael-post__date-day'>06<\/span>\t\t\t\t<\/div>\t\t\t\t\n\t\t\t<\/div>\n\t\t<\/div>\n\t\t\n\t\t\t\n\t\t\t<div class=\"uael-post__content-wrap uael-content-wrap-disabled\">\n\n\t\t\t\t\t<h5 class=\"uael-post__title\">\n\n\t\t\n\t\t\t\t\t\t<a href=\"https:\/\/a-ward.com\/fr\/a-ward-global-solutions\/\" target=\"_self\">\n\t\t\t\tA-Ward Global Solutions\t\t\t<\/a>\n\n\t\t\t\t<\/h5>\n\t\t\n\t\t<div class=\"uael-post__excerpt\">\n\t\t\t&#013; A-Ward propose des solutions globales aux entreprises multinationales qui sont motiv\u00e9es \u00e0 am\u00e9liorer consid\u00e9rablement leurs processus de manutention de mat\u00e9riaux en vrac. Pour plus ...\t\t<\/div>\n\n\t\t\t\t\t<\/div>\n\t\t\t\n\t\t<\/div>\n\t\t\n\n\t<\/div>\n\n<\/div>\n\n\n<div class=\"uael-post-wrapper nouvelles nouvelles-generales  nouvelles nouvelles-g\u00e9n\u00e9rales \">\n\t<div class=\"uael-post__bg-wrap uael-bg-wrap-disabled\">\n\n\t\t\t\t\n\t\t<div class=\"uael-post__inner-wrap uael-inner-wrap-disabled\">\n\n\t\t\t\t<div class=\"uael-post__thumbnail uael-post-wrapper__noimage\">\n\t\t\t\t\t\t<a target=\"_self\" href=\"https:\/\/a-ward.com\/fr\/clients-visitant-le-siege-social-de-a-ward\/\" title=\"Clients visitant le si\u00e8ge social de A-ward\"><\/a>\n\t\t\t\t\t<div class=\"uael-post__datebox uael-post__noimage\">\n\t\t\t\t<div class=\"uael-post__date-wrap\">\n\t\t\t\t\t\t\t\t\t\t<span class='uael-post__date-month'>Avr<\/span><span class='uael-post__date-day'>06<\/span>\t\t\t\t<\/div>\t\t\t\t\n\t\t\t<\/div>\n\t\t<\/div>\n\t\t\n\t\t\t\n\t\t\t<div class=\"uael-post__content-wrap uael-content-wrap-disabled\">\n\n\t\t\t\t\t<h5 class=\"uael-post__title\">\n\n\t\t\n\t\t\t\t\t\t<a href=\"https:\/\/a-ward.com\/fr\/clients-visitant-le-siege-social-de-a-ward\/\" target=\"_self\">\n\t\t\t\tClients visitant le si\u00e8ge social de A-ward\t\t\t<\/a>\n\n\t\t\t\t<\/h5>\n\t\t\n\t\t<div class=\"uael-post__excerpt\">\n\t\t\t&#013; Nous sommes toujours ravis de recevoir des clients qui visitent A-Ward. Jeff Daley et Bruce Brice, de l\u2019Australie, ainsi que le directeur r\u00e9gional des ...\t\t<\/div>\n\n\t\t\t\t\t<\/div>\n\t\t\t\n\t\t<\/div>\n\t\t\n\n\t<\/div>\n\n<\/div>\n\n\n<div class=\"uael-post-wrapper nouvelles nouvelles-de-lindustrie  nouvelles nouvelles-de-l&#039;industrie \">\n\t<div class=\"uael-post__bg-wrap uael-bg-wrap-disabled\">\n\n\t\t\t\t\n\t\t<div class=\"uael-post__inner-wrap uael-inner-wrap-disabled\">\n\n\t\t\t\t<div class=\"uael-post__thumbnail uael-post-wrapper__noimage\">\n\t\t\t\t\t\t<a target=\"_self\" href=\"https:\/\/a-ward.com\/fr\/envimat-nouveau-distributeur-de-quartier-a-au-bresil\/\" title=\"Envimat &#8211; Nouveau distributeur De quartier A au Br\u00e9sil\"><\/a>\n\t\t\t\t\t<div class=\"uael-post__datebox uael-post__noimage\">\n\t\t\t\t<div class=\"uael-post__date-wrap\">\n\t\t\t\t\t\t\t\t\t\t<span class='uael-post__date-month'>Avr<\/span><span class='uael-post__date-day'>06<\/span>\t\t\t\t<\/div>\t\t\t\t\n\t\t\t<\/div>\n\t\t<\/div>\n\t\t\n\t\t\t\n\t\t\t<div class=\"uael-post__content-wrap uael-content-wrap-disabled\">\n\n\t\t\t\t\t<h5 class=\"uael-post__title\">\n\n\t\t\n\t\t\t\t\t\t<a href=\"https:\/\/a-ward.com\/fr\/envimat-nouveau-distributeur-de-quartier-a-au-bresil\/\" target=\"_self\">\n\t\t\t\tEnvimat &#8211; Nouveau distributeur De quartier A au Br\u00e9sil\t\t\t<\/a>\n\n\t\t\t\t<\/h5>\n\t\t\n\t\t<div class=\"uael-post__excerpt\">\n\t\t\t&#013; ENVIMAT Tecnologia a \u00e9t\u00e9 nomm\u00e9 Distributeur Autoris\u00e9 A-Ward au Br\u00e9sil. Avec son si\u00e8ge social \u00e0 S\u00e3o Paulo, ENVIMAT fournira des solutions A-Ward \u00e0 une ...\t\t<\/div>\n\n\t\t\t\t\t<\/div>\n\t\t\t\n\t\t<\/div>\n\t\t\n\n\t<\/div>\n\n<\/div>\n\n\n<div class=\"uael-post-wrapper nouvelles nouvelles-de-lindustrie  nouvelles nouvelles-de-l&#039;industrie \">\n\t<div class=\"uael-post__bg-wrap uael-bg-wrap-disabled\">\n\n\t\t\t\t\n\t\t<div class=\"uael-post__inner-wrap uael-inner-wrap-disabled\">\n\n\t\t\t\t<div class=\"uael-post__thumbnail uael-post-wrapper__noimage\">\n\t\t\t\t\t\t<a target=\"_self\" href=\"https:\/\/a-ward.com\/fr\/amelioration-de-lefficacite-du-riz-de-dechargement\/\" title=\"Am\u00e9lioration de l&rsquo;efficacit\u00e9 du riz de d\u00e9chargement\"><\/a>\n\t\t\t\t\t<div class=\"uael-post__datebox uael-post__noimage\">\n\t\t\t\t<div class=\"uael-post__date-wrap\">\n\t\t\t\t\t\t\t\t\t\t<span class='uael-post__date-month'>Avr<\/span><span class='uael-post__date-day'>06<\/span>\t\t\t\t<\/div>\t\t\t\t\n\t\t\t<\/div>\n\t\t<\/div>\n\t\t\n\t\t\t\n\t\t\t<div class=\"uael-post__content-wrap uael-content-wrap-disabled\">\n\n\t\t\t\t\t<h5 class=\"uael-post__title\">\n\n\t\t\n\t\t\t\t\t\t<a href=\"https:\/\/a-ward.com\/fr\/amelioration-de-lefficacite-du-riz-de-dechargement\/\" target=\"_self\">\n\t\t\t\tAm\u00e9lioration de l&rsquo;efficacit\u00e9 du riz de d\u00e9chargement\t\t\t<\/a>\n\n\t\t\t\t<\/h5>\n\t\t\n\t\t<div class=\"uael-post__excerpt\">\n\t\t\t&#013; A-Ward a aid\u00e9 les conditionneurs de riz en Am\u00e9rique du Sud \u00e0 r\u00e9duire les co\u00fbts associ\u00e9s au d\u00e9chargement du riz pendant la saison de ...\t\t<\/div>\n\n\t\t\t\t\t<\/div>\n\t\t\t\n\t\t<\/div>\n\t\t\n\n\t<\/div>\n\n<\/div>\n\n\n<div class=\"uael-post-wrapper nouvelles nouvelles-generales  nouvelles nouvelles-g\u00e9n\u00e9rales \">\n\t<div class=\"uael-post__bg-wrap uael-bg-wrap-disabled\">\n\n\t\t\t\t\n\t\t<div class=\"uael-post__inner-wrap uael-inner-wrap-disabled\">\n\n\t\t\t\t<div class=\"uael-post__thumbnail uael-post-wrapper__noimage\">\n\t\t\t\t\t\t<a target=\"_self\" href=\"https:\/\/a-ward.com\/fr\/responsabilite-sociale\/\" title=\"Responsabilit\u00e9 sociale\"><\/a>\n\t\t\t\t\t<div class=\"uael-post__datebox uael-post__noimage\">\n\t\t\t\t<div class=\"uael-post__date-wrap\">\n\t\t\t\t\t\t\t\t\t\t<span class='uael-post__date-month'>Avr<\/span><span class='uael-post__date-day'>06<\/span>\t\t\t\t<\/div>\t\t\t\t\n\t\t\t<\/div>\n\t\t<\/div>\n\t\t\n\t\t\t\n\t\t\t<div class=\"uael-post__content-wrap uael-content-wrap-disabled\">\n\n\t\t\t\t\t<h5 class=\"uael-post__title\">\n\n\t\t\n\t\t\t\t\t\t<a href=\"https:\/\/a-ward.com\/fr\/responsabilite-sociale\/\" target=\"_self\">\n\t\t\t\tResponsabilit\u00e9 sociale\t\t\t<\/a>\n\n\t\t\t\t<\/h5>\n\t\t\n\t\t<div class=\"uael-post__excerpt\">\n\t\t\t&#013; A-Ward a soutenu la communaut\u00e9 du syndrome de Down lors de son \u00e9v\u00e9nement de collecte de fonds pour l\u2019\u00e9ducation des enfants. &#013;\t\t<\/div>\n\n\t\t\t\t\t<\/div>\n\t\t\t\n\t\t<\/div>\n\t\t\n\n\t<\/div>\n\n<\/div>\n\n\n<div class=\"uael-post-wrapper nouvelles nouvelles-generales  nouvelles nouvelles-g\u00e9n\u00e9rales \">\n\t<div class=\"uael-post__bg-wrap uael-bg-wrap-disabled\">\n\n\t\t\t\t\n\t\t<div class=\"uael-post__inner-wrap uael-inner-wrap-disabled\">\n\n\t\t\t\t<div class=\"uael-post__thumbnail uael-post-wrapper__noimage\">\n\t\t\t\t\t\t<a target=\"_self\" href=\"https:\/\/a-ward.com\/fr\/a-ward-au-chili\/\" title=\"A-ward Au Chili\"><\/a>\n\t\t\t\t\t<div class=\"uael-post__datebox uael-post__noimage\">\n\t\t\t\t<div class=\"uael-post__date-wrap\">\n\t\t\t\t\t\t\t\t\t\t<span class='uael-post__date-month'>Avr<\/span><span class='uael-post__date-day'>06<\/span>\t\t\t\t<\/div>\t\t\t\t\n\t\t\t<\/div>\n\t\t<\/div>\n\t\t\n\t\t\t\n\t\t\t<div class=\"uael-post__content-wrap uael-content-wrap-disabled\">\n\n\t\t\t\t\t<h5 class=\"uael-post__title\">\n\n\t\t\n\t\t\t\t\t\t<a href=\"https:\/\/a-ward.com\/fr\/a-ward-au-chili\/\" target=\"_self\">\n\t\t\t\tA-ward Au Chili\t\t\t<\/a>\n\n\t\t\t\t<\/h5>\n\t\t\n\t\t<div class=\"uael-post__excerpt\">\n\t\t\t&#013; A-Ward au CHILI ! Les entreprises chiliennes de recyclage des m\u00e9taux aiment la technologie A-Ward &#8211; am\u00e9lioration de l&rsquo;efficacit\u00e9, de la s\u00e9curit\u00e9 et de ...\t\t<\/div>\n\n\t\t\t\t\t<\/div>\n\t\t\t\n\t\t<\/div>\n\t\t\n\n\t<\/div>\n\n<\/div>\n\t\t\t\t<\/div>\n\t\t\t\t\t\t<div class=\"uael-post-inf-loader\">\n\t\t\t\t<div class=\"uael-post-loader-1\"><\/div>\n\t\t\t\t<div class=\"uael-post-loader-2\"><\/div>\n\t\t\t\t<div class=\"uael-post-loader-3\"><\/div>\n\t\t\t<\/div>\n\t\t\t\t\t\t\n\t\t<\/div>\n\n\t\t\t\t\t\t<\/div>\n\t\t<div class=\"uael-post__footer\">\n\t\t\t\t\t\t<nav class=\"uael-grid-pagination\" style=\"display:none;\" role=\"navigation\" aria-label=\"Pagination\" data-total=\"5\" data-next-page=\"2\">\n\t\t\t\t\t\t\t<\/nav>\n\t\t\t\t\t<\/div>\n\t\t\t\t\t\t<\/div>\n\t\t\t\t<\/div>\n\t\t\t\t\t<\/div>\n\t\t<\/div>\n\t\t\t\t\t<\/div>\n\t\t<\/section>\n\t\t\t\t<\/div>\n\t\t","protected":false},"excerpt":{"rendered":"<p>Blog \/ Actualit\u00e9s tout le Events General News Industry News News tout le tout le Events General News Industry News News Oct06 Femsa https:\/\/vimeo.com\/625076037 Dear FEMSA friends, We feel your pain.\u00a0 Sugar shipping and logistics costs are up over 25% across many of your LATAM bottling plants. Social &#8230; Jun30 Resetting for growth A-Ward\u2019s customer [&hellip;]<\/p>\n","protected":false},"author":2,"featured_media":0,"parent":0,"menu_order":0,"comment_status":"closed","ping_status":"closed","template":"","meta":{"inline_featured_image":false,"footnotes":""},"class_list":["post-15480","page","type-page","status-publish","hentry"],"_links":{"self":[{"href":"https:\/\/a-ward.com\/fr\/wp-json\/wp\/v2\/pages\/15480","targetHints":{"allow":["GET"]}}],"collection":[{"href":"https:\/\/a-ward.com\/fr\/wp-json\/wp\/v2\/pages"}],"about":[{"href":"https:\/\/a-ward.com\/fr\/wp-json\/wp\/v2\/types\/page"}],"author":[{"embeddable":true,"href":"https:\/\/a-ward.com\/fr\/wp-json\/wp\/v2\/users\/2"}],"replies":[{"embeddable":true,"href":"https:\/\/a-ward.com\/fr\/wp-json\/wp\/v2\/comments?post=15480"}],"version-history":[{"count":13,"href":"https:\/\/a-ward.com\/fr\/wp-json\/wp\/v2\/pages\/15480\/revisions"}],"predecessor-version":[{"id":25275,"href":"https:\/\/a-ward.com\/fr\/wp-json\/wp\/v2\/pages\/15480\/revisions\/25275"}],"wp:attachment":[{"href":"https:\/\/a-ward.com\/fr\/wp-json\/wp\/v2\/media?parent=15480"}],"curies":[{"name":"wp","href":"https:\/\/api.w.org\/{rel}","templated":true}]}}