{"id":1493,"date":"2023-07-20T10:17:37","date_gmt":"2023-07-19T22:17:37","guid":{"rendered":"https:\/\/a-ward.websitereview.nz\/qui-sommes-nous\/prix-et-medias\/"},"modified":"2024-04-03T11:00:35","modified_gmt":"2024-04-02T22:00:35","slug":"prix-et-medias","status":"publish","type":"page","link":"https:\/\/a-ward.com\/fr\/qui-sommes-nous\/prix-et-medias\/","title":{"rendered":"Prix et distinctions"},"content":{"rendered":"\t\t<div data-elementor-type=\"wp-page\" data-elementor-id=\"1493\" class=\"elementor elementor-1493 elementor-376\" data-elementor-post-type=\"page\">\n\t\t\t\t\t\t<section class=\"elementor-section elementor-top-section elementor-element elementor-element-7643dc1d elementor-section-height-min-height elementor-section-content-middle elementor-section-boxed elementor-section-height-default elementor-section-items-middle\" data-id=\"7643dc1d\" data-element_type=\"section\" data-e-type=\"section\" data-settings=\"{&quot;background_background&quot;:&quot;classic&quot;,&quot;jet_parallax_layout_list&quot;:[]}\">\n\t\t\t\t\t\t<div class=\"elementor-container elementor-column-gap-default\">\n\t\t\t\t\t<div class=\"elementor-column elementor-col-50 elementor-top-column elementor-element elementor-element-38cfce11\" data-id=\"38cfce11\" data-element_type=\"column\" data-e-type=\"column\">\n\t\t\t<div class=\"elementor-widget-wrap elementor-element-populated\">\n\t\t\t\t\t\t<div class=\"elementor-element elementor-element-58d6e271 red-dot elementor-widget elementor-widget-heading\" data-id=\"58d6e271\" data-element_type=\"widget\" data-e-type=\"widget\" data-widget_type=\"heading.default\">\n\t\t\t\t<div class=\"elementor-widget-container\">\n\t\t\t\t\t<span class=\"elementor-heading-title elementor-size-default\">Confiance des leaders de l\u2019industrie, dans le monde entier<\/span>\t\t\t\t<\/div>\n\t\t\t\t<\/div>\n\t\t\t\t\t<\/div>\n\t\t<\/div>\n\t\t\t\t<div class=\"elementor-column elementor-col-50 elementor-top-column elementor-element elementor-element-1dd4221 elementor-hidden-mobile_extra elementor-hidden-mobile\" data-id=\"1dd4221\" data-element_type=\"column\" data-e-type=\"column\">\n\t\t\t<div class=\"elementor-widget-wrap\">\n\t\t\t\t\t\t\t<\/div>\n\t\t<\/div>\n\t\t\t\t\t<\/div>\n\t\t<\/section>\n\t\t\t\t<section class=\"elementor-section elementor-top-section elementor-element elementor-element-7b045437 section-margin-top-lg elementor-section-boxed elementor-section-height-default elementor-section-height-default\" data-id=\"7b045437\" data-element_type=\"section\" data-e-type=\"section\" data-settings=\"{&quot;jet_parallax_layout_list&quot;:[]}\">\n\t\t\t\t\t\t<div class=\"elementor-container elementor-column-gap-default\">\n\t\t\t\t\t<div class=\"elementor-column elementor-col-100 elementor-top-column elementor-element elementor-element-24aab170\" data-id=\"24aab170\" data-element_type=\"column\" data-e-type=\"column\">\n\t\t\t<div class=\"elementor-widget-wrap elementor-element-populated\">\n\t\t\t\t\t\t<div class=\"elementor-element elementor-element-21ab487d red-dot elementor-widget elementor-widget-heading\" data-id=\"21ab487d\" data-element_type=\"widget\" data-e-type=\"widget\" data-widget_type=\"heading.default\">\n\t\t\t\t<div class=\"elementor-widget-container\">\n\t\t\t\t\t<h1 class=\"elementor-heading-title elementor-size-default\">Prix et distinctions<\/h1>\t\t\t\t<\/div>\n\t\t\t\t<\/div>\n\t\t\t\t<div class=\"elementor-element elementor-element-1a6aa72e elementor-widget elementor-widget-text-editor\" data-id=\"1a6aa72e\" data-element_type=\"widget\" data-e-type=\"widget\" data-widget_type=\"text-editor.default\">\n\t\t\t\t<div class=\"elementor-widget-container\">\n\t\t\t\t\t\t\t\t\t<p>A-Ward a \u00e9t\u00e9 reconnu comme un chef de file mondial dans les domaines des affaires, de l&rsquo;exportation et de l&rsquo;innovation, surpassant souvent les entreprises mondiales bien \u00e9tablies.<\/p>\n\t\t\t\t\t\t\t\t<\/div>\n\t\t\t\t<\/div>\n\t\t\t\t\t<\/div>\n\t\t<\/div>\n\t\t\t\t\t<\/div>\n\t\t<\/section>\n\t\t\t\t<section class=\"elementor-section elementor-top-section elementor-element elementor-element-24f9118 section-margin-top-sm section-margin-bottom-lg elementor-section-boxed elementor-section-height-default elementor-section-height-default\" data-id=\"24f9118\" data-element_type=\"section\" data-e-type=\"section\" data-settings=\"{&quot;jet_parallax_layout_list&quot;:[]}\">\n\t\t\t\t\t\t<div class=\"elementor-container elementor-column-gap-default\">\n\t\t\t\t\t<div class=\"elementor-column elementor-col-50 elementor-top-column elementor-element elementor-element-615cffe\" data-id=\"615cffe\" data-element_type=\"column\" data-e-type=\"column\">\n\t\t\t<div class=\"elementor-widget-wrap elementor-element-populated\">\n\t\t\t\t\t\t<div class=\"elementor-element elementor-element-fc0a686 elementor-widget elementor-widget-text-editor\" data-id=\"fc0a686\" data-element_type=\"widget\" data-e-type=\"widget\" data-widget_type=\"text-editor.default\">\n\t\t\t\t<div class=\"elementor-widget-container\">\n\t\t\t\t\t\t\t\t\t<ul>\n<li aria-level=\"1\">New Zealand International Business Awards \u2013 Finaliste 2021<\/li>\n<li aria-level=\"1\">Westpac Best of the Best in Innovation 2015<\/li>\n<li aria-level=\"1\">M\u00e9taux NZ HERA 2015 Innovateur de l&rsquo;ann\u00e9e<\/li>\n<li aria-level=\"1\">Prix supr\u00eame d&rsquo;excellence en affaires Westpac 2014<\/li>\n<li aria-level=\"1\">SSAB \u00ab Swedish Steel Prize \u00bb Innovation mondiale de l\u2019ann\u00e9e 2012<\/li>\n<li aria-level=\"1\">Paris Bulk Handling Equipment Award for Innovation (produit le plus innovant)<\/li>\n<li aria-level=\"1\">Le Fast 50 de Deloitte<\/li>\n<li aria-level=\"1\">NZTE Emerging Business Leader<\/li>\n<li aria-level=\"1\">Lloyd&rsquo;s List Australian Shipping<\/li>\n<li aria-level=\"1\">Export NZ, Exportateur de l&rsquo;ann\u00e9e, Affaires \u00e9mergentes de l&rsquo;ann\u00e9e,<\/li>\n<li aria-level=\"1\">Offre d&rsquo;exportation de l&rsquo;ann\u00e9e<\/li>\n<li aria-level=\"1\">Chambre de commerce am\u00e9ricaine pour la croissance, l\u2019entreprise, le leadership et l\u2019innovation<\/li>\n<\/ul>\n\t\t\t\t\t\t\t\t<\/div>\n\t\t\t\t<\/div>\n\t\t\t\t<div class=\"elementor-element elementor-element-1367e72 elementor-tablet-align-right elementor-mobile_extra-align-justify elementor-widget elementor-widget-global elementor-global-2647 elementor-global-2642 elementor-widget-button\" data-id=\"1367e72\" data-element_type=\"widget\" data-e-type=\"widget\" data-widget_type=\"button.default\">\n\t\t\t\t<div class=\"elementor-widget-container\">\n\t\t\t\t\t\t\t\t\t<div class=\"elementor-button-wrapper\">\n\t\t\t\t\t<a class=\"elementor-button elementor-button-link elementor-size-sm\" href=\"https:\/\/a-ward.com\/fr\/reservez-une-visioconference\/\">\n\t\t\t\t\t\t<span class=\"elementor-button-content-wrapper\">\n\t\t\t\t\t\t\t\t\t<span class=\"elementor-button-text\">Demander une visioconf\u00e9rence<\/span>\n\t\t\t\t\t<\/span>\n\t\t\t\t\t<\/a>\n\t\t\t\t<\/div>\n\t\t\t\t\t\t\t\t<\/div>\n\t\t\t\t<\/div>\n\t\t\t\t\t<\/div>\n\t\t<\/div>\n\t\t\t\t<div class=\"elementor-column elementor-col-50 elementor-top-column elementor-element elementor-element-9213f14\" data-id=\"9213f14\" data-element_type=\"column\" data-e-type=\"column\">\n\t\t\t<div class=\"elementor-widget-wrap elementor-element-populated\">\n\t\t\t\t\t\t<div class=\"elementor-element elementor-element-12c704f elementor-widget elementor-widget-image\" data-id=\"12c704f\" data-element_type=\"widget\" data-e-type=\"widget\" data-widget_type=\"image.default\">\n\t\t\t\t<div class=\"elementor-widget-container\">\n\t\t\t\t\t\t\t\t\t\t\t\t\t\t\t<img fetchpriority=\"high\" decoding=\"async\" width=\"720\" height=\"480\" src=\"https:\/\/a-ward.com\/wp-content\/uploads\/2023\/12\/A-Ward-team-Awards-And-Recognition1.jpg\" class=\"attachment-large size-large wp-image-20429\" alt=\"\" srcset=\"https:\/\/a-ward.com\/wp-content\/uploads\/2023\/12\/A-Ward-team-Awards-And-Recognition1.jpg 720w, https:\/\/a-ward.com\/wp-content\/uploads\/2023\/12\/A-Ward-team-Awards-And-Recognition1-300x200.jpg 300w\" sizes=\"(max-width: 720px) 100vw, 720px\">\t\t\t\t\t\t\t\t\t\t\t\t\t\t\t<\/div>\n\t\t\t\t<\/div>\n\t\t\t\t\t<\/div>\n\t\t<\/div>\n\t\t\t\t\t<\/div>\n\t\t<\/section>\n\t\t\t\t<\/div>\n\t\t","protected":false},"excerpt":{"rendered":"<p>Confiance des leaders de l\u2019industrie, dans le monde entier Prix et distinctions A-Ward a \u00e9t\u00e9 reconnu comme un chef de file mondial dans les domaines des affaires, de l&rsquo;exportation et de l&rsquo;innovation, surpassant souvent les entreprises mondiales bien \u00e9tablies. New Zealand International Business Awards \u2013 Finaliste 2021 Westpac Best of the Best in Innovation 2015 [&hellip;]<\/p>\n","protected":false},"author":2,"featured_media":0,"parent":1231,"menu_order":0,"comment_status":"closed","ping_status":"closed","template":"","meta":{"inline_featured_image":false,"footnotes":""},"class_list":["post-1493","page","type-page","status-publish","hentry"],"_links":{"self":[{"href":"https:\/\/a-ward.com\/fr\/wp-json\/wp\/v2\/pages\/1493","targetHints":{"allow":["GET"]}}],"collection":[{"href":"https:\/\/a-ward.com\/fr\/wp-json\/wp\/v2\/pages"}],"about":[{"href":"https:\/\/a-ward.com\/fr\/wp-json\/wp\/v2\/types\/page"}],"author":[{"embeddable":true,"href":"https:\/\/a-ward.com\/fr\/wp-json\/wp\/v2\/users\/2"}],"replies":[{"embeddable":true,"href":"https:\/\/a-ward.com\/fr\/wp-json\/wp\/v2\/comments?post=1493"}],"version-history":[{"count":9,"href":"https:\/\/a-ward.com\/fr\/wp-json\/wp\/v2\/pages\/1493\/revisions"}],"predecessor-version":[{"id":23769,"href":"https:\/\/a-ward.com\/fr\/wp-json\/wp\/v2\/pages\/1493\/revisions\/23769"}],"up":[{"embeddable":true,"href":"https:\/\/a-ward.com\/fr\/wp-json\/wp\/v2\/pages\/1231"}],"wp:attachment":[{"href":"https:\/\/a-ward.com\/fr\/wp-json\/wp\/v2\/media?parent=1493"}],"curies":[{"name":"wp","href":"https:\/\/api.w.org\/{rel}","templated":true}]}}