{"id":4608,"date":"2023-08-11T00:18:32","date_gmt":"2023-08-10T12:18:32","guid":{"rendered":"https:\/\/a-ward.websitereview.nz\/politica-de-privacidad\/"},"modified":"2023-11-23T19:14:25","modified_gmt":"2023-11-23T06:14:25","slug":"politica-de-privacidad","status":"publish","type":"page","link":"https:\/\/a-ward.com\/es\/politica-de-privacidad\/","title":{"rendered":"Pol\u00edtica de privacidad"},"content":{"rendered":"\t\t<div data-elementor-type=\"wp-page\" data-elementor-id=\"4608\" class=\"elementor elementor-4608 elementor-4600\" data-elementor-post-type=\"page\">\n\t\t\t\t\t\t<section class=\"elementor-section elementor-top-section elementor-element elementor-element-4c80865 elementor-section-height-min-height elementor-section-items-bottom elementor-section-boxed elementor-section-height-default\" data-id=\"4c80865\" data-element_type=\"section\" data-e-type=\"section\" data-settings=\"{&quot;background_background&quot;:&quot;classic&quot;,&quot;jet_parallax_layout_list&quot;:[]}\">\n\t\t\t\t\t\t\t<div class=\"elementor-background-overlay\"><\/div>\n\t\t\t\t\t\t\t<div class=\"elementor-container elementor-column-gap-default\">\n\t\t\t\t\t<div class=\"elementor-column elementor-col-50 elementor-top-column elementor-element elementor-element-acf4ff6\" data-id=\"acf4ff6\" data-element_type=\"column\" data-e-type=\"column\">\n\t\t\t<div class=\"elementor-widget-wrap\">\n\t\t\t\t\t\t\t<\/div>\n\t\t<\/div>\n\t\t\t\t<div class=\"elementor-column elementor-col-50 elementor-top-column elementor-element elementor-element-05a1fd4 elementor-hidden-mobile_extra elementor-hidden-mobile\" data-id=\"05a1fd4\" data-element_type=\"column\" data-e-type=\"column\">\n\t\t\t<div class=\"elementor-widget-wrap\">\n\t\t\t\t\t\t\t<\/div>\n\t\t<\/div>\n\t\t\t\t\t<\/div>\n\t\t<\/section>\n\t\t\t\t<section class=\"elementor-section elementor-top-section elementor-element elementor-element-9a265aa section-margin-top-lg section-margin-bottom-lg elementor-section-content-bottom elementor-section-boxed elementor-section-height-default elementor-section-height-default\" data-id=\"9a265aa\" data-element_type=\"section\" data-e-type=\"section\" data-settings=\"{&quot;jet_parallax_layout_list&quot;:[]}\">\n\t\t\t\t\t\t<div class=\"elementor-container elementor-column-gap-default\">\n\t\t\t\t\t<div class=\"elementor-column elementor-col-100 elementor-top-column elementor-element elementor-element-900e8b8\" data-id=\"900e8b8\" data-element_type=\"column\" data-e-type=\"column\">\n\t\t\t<div class=\"elementor-widget-wrap elementor-element-populated\">\n\t\t\t\t\t\t<div class=\"elementor-element elementor-element-53ce3ab red-dot elementor-widget elementor-widget-heading\" data-id=\"53ce3ab\" data-element_type=\"widget\" data-e-type=\"widget\" data-widget_type=\"heading.default\">\n\t\t\t\t<div class=\"elementor-widget-container\">\n\t\t\t\t\t<h1 class=\"elementor-heading-title elementor-size-default\">Pol\u00edtica de privacidad<\/h1>\t\t\t\t<\/div>\n\t\t\t\t<\/div>\n\t\t\t\t<div class=\"elementor-element elementor-element-f5b32e6 elementor-widget elementor-widget-text-editor\" data-id=\"f5b32e6\" data-element_type=\"widget\" data-e-type=\"widget\" data-widget_type=\"text-editor.default\">\n\t\t\t\t<div class=\"elementor-widget-container\">\n\t\t\t\t\t\t\t\t\t<p><span style=\"color: #f31416;\">A-Ward Limited (<b>A-Ward<\/b> o <b>nosotros, nuestro, nos<\/b> o similar) se compromete a tratar su informaci\u00f3n personal con cuidado y de acuerdo con la Ley de Privacidad de 2020 (Ley de Privacidad).<\/span><\/p>\n<p><span style=\"color: #f31416;\">A-Ward explica c\u00f3mo recopila, usa, comparte y almacena su informaci\u00f3n personal a continuaci\u00f3n (<b>Pol\u00edtica de privacidad<\/b>). Nuestra Pol\u00edtica de privacidad se aplica en relaci\u00f3n con la informaci\u00f3n personal que recopilamos, o recibimos, sobre usted desde cualquier canal en el que operemos.<\/span><\/p>\n<p><span style=\"color: #f31416;\">Usted acepta nuestra Pol\u00edtica de privacidad cuando proporciona su informaci\u00f3n personal a A-Ward. Si proporciona informaci\u00f3n sobre cualquier otra persona, debe tener la autorizaci\u00f3n de esa persona para hacerlo.<\/span><\/p>\n<p><span style=\"color: #f31416;\">Depende de usted si proporciona su informaci\u00f3n personal, pero puede afectar nuestra capacidad para proporcionarle productos y servicios.<\/span><\/p>\n<p><span style=\"color: #f31416;\">Es posible que A-Ward deba cambiar su Pol\u00edtica de privacidad de vez en cuando. A-Ward le notificar\u00e1 de cualquier cambio mediante la publicaci\u00f3n de un aviso en el sitio web de A-Ward en <a style=\"color: #f31416;\" href=\"https:\/\/a-ward.com\/\">https:\/\/a-ward.com\/<\/a> (el <strong>sitio web de A-Ward<\/strong>). A-Ward tambi\u00e9n puede notificarle directamente si lo considera razonablemente necesario.<\/span><\/p>\n\t\t\t\t\t\t\t\t<\/div>\n\t\t\t\t<\/div>\n\t\t\t\t<div class=\"elementor-element elementor-element-5232d98 elementor-widget elementor-widget-heading\" data-id=\"5232d98\" data-element_type=\"widget\" data-e-type=\"widget\" data-widget_type=\"heading.default\">\n\t\t\t\t<div class=\"elementor-widget-container\">\n\t\t\t\t\t<h3 class=\"elementor-heading-title elementor-size-default\">\u00bfQu\u00e9 tipo de informaci\u00f3n personal recopilamos?<\/h3>\t\t\t\t<\/div>\n\t\t\t\t<\/div>\n\t\t\t\t<div class=\"elementor-element elementor-element-bff4739 elementor-widget elementor-widget-text-editor\" data-id=\"bff4739\" data-element_type=\"widget\" data-e-type=\"widget\" data-widget_type=\"text-editor.default\">\n\t\t\t\t<div class=\"elementor-widget-container\">\n\t\t\t\t\t\t\t\t\t<p>\u00abInformaci\u00f3n personal\u00bb se refiere a la informaci\u00f3n sobre una persona identificable (<strong>Informaci\u00f3n personal<\/strong>). A-Ward recopila, utiliza, comparte y almacena su informaci\u00f3n personal en relaci\u00f3n con su uso de los productos, servicios y ofertas de A-Ward. Es posible que le solicitemos una serie de informaci\u00f3n personal relacionada con lo que necesitamos para ayudarnos a proporcionarle nuestros productos y servicios.<\/p>\n<p>La informaci\u00f3n personal que solicitamos incluye:<\/p>\n<ul>\n<li aria-level=\"1\">Nombre y otros datos de identificaci\u00f3n sobre usted.<\/li>\n<li aria-level=\"1\">Informaci\u00f3n de contacto como su direcci\u00f3n residencial, direcci\u00f3n postal, direcci\u00f3n de correo electr\u00f3nico y n\u00famero de tel\u00e9fono.<\/li>\n<li aria-level=\"1\">Informaci\u00f3n de productos y servicios, incluidos pedidos, historial de compras, pagos y lugares de compra.<\/li>\n<li aria-level=\"1\">Informaci\u00f3n de antecedentes financieros, incluido su historial financiero y crediticio.<\/li>\n<li aria-level=\"1\">Informaci\u00f3n de uso, como su direcci\u00f3n IP, dispositivo, navegador e identificadores y actividad del sistema operativo.<\/li>\n<li aria-level=\"1\">Informaci\u00f3n de la cuenta, como nombres de usuario y credenciales de inicio de sesi\u00f3n.<\/li>\n<li aria-level=\"1\">Detalles sobre sus intereses y preferencias en productos y servicios, incluidas las notificaciones y comunicaciones.<\/li>\n<li aria-level=\"1\">Cualquier informaci\u00f3n que comparta cuando interact\u00fae con nosotros, incluidas las relacionadas con consultas sobre cuentas, inquietudes y reclamaciones, concursos y obsequios promocionales.<\/li>\n<li aria-level=\"1\">Sus intereses, comentarios e ideas de marketing y publicidad.<\/li>\n<li aria-level=\"1\">Informaci\u00f3n disponible p\u00fablicamente.<\/li>\n<li aria-level=\"1\">Informaci\u00f3n personal que usted nos autoriza a recopilar, permite que otra persona nos proporcione por usted o que estamos autorizados a recopilar en virtud de la Ley de Privacidad.<\/li>\n<\/ul>\n\t\t\t\t\t\t\t\t<\/div>\n\t\t\t\t<\/div>\n\t\t\t\t<div class=\"elementor-element elementor-element-d164431 elementor-widget elementor-widget-heading\" data-id=\"d164431\" data-element_type=\"widget\" data-e-type=\"widget\" data-widget_type=\"heading.default\">\n\t\t\t\t<div class=\"elementor-widget-container\">\n\t\t\t\t\t<h6 class=\"elementor-heading-title elementor-size-default\">Galletas<\/h6>\t\t\t\t<\/div>\n\t\t\t\t<\/div>\n\t\t\t\t<div class=\"elementor-element elementor-element-4f02061 elementor-widget elementor-widget-text-editor\" data-id=\"4f02061\" data-element_type=\"widget\" data-e-type=\"widget\" data-widget_type=\"text-editor.default\">\n\t\t\t\t<div class=\"elementor-widget-container\">\n\t\t\t\t\t\t\t\t\t<p>Utilizamos cookies para ayudar con el rendimiento de nuestro sitio web y con fines de informaci\u00f3n. Es posible que se coloquen cookies en su computadora. Por lo general, utilizamos cookies para comprender c\u00f3mo utiliza nuestro sitio web, con fines publicitarios y para asegurarnos de que acceda a la versi\u00f3n local de nuestro sitio web.<\/p>\n<p>Depende de usted si desea aceptar las cookies, pero no aceptarlas puede significar que algunas funciones no est\u00e9n disponibles o funcionen de manera diferente.<\/p>\n\t\t\t\t\t\t\t\t<\/div>\n\t\t\t\t<\/div>\n\t\t\t\t<div class=\"elementor-element elementor-element-476675a elementor-widget elementor-widget-heading\" data-id=\"476675a\" data-element_type=\"widget\" data-e-type=\"widget\" data-widget_type=\"heading.default\">\n\t\t\t\t<div class=\"elementor-widget-container\">\n\t\t\t\t\t<h3 class=\"elementor-heading-title elementor-size-default\">\u00bfC\u00f3mo recopilamos informaci\u00f3n personal?<\/h3>\t\t\t\t<\/div>\n\t\t\t\t<\/div>\n\t\t\t\t<div class=\"elementor-element elementor-element-98d25e1 elementor-widget elementor-widget-text-editor\" data-id=\"98d25e1\" data-element_type=\"widget\" data-e-type=\"widget\" data-widget_type=\"text-editor.default\">\n\t\t\t\t<div class=\"elementor-widget-container\">\n\t\t\t\t\t\t\t\t\t<p>Por lo general, recopilamos informaci\u00f3n personal directamente de usted. Por ejemplo, podemos recopilar informaci\u00f3n personal de usted, incluso cuando interact\u00faa con nosotros a trav\u00e9s de cualquiera de nuestros canales (incluidos el tel\u00e9fono, el correo electr\u00f3nico o las redes sociales), participa en encuestas o concursos o se suscribe a listas de correo.<\/p>\n<p>Tambi\u00e9n podemos recopilar su informaci\u00f3n de otras fuentes, incluida cualquier persona de la que nos haya autorizado a recopilar, fuentes disponibles p\u00fablicamente, proveedores externos, incluidos sus sitios web y canales en los que hace clic en la informaci\u00f3n o publicidad de A-Ward. Los proveedores externos incluyen proveedores de informaci\u00f3n, agencias de cr\u00e9dito, agencias de prevenci\u00f3n de fraude, agencias de cobro de deudas y proveedores de consultor\u00eda empresarial.<\/p>\n<p>Tambi\u00e9n podemos utilizar herramientas de sitios web y tecnolog\u00edas anal\u00edticas, software y cookies para ayudarnos a recopilar su informaci\u00f3n. Tiene la opci\u00f3n de excluirse del uso de cookies por parte de Google. Visite el sitio web de Google.<\/p>\n\t\t\t\t\t\t\t\t<\/div>\n\t\t\t\t<\/div>\n\t\t\t\t<div class=\"elementor-element elementor-element-13d3c9f elementor-widget elementor-widget-heading\" data-id=\"13d3c9f\" data-element_type=\"widget\" data-e-type=\"widget\" data-widget_type=\"heading.default\">\n\t\t\t\t<div class=\"elementor-widget-container\">\n\t\t\t\t\t<h3 class=\"elementor-heading-title elementor-size-default\">\u00bfC\u00f3mo utilizamos su informaci\u00f3n personal?<\/h3>\t\t\t\t<\/div>\n\t\t\t\t<\/div>\n\t\t\t\t<div class=\"elementor-element elementor-element-155b47d elementor-widget elementor-widget-text-editor\" data-id=\"155b47d\" data-element_type=\"widget\" data-e-type=\"widget\" data-widget_type=\"text-editor.default\">\n\t\t\t\t<div class=\"elementor-widget-container\">\n\t\t\t\t\t\t\t\t\t<p>A-Ward puede utilizar su informaci\u00f3n personal para diferentes fines relacionados con su negocio, entre los que se incluyen:<\/p>\n<ul>\n<li aria-level=\"1\">Interactuar con usted para manejar sus consultas o problemas de servicio al cliente con prontitud, ya sea por correo electr\u00f3nico, tel\u00e9fono o correo postal. Tambi\u00e9n podemos mantener informaci\u00f3n sobre sus comunicaciones con nuestros representantes de servicio al cliente.<\/li>\n<li aria-level=\"1\">Facilitar nuestra relaci\u00f3n con usted y proporcionarle nuestros productos, servicios, ofertas y sus cuentas.<\/li>\n<li aria-level=\"1\">Entender m\u00e1s sobre ti y tus intereses. Tambi\u00e9n podemos ponernos en contacto con usted sobre productos, servicios, eventos o promociones que creemos que podr\u00edan ser de particular inter\u00e9s a trav\u00e9s de una variedad de canales o con fines de investigaci\u00f3n de mercado. Podr\u00e1 \u00abexcluirse\u00bb de esta actividad en cualquier momento y por cualquier motivo utilizando la informaci\u00f3n de contacto que aparece a continuaci\u00f3n.<\/li>\n<li aria-level=\"1\">Personalizar la publicidad que se muestra en plataformas de terceros para usted.<\/li>\n<li aria-level=\"1\">Comprender su historial de antecedentes financieros (incluso para realizar verificaciones, verificaciones financieras o crediticias con terceros).<\/li>\n<li aria-level=\"1\">Llevar a cabo, supervisar, analizar, gestionar y mejorar nuestro negocio, productos y servicios (incluso cuando estemos considerando transferir o disponer de nuestro negocio o activos), y con fines de planificaci\u00f3n, desarrollo de productos o investigaci\u00f3n.<\/li>\n<li aria-level=\"1\">Fines de salud, seguridad y protecci\u00f3n, incluida la identificaci\u00f3n, gesti\u00f3n y prevenci\u00f3n de eventos de salud, seguridad y protecci\u00f3n.<\/li>\n<li aria-level=\"1\">Cumplir con las obligaciones legales y reglamentarias, como compartir con las fuerzas del orden y las agencias gubernamentales cuando estemos legalmente obligados o consideremos razonablemente que la informaci\u00f3n personal debe divulgarse.<\/li>\n<li aria-level=\"1\">Por cualquier otro motivo, usted nos autoriza a utilizar su informaci\u00f3n personal, o cuando dicho uso est\u00e9 permitido por la Ley de Privacidad.<\/li>\n<\/ul>\n\t\t\t\t\t\t\t\t<\/div>\n\t\t\t\t<\/div>\n\t\t\t\t<div class=\"elementor-element elementor-element-daf9648 elementor-widget elementor-widget-heading\" data-id=\"daf9648\" data-element_type=\"widget\" data-e-type=\"widget\" data-widget_type=\"heading.default\">\n\t\t\t\t<div class=\"elementor-widget-container\">\n\t\t\t\t\t<h3 class=\"elementor-heading-title elementor-size-default\">\u00bfCon qui\u00e9n compartimos informaci\u00f3n personal?<\/h3>\t\t\t\t<\/div>\n\t\t\t\t<\/div>\n\t\t\t\t<div class=\"elementor-element elementor-element-da2b6aa elementor-widget elementor-widget-text-editor\" data-id=\"da2b6aa\" data-element_type=\"widget\" data-e-type=\"widget\" data-widget_type=\"text-editor.default\">\n\t\t\t\t<div class=\"elementor-widget-container\">\n\t\t\t\t\t\t\t\t\t<p>De vez en cuando, podemos compartir informaci\u00f3n personal con terceros para los fines descritos en esta Pol\u00edtica de privacidad. Los terceros con los que podemos compartir su informaci\u00f3n personal incluyen:<\/p>\n<ul>\n<li aria-level=\"1\">Partes que forman parte de nosotros o est\u00e1n relacionadas con nosotros, incluidas las personas jur\u00eddicas, franquicias o contratistas, proveedores o agentes relacionados.<\/li>\n<li aria-level=\"1\">Partes que nos prestan servicios, incluidos proveedores de TI, mensajeros, procesadores de pagos, proveedores de servicios de entrada de datos, administradores de redes electr\u00f3nicas y asesores profesionales como contables, abogados, asesores comerciales y consultores.<\/li>\n<li aria-level=\"1\">Partes que prestan servicios financieros o crediticios, incluidas las organizaciones de recuperaci\u00f3n de deudas, las agencias de referencia crediticia, la prevenci\u00f3n del fraude y las agencias de calificaci\u00f3n crediticia.<\/li>\n<li aria-level=\"1\">Terceros que proporcionan informaci\u00f3n y servicios publicitarios, incluidos terceros que utilizamos para marketing, por ejemplo, agencias de medios aprobadas, y terceros con los que hacemos publicidad, como Facebook, para mostrarle anuncios en l\u00ednea.<\/li>\n<li aria-level=\"1\">Partes involucradas en la aplicaci\u00f3n de la ley o la regulaci\u00f3n, incluidos los organismos reguladores y gubernamentales, y otras agencias de investigaci\u00f3n.<\/li>\n<li aria-level=\"1\">Partes con las que tenemos acuerdos, incluida cualquier persona con la que hayamos celebrado un acuerdo contractual relacionado con nuestros productos, servicios, ofertas o negocios.<\/li>\n<li aria-level=\"1\">Partes con las que usted (o sus representantes autorizados) nos autorizan a compartir o con las que se nos permite compartir en virtud de las leyes de privacidad aplicables.<\/li>\n<\/ul>\n<p>Tomamos medidas para garantizar que su informaci\u00f3n personal est\u00e9 debidamente protegida cada vez que la compartimos. Esto incluye exigir a esos proveedores que implementen salvaguardas de seguridad razonables.<\/p>\n<p>Algunas de las entidades con las que compartimos informaci\u00f3n personal pueden estar o tener operaciones en otros pa\u00edses. Cuando enviamos su informaci\u00f3n personal a destinatarios en el extranjero, nos aseguramos de que tambi\u00e9n se implementen las medidas adecuadas de seguridad y manejo de datos.<\/p>\n\t\t\t\t\t\t\t\t<\/div>\n\t\t\t\t<\/div>\n\t\t\t\t<div class=\"elementor-element elementor-element-294f45b elementor-widget elementor-widget-heading\" data-id=\"294f45b\" data-element_type=\"widget\" data-e-type=\"widget\" data-widget_type=\"heading.default\">\n\t\t\t\t<div class=\"elementor-widget-container\">\n\t\t\t\t\t<h3 class=\"elementor-heading-title elementor-size-default\">\u00bfPor qu\u00e9 procesan mi informaci\u00f3n personal?<\/h3>\t\t\t\t<\/div>\n\t\t\t\t<\/div>\n\t\t\t\t<div class=\"elementor-element elementor-element-5743d14 elementor-widget elementor-widget-text-editor\" data-id=\"5743d14\" data-element_type=\"widget\" data-e-type=\"widget\" data-widget_type=\"text-editor.default\">\n\t\t\t\t<div class=\"elementor-widget-container\">\n\t\t\t\t\t\t\t\t\t<p>Si vive en un pa\u00eds que est\u00e1 sujeto al Reglamento General de Protecci\u00f3n de Datos (<strong>RGPD<\/strong>), las bases legales en las que nos basamos para procesar su informaci\u00f3n personal (o \u00abdatos personales\u00bb en virtud del RGPD) son:<\/p>\n<ul>\n<li aria-level=\"1\">Su consentimiento: puede retirar su consentimiento en cualquier momento poni\u00e9ndose en contacto con nosotros (consulte \u00ab\u00bfC\u00f3mo puedo ponerme en contacto con usted en relaci\u00f3n con la privacidad?\u00bb a continuaci\u00f3n).<\/li>\n<\/ul>\n<ul>\n<li aria-level=\"1\">Tenemos una obligaci\u00f3n contractual.<\/li>\n<\/ul>\n<ul>\n<li aria-level=\"1\">Tenemos una obligaci\u00f3n legal.<\/li>\n<\/ul>\n<ul>\n<li aria-level=\"1\">Tenemos un inter\u00e9s vital.<\/li>\n<\/ul>\n<ul>\n<li aria-level=\"1\">Lo necesitamos para realizar una tarea p\u00fablica.<\/li>\n<\/ul>\n<ul>\n<li aria-level=\"1\">Tenemos un inter\u00e9s leg\u00edtimo.<\/li>\n<\/ul>\n\t\t\t\t\t\t\t\t<\/div>\n\t\t\t\t<\/div>\n\t\t\t\t<div class=\"elementor-element elementor-element-78ac0e7 elementor-widget elementor-widget-heading\" data-id=\"78ac0e7\" data-element_type=\"widget\" data-e-type=\"widget\" data-widget_type=\"heading.default\">\n\t\t\t\t<div class=\"elementor-widget-container\">\n\t\t\t\t\t<h3 class=\"elementor-heading-title elementor-size-default\">\u00bfC\u00f3mo accedo y corrijo mi informaci\u00f3n personal?<\/h3>\t\t\t\t<\/div>\n\t\t\t\t<\/div>\n\t\t\t\t<div class=\"elementor-element elementor-element-6bef98e elementor-widget elementor-widget-text-editor\" data-id=\"6bef98e\" data-element_type=\"widget\" data-e-type=\"widget\" data-widget_type=\"text-editor.default\">\n\t\t\t\t<div class=\"elementor-widget-container\">\n\t\t\t\t\t\t\t\t\t<p>Puede solicitar acceso a la informaci\u00f3n personal que tenemos sobre usted o solicitar que la corrijamos. Nuestro objetivo es garantizar que su informaci\u00f3n personal sea precisa, completa y actualizada. Utilice los datos de contacto que se indican a continuaci\u00f3n si desea realizar una solicitud de esta naturaleza. Podemos cobrarle por la recuperaci\u00f3n de informaci\u00f3n personal para cubrir nuestros costos razonables de responder a su solicitud.<\/p>\n<p>Si reside fuera de Nueva Zelanda, es posible que tenga otros derechos en relaci\u00f3n con su informaci\u00f3n personal. Consulte las leyes de privacidad aplicables en su pa\u00eds. La declaraci\u00f3n anterior no pretende de ninguna manera limitar los derechos que pueda tener en virtud de las leyes de privacidad del pa\u00eds en el que reside.<\/p>\n\t\t\t\t\t\t\t\t<\/div>\n\t\t\t\t<\/div>\n\t\t\t\t<div class=\"elementor-element elementor-element-2b83791 elementor-widget elementor-widget-heading\" data-id=\"2b83791\" data-element_type=\"widget\" data-e-type=\"widget\" data-widget_type=\"heading.default\">\n\t\t\t\t<div class=\"elementor-widget-container\">\n\t\t\t\t\t<h3 class=\"elementor-heading-title elementor-size-default\">\u00bfQu\u00e9 medidas de seguridad tenemos?<\/h3>\t\t\t\t<\/div>\n\t\t\t\t<\/div>\n\t\t\t\t<div class=\"elementor-element elementor-element-cc9cc1e elementor-widget elementor-widget-text-editor\" data-id=\"cc9cc1e\" data-element_type=\"widget\" data-e-type=\"widget\" data-widget_type=\"text-editor.default\">\n\t\t\t\t<div class=\"elementor-widget-container\">\n\t\t\t\t\t\t\t\t\t<p>A-Ward se compromete a garantizar la seguridad de su informaci\u00f3n personal y tomaremos todas las precauciones razonables para proteger esta informaci\u00f3n de p\u00e9rdida, uso indebido o alteraci\u00f3n.<\/p>\n\t\t\t\t\t\t\t\t<\/div>\n\t\t\t\t<\/div>\n\t\t\t\t<div class=\"elementor-element elementor-element-7f7a2c8 elementor-widget elementor-widget-heading\" data-id=\"7f7a2c8\" data-element_type=\"widget\" data-e-type=\"widget\" data-widget_type=\"heading.default\">\n\t\t\t\t<div class=\"elementor-widget-container\">\n\t\t\t\t\t<h3 class=\"elementor-heading-title elementor-size-default\">\u00bfCu\u00e1nto tiempo conservan mi informaci\u00f3n personal?<\/h3>\t\t\t\t<\/div>\n\t\t\t\t<\/div>\n\t\t\t\t<div class=\"elementor-element elementor-element-8f8d4e3 elementor-widget elementor-widget-text-editor\" data-id=\"8f8d4e3\" data-element_type=\"widget\" data-e-type=\"widget\" data-widget_type=\"text-editor.default\">\n\t\t\t\t<div class=\"elementor-widget-container\">\n\t\t\t\t\t\t\t\t\t<p>Conservaremos sus datos personales durante el tiempo que sea necesario para la finalidad para la que fueron recogidos, teniendo en cuenta nuestra necesidad de responder consultas o resolver problemas, prestar servicios nuevos y mejorados, y cumplir con los requisitos legales.<\/p>\n\t\t\t\t\t\t\t\t<\/div>\n\t\t\t\t<\/div>\n\t\t\t\t<div class=\"elementor-element elementor-element-d9240e0 elementor-widget elementor-widget-heading\" data-id=\"d9240e0\" data-element_type=\"widget\" data-e-type=\"widget\" data-widget_type=\"heading.default\">\n\t\t\t\t<div class=\"elementor-widget-container\">\n\t\t\t\t\t<h3 class=\"elementor-heading-title elementor-size-default\">\u00bfC\u00f3mo puedo ponerme en contacto con ustedes en relaci\u00f3n con la privacidad?<\/h3>\t\t\t\t<\/div>\n\t\t\t\t<\/div>\n\t\t\t\t<div class=\"elementor-element elementor-element-295b404 elementor-widget elementor-widget-text-editor\" data-id=\"295b404\" data-element_type=\"widget\" data-e-type=\"widget\" data-widget_type=\"text-editor.default\">\n\t\t\t\t<div class=\"elementor-widget-container\">\n\t\t\t\t\t\t\t\t\t<p>Puede ponerse en contacto con nuestro Oficial de Privacidad en <a href=\"mailto:accounts@a-ward.com\">accounts@a-ward.com<\/a>, para:<\/p>\n<ul>\n<li aria-level=\"1\">Solicitar m\u00e1s informaci\u00f3n sobre todo lo contenido en esta Pol\u00edtica de privacidad.<\/li>\n<li aria-level=\"1\">Actualizar o corregir su informaci\u00f3n personal.<\/li>\n<li aria-level=\"1\">Optar por no recibir material de marketing directo.<\/li>\n<li aria-level=\"1\">Preguntar sobre el acceso o la correcci\u00f3n de la informaci\u00f3n personal que tenemos sobre usted.<\/li>\n<li aria-level=\"1\">Presentar una queja relacionada con la privacidad.<\/li>\n<\/ul>\n<p>Nos tomamos muy en serio las quejas relacionadas con la privacidad y consideramos todas las quejas cuidadosamente. Tambi\u00e9n puede comunicarse con la Oficina del Comisionado de Privacidad (<a href=\"http:\/\/www.privacy.org.nz\" target=\"_blank\" rel=\"nofollow noopener\">http:\/\/www.privacy.org.nz<\/a>) si lo prefiere.<\/p>\n\t\t\t\t\t\t\t\t<\/div>\n\t\t\t\t<\/div>\n\t\t\t\t<div class=\"elementor-element elementor-element-20108ea elementor-widget elementor-widget-heading\" data-id=\"20108ea\" data-element_type=\"widget\" data-e-type=\"widget\" data-widget_type=\"heading.default\">\n\t\t\t\t<div class=\"elementor-widget-container\">\n\t\t\t\t\t<h3 class=\"elementor-heading-title elementor-size-default\">Acerca de esta Pol\u00edtica de Privacidad<\/h3>\t\t\t\t<\/div>\n\t\t\t\t<\/div>\n\t\t\t\t<div class=\"elementor-element elementor-element-853b556 elementor-widget elementor-widget-text-editor\" data-id=\"853b556\" data-element_type=\"widget\" data-e-type=\"widget\" data-widget_type=\"text-editor.default\">\n\t\t\t\t<div class=\"elementor-widget-container\">\n\t\t\t\t\t\t\t\t\t<p>Esta Pol\u00edtica de Privacidad entra en vigor a partir de noviembre de 2023. Como se indic\u00f3 anteriormente, A-Ward puede realizar cambios en esta Pol\u00edtica de privacidad de vez en cuando por cualquier motivo, incluso cuando cambien nuestras pr\u00e1cticas de manejo de informaci\u00f3n. Cualquier modificaci\u00f3n se aplicar\u00e1 a la informaci\u00f3n que tenemos en el momento de la actualizaci\u00f3n. Publicaremos la Pol\u00edtica de privacidad actualizada en nuestro sitio web en esta p\u00e1gina o le informaremos si consideramos que es necesario.<\/p>\n\t\t\t\t\t\t\t\t<\/div>\n\t\t\t\t<\/div>\n\t\t\t\t\t<\/div>\n\t\t<\/div>\n\t\t\t\t\t<\/div>\n\t\t<\/section>\n\t\t\t\t<\/div>\n\t\t","protected":false},"excerpt":{"rendered":"<p>Pol\u00edtica de privacidad A-Ward Limited (A-Ward o nosotros, nuestro, nos o similar) se compromete a tratar su informaci\u00f3n personal con cuidado y de acuerdo con la Ley de Privacidad de 2020 (Ley de Privacidad). A-Ward explica c\u00f3mo recopila, usa, comparte y almacena su informaci\u00f3n personal a continuaci\u00f3n (Pol\u00edtica de privacidad). Nuestra Pol\u00edtica de privacidad se [&hellip;]<\/p>\n","protected":false},"author":2,"featured_media":0,"parent":0,"menu_order":12,"comment_status":"closed","ping_status":"closed","template":"","meta":{"inline_featured_image":false,"footnotes":""},"class_list":["post-4608","page","type-page","status-publish","hentry"],"_links":{"self":[{"href":"https:\/\/a-ward.com\/es\/wp-json\/wp\/v2\/pages\/4608","targetHints":{"allow":["GET"]}}],"collection":[{"href":"https:\/\/a-ward.com\/es\/wp-json\/wp\/v2\/pages"}],"about":[{"href":"https:\/\/a-ward.com\/es\/wp-json\/wp\/v2\/types\/page"}],"author":[{"embeddable":true,"href":"https:\/\/a-ward.com\/es\/wp-json\/wp\/v2\/users\/2"}],"replies":[{"embeddable":true,"href":"https:\/\/a-ward.com\/es\/wp-json\/wp\/v2\/comments?post=4608"}],"version-history":[{"count":12,"href":"https:\/\/a-ward.com\/es\/wp-json\/wp\/v2\/pages\/4608\/revisions"}],"predecessor-version":[{"id":18717,"href":"https:\/\/a-ward.com\/es\/wp-json\/wp\/v2\/pages\/4608\/revisions\/18717"}],"wp:attachment":[{"href":"https:\/\/a-ward.com\/es\/wp-json\/wp\/v2\/media?parent=4608"}],"curies":[{"name":"wp","href":"https:\/\/api.w.org\/{rel}","templated":true}]}}