{"id":25568,"date":"2026-04-12T15:59:05","date_gmt":"2026-04-12T03:59:05","guid":{"rendered":"https:\/\/a-ward.com\/pagina-de-inicio-del-evento\/"},"modified":"2026-04-13T15:29:31","modified_gmt":"2026-04-13T03:29:31","slug":"pagina-de-inicio-del-evento","status":"publish","type":"page","link":"https:\/\/a-ward.com\/es\/pagina-de-inicio-del-evento\/","title":{"rendered":"Contacto de eventos"},"content":{"rendered":"\t\t<div data-elementor-type=\"wp-page\" data-elementor-id=\"25568\" class=\"elementor elementor-25568 elementor-25558\" data-elementor-post-type=\"page\">\n\t\t\t\t\t\t<section class=\"elementor-section elementor-top-section elementor-element elementor-element-34740277 section-margin-top-lg elementor-section-content-bottom elementor-section-boxed elementor-section-height-default elementor-section-height-default\" data-id=\"34740277\" data-element_type=\"section\" data-e-type=\"section\" data-settings=\"{&quot;jet_parallax_layout_list&quot;:[]}\">\n\t\t\t\t\t\t<div class=\"elementor-container elementor-column-gap-default\">\n\t\t\t\t\t<div class=\"elementor-column elementor-col-50 elementor-top-column elementor-element elementor-element-43a1c26f\" data-id=\"43a1c26f\" data-element_type=\"column\" data-e-type=\"column\">\n\t\t\t<div class=\"elementor-widget-wrap elementor-element-populated\">\n\t\t\t\t\t\t<div class=\"elementor-element elementor-element-3a0520dc red-dot elementor-widget elementor-widget-heading\" data-id=\"3a0520dc\" data-element_type=\"widget\" data-e-type=\"widget\" data-widget_type=\"heading.default\">\n\t\t\t\t<div class=\"elementor-widget-container\">\n\t\t\t\t\t<h1 class=\"elementor-heading-title elementor-size-default\">Maximiza la carga. Detener el env\u00edo a\u00e9reo <\/h1>\t\t\t\t<\/div>\n\t\t\t\t<\/div>\n\t\t\t\t<div class=\"elementor-element elementor-element-6b43b49c elementor-widget elementor-widget-heading\" data-id=\"6b43b49c\" data-element_type=\"widget\" data-e-type=\"widget\" data-widget_type=\"heading.default\">\n\t\t\t\t<div class=\"elementor-widget-container\">\n\t\t\t\t\t<h4 class=\"elementor-heading-title elementor-size-default\">Auditor\u00eda y demostraci\u00f3n gratuitas de ROI. Cons\u00edguelo ahora <\/h4>\t\t\t\t<\/div>\n\t\t\t\t<\/div>\n\t\t\t\t\t<\/div>\n\t\t<\/div>\n\t\t\t\t<div class=\"elementor-column elementor-col-50 elementor-top-column elementor-element elementor-element-62a5a28b\" data-id=\"62a5a28b\" data-element_type=\"column\" data-e-type=\"column\" data-settings=\"{&quot;background_background&quot;:&quot;classic&quot;}\">\n\t\t\t<div class=\"elementor-widget-wrap elementor-element-populated\">\n\t\t\t\t\t\t<div class=\"elementor-element elementor-element-1fcf0793 elementor-widget elementor-widget-jet-form-builder-form\" data-id=\"1fcf0793\" data-element_type=\"widget\" data-e-type=\"widget\" data-widget_type=\"jet-form-builder-form.default\">\n\t\t\t\t<div class=\"elementor-widget-container\">\n\t\t\t\t\t<link rel='stylesheet' id='wp-block-library-css' href='https:\/\/a-ward.com\/wp-includes\/css\/dist\/block-library\/style.min.css?ver=bf5b97ed7a6d692a6ebe729dce88ffde' media='all' \/>\n<style id=\"jet-form-builder-25555-inline-css\"><\/style><form  class=\"jet-form-builder layout-column submit-type-reload\" action=\"https:\/\/a-ward.com\/es\/wp-json\/wp\/v2\/pages\/25568\/?b55v7j=84Ly2K6Hz9q1&amp;method=reload\" method=\"POST\" data-form-id=\"25555\" data-layout=\"column\" enctype=\"multipart\/form-data\" novalidate=\"null\" ssr_validation_method=\"rest\"><input type=\"hidden\" id=\"_wpnonce\" name=\"_wpnonce\" value=\"fe0fb820da\" \/><input type=\"hidden\" name=\"_wp_http_referer\" value=\"\/es\/wp-json\/wp\/v2\/pages\/25568\" \/>\r\n<input type=\"hidden\" name=\"_jfb_current_render_states[]\" value=\"DEFAULT.STATE\" data-jfb-sync \/><input type=\"hidden\" class=\"jet-form-builder__field hidden-field\" name=\"_jet_engine_booking_form_id\" data-field-name=\"_jet_engine_booking_form_id\" value=\"25555\">\n<input type=\"hidden\" class=\"jet-form-builder__field hidden-field\" name=\"_jet_engine_refer\" data-field-name=\"_jet_engine_refer\" value=\"https:\/\/a-ward.com\/es\/wp-json\/wp\/v2\/pages\/25568\/\">\n<input type=\"hidden\" class=\"jet-form-builder__field hidden-field\" name=\"__queried_post_id\" data-field-name=\"__queried_post_id\" value=\"25568\">\n<input type=\"hidden\" class=\"jet-form-builder__field hidden-field\" name=\"_user_journey\" data-field-name=\"_user_journey\">\n<div  class=\"jet-form-builder-row field-type-text-field\" >\n<div class=\"jet-form-builder__label\">\r\n<label class=\"jet-form-builder__label-text\" for=\"name\">Name <span class=\"jet-form-builder__required\">*<\/span><\/label><\/div><div class=\"jet-form-builder__field-wrap\">\n\t\t\t\t<input placeholder=\"Name*\" required=\"required\" name=\"name\" id=\"name\" type=\"text\" data-field-name=\"name\" class=\"jet-form-builder__field text-field\" data-jfb-sync=\"null\" autocomplete=\"off_S2XPJEhO\">\n\t\t\t\t\t<\/div>\n<\/div>\n\n<div  class=\"jet-form-builder-row field-type-text-field\" >\n<div class=\"jet-form-builder__label\">\r\n<label class=\"jet-form-builder__label-text\" for=\"email\">Email <span class=\"jet-form-builder__required\">*<\/span><\/label><\/div><div class=\"jet-form-builder__field-wrap\">\n\t\t\t\t<input placeholder=\"Email*\" required=\"required\" name=\"email\" id=\"email\" type=\"email\" data-field-name=\"email\" class=\"jet-form-builder__field text-field\" data-jfb-sync=\"null\" autocomplete=\"off_nWioJm1M\">\n\t\t\t\t\t<\/div>\n<\/div>\n\n<div  class=\"jet-form-builder-row field-type-text-field\" >\n<div class=\"jet-form-builder__label\">\r\n<label class=\"jet-form-builder__label-text\" for=\"company\">Company <span class=\"jet-form-builder__required\">*<\/span><\/label><\/div><div class=\"jet-form-builder__field-wrap\">\n\t\t\t\t<input placeholder=\"Your company*\" required=\"required\" name=\"company\" id=\"company\" type=\"text\" data-field-name=\"company\" class=\"jet-form-builder__field text-field\" data-jfb-sync=\"null\" autocomplete=\"off_Xzi3Dvyh\">\n\t\t\t\t\t<\/div>\n<\/div>\n\n<div  class=\"jet-form-builder-row field-type-submit-field\" >\n\t<div data-type=\"submit\" class=\"jet-form-builder__action-button-wrapper jet-form-builder__submit-wrap\">\n\t<button class=\"jet-form-builder__action-button jet-form-builder__submit submit-type-reload\" type=\"submit\">Get Free Audit<\/button>\n\t<\/div>\n\t\n<\/div>\n\n\n<input type=\"hidden\" class=\"jet-form-builder__field hidden-field\" name=\"gclid\" data-field-name=\"gclid\" data-jfb-sync=\"null\">\n\n\n\n\n<input type=\"hidden\" class=\"jet-form-builder__field hidden-field\" name=\"utm_source\" data-field-name=\"utm_source\" data-jfb-sync=\"null\">\n\n\n\n\n<input type=\"hidden\" class=\"jet-form-builder__field hidden-field\" name=\"utm_medium\" data-field-name=\"utm_medium\" data-jfb-sync=\"null\">\n\n\n\n\n<input type=\"hidden\" class=\"jet-form-builder__field hidden-field\" name=\"utm_campaign\" data-field-name=\"utm_campaign\" data-jfb-sync=\"null\">\n\n\n\n\n<input type=\"hidden\" class=\"jet-form-builder__field hidden-field\" name=\"utm_campaign_id\" data-field-name=\"utm_campaign_id\" data-jfb-sync=\"null\">\n\n\n\n\n<input type=\"hidden\" class=\"jet-form-builder__field hidden-field\" name=\"utm_keyword\" data-field-name=\"utm_keyword\" data-jfb-sync=\"null\">\n\n\n\n\n<input type=\"hidden\" class=\"jet-form-builder__field hidden-field\" name=\"ad_user_data_consent\" data-field-name=\"ad_user_data_consent\" data-jfb-sync=\"null\">\n\n\n\n\n<input type=\"hidden\" class=\"jet-form-builder__field hidden-field\" name=\"submitted_at\" data-field-name=\"submitted_at\" data-jfb-sync=\"null\">\n\n\n\n\n<input type=\"hidden\" class=\"jet-form-builder__field hidden-field\" name=\"lead_id\" data-field-name=\"lead_id\" data-jfb-sync=\"null\" value=\"1776425673\">\n\n\n\n\n<input type=\"hidden\" class=\"jet-form-builder__field hidden-field\" name=\"ip_address\" data-field-name=\"ip_address\" data-jfb-sync=\"null\">\n\n\n\n\n<input type=\"hidden\" class=\"jet-form-builder__field hidden-field\" name=\"user_agent\" data-field-name=\"user_agent\" data-jfb-sync=\"null\">\n\n\n\n\n<p><\/p>\n\n\n\n<div class=\"jet-form-builder-row captcha-token-container\" data-validation-type=\"inherit\">\n\t<input type=\"hidden\" class=\"captcha-token\" name=\"_captcha_token\" value=\"\" data-jfb-sync required=\"required\">\n<\/div>\n\t<div class=\"jet-form-builder-messages-wrap\" data-form-id=\"25555\"><\/div>\n<\/form>\n\t\t\t\t<\/div>\n\t\t\t\t<\/div>\n\t\t\t\t\t<\/div>\n\t\t<\/div>\n\t\t\t\t\t<\/div>\n\t\t<\/section>\n\t\t\t\t<section class=\"elementor-section elementor-top-section elementor-element elementor-element-3a0eb44 elementor-section-boxed elementor-section-height-default elementor-section-height-default\" data-id=\"3a0eb44\" data-element_type=\"section\" data-e-type=\"section\" data-settings=\"{&quot;jet_parallax_layout_list&quot;:[]}\">\n\t\t\t\t\t\t<div class=\"elementor-container elementor-column-gap-default\">\n\t\t\t\t\t<div class=\"elementor-column elementor-col-100 elementor-top-column elementor-element elementor-element-cd3fbc2\" data-id=\"cd3fbc2\" data-element_type=\"column\" data-e-type=\"column\">\n\t\t\t<div class=\"elementor-widget-wrap elementor-element-populated\">\n\t\t\t\t\t\t<div class=\"elementor-element elementor-element-d85ea50 elementor-widget elementor-widget-image\" data-id=\"d85ea50\" data-element_type=\"widget\" data-e-type=\"widget\" data-widget_type=\"image.default\">\n\t\t\t\t<div class=\"elementor-widget-container\">\n\t\t\t\t\t\t\t\t\t\t\t\t\t\t\t<img fetchpriority=\"high\" decoding=\"async\" width=\"1920\" height=\"1080\" src=\"https:\/\/a-ward.com\/wp-content\/uploads\/2026\/04\/rema-2026-campaign-1920.jpg\" class=\"attachment-full size-full wp-image-25603\" alt=\"ReMA 2026 A-WARD\" srcset=\"https:\/\/a-ward.com\/wp-content\/uploads\/2026\/04\/rema-2026-campaign-1920.jpg 1920w, https:\/\/a-ward.com\/wp-content\/uploads\/2026\/04\/rema-2026-campaign-1920-300x169.jpg 300w, https:\/\/a-ward.com\/wp-content\/uploads\/2026\/04\/rema-2026-campaign-1920-1024x576.jpg 1024w, https:\/\/a-ward.com\/wp-content\/uploads\/2026\/04\/rema-2026-campaign-1920-768x432.jpg 768w, https:\/\/a-ward.com\/wp-content\/uploads\/2026\/04\/rema-2026-campaign-1920-1536x864.jpg 1536w\" sizes=\"(max-width: 1920px) 100vw, 1920px\" \/>\t\t\t\t\t\t\t\t\t\t\t\t\t\t\t<\/div>\n\t\t\t\t<\/div>\n\t\t\t\t\t<\/div>\n\t\t<\/div>\n\t\t\t\t\t<\/div>\n\t\t<\/section>\n\t\t\t\t<\/div>\n\t\t","protected":false},"excerpt":{"rendered":"<p>Maximiza la carga. Detener el env\u00edo a\u00e9reo Auditor\u00eda y demostraci\u00f3n gratuitas de ROI. Cons\u00edguelo ahora Name * Email * Company * Get Free Audit<\/p>\n","protected":false},"author":17,"featured_media":0,"parent":0,"menu_order":7,"comment_status":"closed","ping_status":"closed","template":"elementor_header_footer","meta":{"inline_featured_image":false,"footnotes":""},"class_list":["post-25568","page","type-page","status-publish","hentry"],"_links":{"self":[{"href":"https:\/\/a-ward.com\/es\/wp-json\/wp\/v2\/pages\/25568","targetHints":{"allow":["GET"]}}],"collection":[{"href":"https:\/\/a-ward.com\/es\/wp-json\/wp\/v2\/pages"}],"about":[{"href":"https:\/\/a-ward.com\/es\/wp-json\/wp\/v2\/types\/page"}],"author":[{"embeddable":true,"href":"https:\/\/a-ward.com\/es\/wp-json\/wp\/v2\/users\/17"}],"replies":[{"embeddable":true,"href":"https:\/\/a-ward.com\/es\/wp-json\/wp\/v2\/comments?post=25568"}],"version-history":[{"count":37,"href":"https:\/\/a-ward.com\/es\/wp-json\/wp\/v2\/pages\/25568\/revisions"}],"predecessor-version":[{"id":25773,"href":"https:\/\/a-ward.com\/es\/wp-json\/wp\/v2\/pages\/25568\/revisions\/25773"}],"wp:attachment":[{"href":"https:\/\/a-ward.com\/es\/wp-json\/wp\/v2\/media?parent=25568"}],"curies":[{"name":"wp","href":"https:\/\/api.w.org\/{rel}","templated":true}]}}