{"id":25076,"date":"2025-12-02T14:13:44","date_gmt":"2025-12-02T01:13:44","guid":{"rendered":"https:\/\/a-ward.com\/productos\/maquinas-de-segunda-mano\/"},"modified":"2025-12-02T14:24:48","modified_gmt":"2025-12-02T01:24:48","slug":"maquinas-de-segunda-mano","status":"publish","type":"page","link":"https:\/\/a-ward.com\/es\/productos\/maquinas-de-segunda-mano\/","title":{"rendered":"M\u00e1quinas de segunda mano"},"content":{"rendered":"<p>M\u00e1quinas de segunda mano en gran relaci\u00f3n calidad-precio. Pr\u00f3ximamente. <\/p>\n","protected":false},"excerpt":{"rendered":"<p>M\u00e1quinas de segunda mano en gran relaci\u00f3n calidad-precio. Pr\u00f3ximamente.<\/p>\n","protected":false},"author":2,"featured_media":0,"parent":1391,"menu_order":0,"comment_status":"closed","ping_status":"closed","template":"","meta":{"inline_featured_image":false,"footnotes":""},"class_list":["post-25076","page","type-page","status-publish","hentry"],"_links":{"self":[{"href":"https:\/\/a-ward.com\/es\/wp-json\/wp\/v2\/pages\/25076","targetHints":{"allow":["GET"]}}],"collection":[{"href":"https:\/\/a-ward.com\/es\/wp-json\/wp\/v2\/pages"}],"about":[{"href":"https:\/\/a-ward.com\/es\/wp-json\/wp\/v2\/types\/page"}],"author":[{"embeddable":true,"href":"https:\/\/a-ward.com\/es\/wp-json\/wp\/v2\/users\/2"}],"replies":[{"embeddable":true,"href":"https:\/\/a-ward.com\/es\/wp-json\/wp\/v2\/comments?post=25076"}],"version-history":[{"count":1,"href":"https:\/\/a-ward.com\/es\/wp-json\/wp\/v2\/pages\/25076\/revisions"}],"predecessor-version":[{"id":25082,"href":"https:\/\/a-ward.com\/es\/wp-json\/wp\/v2\/pages\/25076\/revisions\/25082"}],"up":[{"embeddable":true,"href":"https:\/\/a-ward.com\/es\/wp-json\/wp\/v2\/pages\/1391"}],"wp:attachment":[{"href":"https:\/\/a-ward.com\/es\/wp-json\/wp\/v2\/media?parent=25076"}],"curies":[{"name":"wp","href":"https:\/\/api.w.org\/{rel}","templated":true}]}}