{"id":15764,"date":"2023-11-07T17:26:04","date_gmt":"2023-11-07T04:26:04","guid":{"rendered":"https:\/\/a-ward.websitereview.nz\/mineria-y-minerales\/"},"modified":"2024-03-22T18:48:19","modified_gmt":"2024-03-22T05:48:19","slug":"mineria-y-minerales","status":"publish","type":"page","link":"https:\/\/a-ward.com\/es\/casos-de-estudio-1\/mineria-y-minerales\/","title":{"rendered":"Miner\u00eda y Minerales"},"content":{"rendered":"\t\t<div data-elementor-type=\"wp-page\" data-elementor-id=\"15764\" class=\"elementor elementor-15764 elementor-15705\" data-elementor-post-type=\"page\">\n\t\t\t\t\t\t<section class=\"elementor-section elementor-top-section elementor-element elementor-element-18bc9d4 elementor-section-height-min-height elementor-section-items-bottom elementor-section-boxed elementor-section-height-default\" data-id=\"18bc9d4\" data-element_type=\"section\" data-e-type=\"section\" data-settings=\"{&quot;background_background&quot;:&quot;classic&quot;,&quot;jet_parallax_layout_list&quot;:[]}\">\n\t\t\t\t\t\t<div class=\"elementor-container elementor-column-gap-default\">\n\t\t\t\t\t<div class=\"elementor-column elementor-col-50 elementor-top-column elementor-element elementor-element-92e4098\" data-id=\"92e4098\" data-element_type=\"column\" data-e-type=\"column\">\n\t\t\t<div class=\"elementor-widget-wrap elementor-element-populated\">\n\t\t\t\t\t\t<div class=\"elementor-element elementor-element-31677c7 red-dot elementor-widget elementor-widget-heading\" data-id=\"31677c7\" data-element_type=\"widget\" data-e-type=\"widget\" data-widget_type=\"heading.default\">\n\t\t\t\t<div class=\"elementor-widget-container\">\n\t\t\t\t\t<h1 class=\"elementor-heading-title elementor-size-default\">Miner\u00eda y Minerales<\/h1>\t\t\t\t<\/div>\n\t\t\t\t<\/div>\n\t\t\t\t\t<\/div>\n\t\t<\/div>\n\t\t\t\t<div class=\"elementor-column elementor-col-50 elementor-top-column elementor-element elementor-element-b7f629e elementor-hidden-mobile_extra elementor-hidden-mobile\" data-id=\"b7f629e\" data-element_type=\"column\" data-e-type=\"column\">\n\t\t\t<div class=\"elementor-widget-wrap\">\n\t\t\t\t\t\t\t<\/div>\n\t\t<\/div>\n\t\t\t\t\t<\/div>\n\t\t<\/section>\n\t\t\t\t<section class=\"elementor-section elementor-top-section elementor-element elementor-element-04d34af section-margin-top-lg section-margin-bottom-lg elementor-section-boxed elementor-section-height-default elementor-section-height-default\" data-id=\"04d34af\" data-element_type=\"section\" data-e-type=\"section\" data-settings=\"{&quot;jet_parallax_layout_list&quot;:[]}\">\n\t\t\t\t\t\t<div class=\"elementor-container elementor-column-gap-default\">\n\t\t\t\t\t<div class=\"elementor-column elementor-col-50 elementor-top-column elementor-element elementor-element-fd4fb1d\" data-id=\"fd4fb1d\" data-element_type=\"column\" data-e-type=\"column\">\n\t\t\t<div class=\"elementor-widget-wrap elementor-element-populated\">\n\t\t\t\t\t\t<div class=\"elementor-element elementor-element-4889eb6 elementor-widget elementor-widget-template\" data-id=\"4889eb6\" data-element_type=\"widget\" data-e-type=\"widget\" data-widget_type=\"template.default\">\n\t\t\t\t<div class=\"elementor-widget-container\">\n\t\t\t\t\t\t\t<div class=\"elementor-template\">\n\t\t\t\t\t<div data-elementor-type=\"section\" data-elementor-id=\"16969\" class=\"elementor elementor-16969 elementor-16952 elementor-16952\" data-elementor-post-type=\"elementor_library\">\n\t\t\t\t\t<section class=\"elementor-section elementor-inner-section elementor-element elementor-element-73db2ad4 elementor-section-boxed elementor-section-height-default elementor-section-height-default\" data-id=\"73db2ad4\" data-element_type=\"section\" data-e-type=\"section\" data-settings=\"{&quot;jet_parallax_layout_list&quot;:[]}\">\n\t\t\t\t\t\t<div class=\"elementor-container elementor-column-gap-default\">\n\t\t\t<a class=\"eael-wrapper-link-37098499 --eael-wrapper-link-tag\" href=\"https:\/\/a-ward.com\/case-studies\/mining-minerals\/transmin\/\"><\/a>\t\t<div data-eael-wrapper-link=\"eael-wrapper-link-37098499\" class=\"elementor-column elementor-col-50 elementor-inner-column elementor-element elementor-element-37098499\" data-id=\"37098499\" data-element_type=\"column\" data-e-type=\"column\" data-settings=\"{&quot;background_background&quot;:&quot;classic&quot;}\">\n\t\t\t<div class=\"elementor-widget-wrap elementor-element-populated\">\n\t\t\t\t\t\t<div class=\"elementor-element elementor-element-79e88b95 elementor-widget elementor-widget-spacer\" data-id=\"79e88b95\" data-element_type=\"widget\" data-e-type=\"widget\" data-widget_type=\"spacer.default\">\n\t\t\t\t<div class=\"elementor-widget-container\">\n\t\t\t\t\t\t\t<div class=\"elementor-spacer\">\n\t\t\t<div class=\"elementor-spacer-inner\"><\/div>\n\t\t<\/div>\n\t\t\t\t\t\t<\/div>\n\t\t\t\t<\/div>\n\t\t\t\t\t<\/div>\n\t\t<\/div>\n\t\t\t\t<div class=\"elementor-column elementor-col-50 elementor-inner-column elementor-element elementor-element-7b6a23ac match-height-column\" data-id=\"7b6a23ac\" data-element_type=\"column\" data-e-type=\"column\" data-settings=\"{&quot;background_background&quot;:&quot;classic&quot;}\">\n\t\t\t<div class=\"elementor-widget-wrap elementor-element-populated\">\n\t\t\t\t\t\t<div class=\"elementor-element elementor-element-62fc329b red-dot elementor-widget elementor-widget-heading\" data-id=\"62fc329b\" data-element_type=\"widget\" data-e-type=\"widget\" data-widget_type=\"heading.default\">\n\t\t\t\t<div class=\"elementor-widget-container\">\n\t\t\t\t\t<h5 class=\"elementor-heading-title elementor-size-default\"><a href=\"https:\/\/a-ward.com\/es\/casos-de-estudio-1\/mineria-y-minerales\/transmin\/\">Transmin<\/a><\/h5>\t\t\t\t<\/div>\n\t\t\t\t<\/div>\n\t\t\t\t<div class=\"elementor-element elementor-element-2524ad3d elementor-widget elementor-widget-text-editor\" data-id=\"2524ad3d\" data-element_type=\"widget\" data-e-type=\"widget\" data-widget_type=\"text-editor.default\">\n\t\t\t\t<div class=\"elementor-widget-container\">\n\t\t\t\t\t\t\t\t\t<p>Transmin entrega equipos, suministros y servicios de \u00faltima generaci\u00f3n a la industria minera.<\/p>\n\t\t\t\t\t\t\t\t<\/div>\n\t\t\t\t<\/div>\n\t\t\t\t<div class=\"elementor-element elementor-element-513ed153 elementor-widget elementor-widget-heading\" data-id=\"513ed153\" data-element_type=\"widget\" data-e-type=\"widget\" data-widget_type=\"heading.default\">\n\t\t\t\t<div class=\"elementor-widget-container\">\n\t\t\t\t\t<span class=\"elementor-heading-title elementor-size-default\"><a href=\"https:\/\/a-ward.com\/es\/casos-de-estudio-1\/mineria-y-minerales\/transmin\/\">Leer m\u00e1s...<\/a><\/span>\t\t\t\t<\/div>\n\t\t\t\t<\/div>\n\t\t\t\t\t<\/div>\n\t\t<\/div>\n\t\t\t\t\t<\/div>\n\t\t<\/section>\n\t\t\t\t<\/div>\n\t\t\t\t<\/div>\n\t\t\t\t\t\t<\/div>\n\t\t\t\t<\/div>\n\t\t\t\t\t<\/div>\n\t\t<\/div>\n\t\t\t\t<div class=\"elementor-column elementor-col-50 elementor-top-column elementor-element elementor-element-5f9199d\" data-id=\"5f9199d\" data-element_type=\"column\" data-e-type=\"column\">\n\t\t\t<div class=\"elementor-widget-wrap elementor-element-populated\">\n\t\t\t\t\t\t<div class=\"elementor-element elementor-element-186c6bd elementor-widget elementor-widget-spacer\" data-id=\"186c6bd\" data-element_type=\"widget\" data-e-type=\"widget\" data-widget_type=\"spacer.default\">\n\t\t\t\t<div class=\"elementor-widget-container\">\n\t\t\t\t\t\t\t<div class=\"elementor-spacer\">\n\t\t\t<div class=\"elementor-spacer-inner\"><\/div>\n\t\t<\/div>\n\t\t\t\t\t\t<\/div>\n\t\t\t\t<\/div>\n\t\t\t\t\t<\/div>\n\t\t<\/div>\n\t\t\t\t\t<\/div>\n\t\t<\/section>\n\t\t\t\t<section class=\"elementor-section elementor-top-section elementor-element elementor-element-596e279 section-margin-top-md section-margin-bottom-lg elementor-section-boxed elementor-section-height-default elementor-section-height-default\" data-id=\"596e279\" data-element_type=\"section\" data-e-type=\"section\" data-settings=\"{&quot;jet_parallax_layout_list&quot;:[]}\">\n\t\t\t\t\t\t<div class=\"elementor-container elementor-column-gap-default\">\n\t\t\t\t\t<div class=\"elementor-column elementor-col-50 elementor-top-column elementor-element elementor-element-82758ed\" data-id=\"82758ed\" data-element_type=\"column\" data-e-type=\"column\">\n\t\t\t<div class=\"elementor-widget-wrap elementor-element-populated\">\n\t\t\t\t\t\t<div class=\"elementor-element elementor-element-0c90e22 red-dot elementor-widget elementor-widget-text-editor\" data-id=\"0c90e22\" data-element_type=\"widget\" data-e-type=\"widget\" data-widget_type=\"text-editor.default\">\n\t\t\t\t<div class=\"elementor-widget-container\">\n\t\t\t\t\t\t\t\t\t<h2>Pero, \u00bfc\u00f3mo se compara una soluci\u00f3n <span style=\"color: #f31416; white-space: nowrap;\">A-Ward<\/span> ?<\/h2>\n\t\t\t\t\t\t\t\t<\/div>\n\t\t\t\t<\/div>\n\t\t\t\t<div class=\"elementor-element elementor-element-a5a79ec elementor-widget elementor-widget-text-editor\" data-id=\"a5a79ec\" data-element_type=\"widget\" data-e-type=\"widget\" data-widget_type=\"text-editor.default\">\n\t\t\t\t<div class=\"elementor-widget-container\">\n\t\t\t\t\t\t\t\t\t<p>Haga clic en el video para ver los sistemas de carga de contenedores A-Ward en acci\u00f3n.<\/p>\n\t\t\t\t\t\t\t\t<\/div>\n\t\t\t\t<\/div>\n\t\t\t\t<div class=\"elementor-element elementor-element-78c14db elementor-tablet-align-right elementor-mobile_extra-align-justify elementor-widget elementor-widget-global elementor-global-2651 elementor-global-2642 elementor-widget-button\" data-id=\"78c14db\" data-element_type=\"widget\" data-e-type=\"widget\" data-widget_type=\"button.default\">\n\t\t\t\t<div class=\"elementor-widget-container\">\n\t\t\t\t\t\t\t\t\t<div class=\"elementor-button-wrapper\">\n\t\t\t\t\t<a class=\"elementor-button elementor-button-link elementor-size-sm\" href=\"https:\/\/a-ward.com\/es\/reserve-una-videoconferencia\/\">\n\t\t\t\t\t\t<span class=\"elementor-button-content-wrapper\">\n\t\t\t\t\t\t\t\t\t<span class=\"elementor-button-text\">Solicitar videoconferencia<\/span>\n\t\t\t\t\t<\/span>\n\t\t\t\t\t<\/a>\n\t\t\t\t<\/div>\n\t\t\t\t\t\t\t\t<\/div>\n\t\t\t\t<\/div>\n\t\t\t\t\t<\/div>\n\t\t<\/div>\n\t\t\t\t<div class=\"elementor-column elementor-col-50 elementor-top-column elementor-element elementor-element-40d3228\" data-id=\"40d3228\" data-element_type=\"column\" data-e-type=\"column\">\n\t\t\t<div class=\"elementor-widget-wrap elementor-element-populated\">\n\t\t\t\t\t\t<div class=\"elementor-element elementor-element-8a72016 elementor-widget elementor-widget-smartvideo\" data-id=\"8a72016\" data-element_type=\"widget\" data-e-type=\"widget\" data-widget_type=\"smartvideo.default\">\n\t\t\t\t<div class=\"elementor-widget-container\">\n\t\t\t\t\t<smartvideo src=\"https:\/\/a-ward.com\/wp-content\/uploads\/2024\/02\/A-Ward-3D-Project-2024-01-Mastered.mp4\" width=\"800\" height=\"534\" poster=\"https:\/\/a-ward.com\/wp-content\/uploads\/2023\/07\/video-bg-loading.jpg\" class=\"swarm-fluid\"    controls ><\/smartvideo>\t\t\t\t<\/div>\n\t\t\t\t<\/div>\n\t\t\t\t\t<\/div>\n\t\t<\/div>\n\t\t\t\t\t<\/div>\n\t\t<\/section>\n\t\t\t\t<section class=\"elementor-section elementor-top-section elementor-element elementor-element-f52eb87 section-margin-top-lg section-margin-bottom-lg elementor-section-boxed elementor-section-height-default elementor-section-height-default\" data-id=\"f52eb87\" data-element_type=\"section\" data-e-type=\"section\" data-settings=\"{&quot;jet_parallax_layout_list&quot;:[]}\">\n\t\t\t\t\t\t<div class=\"elementor-container elementor-column-gap-default\">\n\t\t\t\t\t<div class=\"elementor-column elementor-col-100 elementor-top-column elementor-element elementor-element-78cefc3\" data-id=\"78cefc3\" data-element_type=\"column\" data-e-type=\"column\">\n\t\t\t<div class=\"elementor-widget-wrap elementor-element-populated\">\n\t\t\t\t\t\t<div class=\"elementor-element elementor-element-a5c4e45 elementor-align-right elementor-widget elementor-widget-button\" data-id=\"a5c4e45\" data-element_type=\"widget\" data-e-type=\"widget\" data-widget_type=\"button.default\">\n\t\t\t\t<div class=\"elementor-widget-container\">\n\t\t\t\t\t\t\t\t\t<div class=\"elementor-button-wrapper\">\n\t\t\t\t\t<a class=\"elementor-button elementor-button-link elementor-size-sm\" href=\"https:\/\/a-ward.com\/es\/casos-de-estudio-1\/\">\n\t\t\t\t\t\t<span class=\"elementor-button-content-wrapper\">\n\t\t\t\t\t\t<span class=\"elementor-button-icon\">\n\t\t\t\t<svg aria-hidden=\"true\" class=\"e-font-icon-svg e-fas-arrow-left\" viewBox=\"0 0 448 512\" xmlns=\"http:\/\/www.w3.org\/2000\/svg\"><path d=\"M257.5 445.1l-22.2 22.2c-9.4 9.4-24.6 9.4-33.9 0L7 273c-9.4-9.4-9.4-24.6 0-33.9L201.4 44.7c9.4-9.4 24.6-9.4 33.9 0l22.2 22.2c9.5 9.5 9.3 25-.4 34.3L136.6 216H424c13.3 0 24 10.7 24 24v32c0 13.3-10.7 24-24 24H136.6l120.5 114.8c9.8 9.3 10 24.8.4 34.3z\"><\/path><\/svg>\t\t\t<\/span>\n\t\t\t\t\t\t\t\t\t<span class=\"elementor-button-text\">Volver a Casos de Estudio<\/span>\n\t\t\t\t\t<\/span>\n\t\t\t\t\t<\/a>\n\t\t\t\t<\/div>\n\t\t\t\t\t\t\t\t<\/div>\n\t\t\t\t<\/div>\n\t\t\t\t\t<\/div>\n\t\t<\/div>\n\t\t\t\t\t<\/div>\n\t\t<\/section>\n\t\t\t\t<\/div>\n\t\t","protected":false},"excerpt":{"rendered":"<p>Miner\u00eda y Minerales Pero, \u00bfc\u00f3mo se compara una soluci\u00f3n A-Ward ? Haga clic en el video para ver los sistemas de carga de contenedores A-Ward en acci\u00f3n. Request Video Meeting Volver a Casos de Estudio<\/p>\n","protected":false},"author":2,"featured_media":0,"parent":15642,"menu_order":0,"comment_status":"closed","ping_status":"closed","template":"","meta":{"inline_featured_image":false,"footnotes":""},"class_list":["post-15764","page","type-page","status-publish","hentry"],"_links":{"self":[{"href":"https:\/\/a-ward.com\/es\/wp-json\/wp\/v2\/pages\/15764","targetHints":{"allow":["GET"]}}],"collection":[{"href":"https:\/\/a-ward.com\/es\/wp-json\/wp\/v2\/pages"}],"about":[{"href":"https:\/\/a-ward.com\/es\/wp-json\/wp\/v2\/types\/page"}],"author":[{"embeddable":true,"href":"https:\/\/a-ward.com\/es\/wp-json\/wp\/v2\/users\/2"}],"replies":[{"embeddable":true,"href":"https:\/\/a-ward.com\/es\/wp-json\/wp\/v2\/comments?post=15764"}],"version-history":[{"count":16,"href":"https:\/\/a-ward.com\/es\/wp-json\/wp\/v2\/pages\/15764\/revisions"}],"predecessor-version":[{"id":23597,"href":"https:\/\/a-ward.com\/es\/wp-json\/wp\/v2\/pages\/15764\/revisions\/23597"}],"up":[{"embeddable":true,"href":"https:\/\/a-ward.com\/es\/wp-json\/wp\/v2\/pages\/15642"}],"wp:attachment":[{"href":"https:\/\/a-ward.com\/es\/wp-json\/wp\/v2\/media?parent=15764"}],"curies":[{"name":"wp","href":"https:\/\/api.w.org\/{rel}","templated":true}]}}