{"id":15482,"date":"2023-10-30T11:32:53","date_gmt":"2023-10-29T22:32:53","guid":{"rendered":"https:\/\/a-ward.websitereview.nz\/blog\/"},"modified":"2026-03-04T13:38:31","modified_gmt":"2026-03-04T00:38:31","slug":"blog","status":"publish","type":"page","link":"https:\/\/a-ward.com\/es\/blog\/","title":{"rendered":"Blog"},"content":{"rendered":"\t\t<div data-elementor-type=\"wp-page\" data-elementor-id=\"15482\" class=\"elementor elementor-15482 elementor-15477\" data-elementor-post-type=\"page\">\n\t\t\t\t\t\t<section class=\"elementor-section elementor-top-section elementor-element elementor-element-2a28d61b elementor-section-height-min-height elementor-section-items-bottom elementor-section-boxed elementor-section-height-default\" data-id=\"2a28d61b\" data-element_type=\"section\" data-e-type=\"section\" data-settings=\"{&quot;background_background&quot;:&quot;classic&quot;,&quot;jet_parallax_layout_list&quot;:[]}\">\n\t\t\t\t\t\t<div class=\"elementor-container elementor-column-gap-default\">\n\t\t\t\t\t<div class=\"elementor-column elementor-col-50 elementor-top-column elementor-element elementor-element-477507ae\" data-id=\"477507ae\" data-element_type=\"column\" data-e-type=\"column\">\n\t\t\t<div class=\"elementor-widget-wrap elementor-element-populated\">\n\t\t\t\t\t\t<div class=\"elementor-element elementor-element-56ed7aba red-dot elementor-widget elementor-widget-heading\" data-id=\"56ed7aba\" data-element_type=\"widget\" data-e-type=\"widget\" data-widget_type=\"heading.default\">\n\t\t\t\t<div class=\"elementor-widget-container\">\n\t\t\t\t\t<h1 class=\"elementor-heading-title elementor-size-default\">Blog \/ Noticias<\/h1>\t\t\t\t<\/div>\n\t\t\t\t<\/div>\n\t\t\t\t\t<\/div>\n\t\t<\/div>\n\t\t\t\t<div class=\"elementor-column elementor-col-50 elementor-top-column elementor-element elementor-element-3d967bbd elementor-hidden-mobile_extra elementor-hidden-mobile\" data-id=\"3d967bbd\" data-element_type=\"column\" data-e-type=\"column\">\n\t\t\t<div class=\"elementor-widget-wrap\">\n\t\t\t\t\t\t\t<\/div>\n\t\t<\/div>\n\t\t\t\t\t<\/div>\n\t\t<\/section>\n\t\t\t\t<section class=\"elementor-section elementor-top-section elementor-element elementor-element-fd2825a section-margin-top-lg section-margin-bottom-lg elementor-section-boxed elementor-section-height-default elementor-section-height-default\" data-id=\"fd2825a\" data-element_type=\"section\" data-e-type=\"section\" data-settings=\"{&quot;jet_parallax_layout_list&quot;:[]}\">\n\t\t\t\t\t\t<div class=\"elementor-container elementor-column-gap-default\">\n\t\t\t\t\t<div class=\"elementor-column elementor-col-100 elementor-top-column elementor-element elementor-element-1b1665d\" data-id=\"1b1665d\" data-element_type=\"column\" data-e-type=\"column\">\n\t\t\t<div class=\"elementor-widget-wrap elementor-element-populated\">\n\t\t\t\t\t\t<div class=\"elementor-element elementor-element-40fc656 uael-equal__height-yes uael-post__filter-align-center uael-posts-thumbnail-ratio elementor-widget elementor-widget-uael-posts\" data-id=\"40fc656\" data-element_type=\"widget\" data-e-type=\"widget\" data-settings=\"{&quot;event_show_filters&quot;:&quot;yes&quot;,&quot;event_slides_to_show&quot;:3,&quot;event_slides_to_show_tablet&quot;:2,&quot;event_slides_to_show_mobile&quot;:1}\" data-widget_type=\"uael-posts.event\">\n\t\t\t\t<div class=\"elementor-widget-container\">\n\t\t\t\t\t\t\t<div class=\"uael-post__header\">\n\t\t\t\t\t<div class=\"uael-post__header-filters-wrap uael-posts-tabs-dropdown\">\n\t\t\t<ul class=\"uael-post__header-filters\" aria-label=\"Filtro de Taxonom\u00eda\">\n\t\t\t\t<li class=\"uael-post__header-filter uael-filter__current\" data-filter=\"*\">todo<\/li>\n\t\t\t\t\t\t\t\t<li class=\"uael-post__header-filter\" data-filter=\".eventos\" tabindex=\"0\">Eventos<\/li>\n\t\t\t\t\t\t\t\t<li class=\"uael-post__header-filter\" data-filter=\".noticias\" tabindex=\"0\">Noticias<\/li>\n\t\t\t\t\t\t\t\t<li class=\"uael-post__header-filter\" data-filter=\".noticias-de-la-industria\" tabindex=\"0\">Noticias de la industria<\/li>\n\t\t\t\t\t\t\t\t<li class=\"uael-post__header-filter\" data-filter=\".noticias-generales\" tabindex=\"0\">Noticias generales<\/li>\n\t\t\t\t\t\t\t<\/ul>\n\n\t\t\t\t\t\t\t<div class=\"uael-filters-dropdown\">\n\t\t\t\t\t<div class=\"uael-filters-dropdown-button\">todo<i class=\"fa fa-angle-down\"><\/i><\/div>\n\n\t\t\t\t\t<ul class=\"uael-filters-dropdown-list uael-post__header-filters\">\n\t\t\t\t\t\t<li class=\"uael-filters-dropdown-item uael-post__header-filter uael-filter__current\" data-filter=\"*\">todo<\/li>\n\t\t\t\t\t\t\t\t\t\t\t\t<li class=\"uael-filters-dropdown-item uael-post__header-filter\" data-filter=\".eventos\">Eventos<\/li>\n\t\t\t\t\t\t\t\t\t\t\t\t<li class=\"uael-filters-dropdown-item uael-post__header-filter\" data-filter=\".noticias\">Noticias<\/li>\n\t\t\t\t\t\t\t\t\t\t\t\t<li class=\"uael-filters-dropdown-item uael-post__header-filter\" data-filter=\".noticias-de-la-industria\">Noticias de la industria<\/li>\n\t\t\t\t\t\t\t\t\t\t\t\t<li class=\"uael-filters-dropdown-item uael-post__header-filter\" data-filter=\".noticias-generales\">Noticias generales<\/li>\n\t\t\t\t\t\t\t\t\t\t\t<\/ul>\n\t\t\t\t<\/div>\n\t\t\t\t\t<\/div>\n\t\t\t\t<\/div>\n\t\t<div class=\"uael-post__body\">\n\t\t\t\n\t\t\n\t\t<div class=\"uael-post-grid uael-posts\" data-query-type=\"custom\" data-structure=\"normal\" data-layout=\"\" data-page=\"15482\" data-skin=\"event\" data-filter-default=\"todo\" data-offset-top=\"30\" >\n\n\t\t\t\t\t\t\t<div class=\"uael-post-grid__inner uael-post__columns-3 uael-post__columns-tablet-2 uael-post__columns-mobile-1 uael-post-infinite-scroll uael-post-infinite__event-scroll\">\n\t\t\t\n\n<div class=\"uael-post-wrapper noticias noticias-generales  noticias noticias-generales \">\n\t<div class=\"uael-post__bg-wrap uael-bg-wrap-disabled\">\n\n\t\t\t\t\n\t\t<div class=\"uael-post__inner-wrap uael-inner-wrap-disabled\">\n\n\t\t\t\t<div class=\"uael-post__thumbnail uael-post-wrapper__noimage\">\n\t\t\t\t\t\t<a target=\"_self\" href=\"https:\/\/a-ward.com\/es\/femsa\/\" title=\"Femsa\"><\/a>\n\t\t\t\t\t<div class=\"uael-post__datebox uael-post__noimage\">\n\t\t\t\t<div class=\"uael-post__date-wrap\">\n\t\t\t\t\t\t\t\t\t\t<span class='uael-post__date-month'>Oct<\/span><span class='uael-post__date-day'>06<\/span>\t\t\t\t<\/div>\t\t\t\t\n\t\t\t<\/div>\n\t\t<\/div>\n\t\t\n\t\t\t\n\t\t\t<div class=\"uael-post__content-wrap uael-content-wrap-disabled\">\n\n\t\t\t\t\t<h5 class=\"uael-post__title\">\n\n\t\t\n\t\t\t\t\t\t<a href=\"https:\/\/a-ward.com\/es\/femsa\/\" target=\"_self\">\n\t\t\t\tFemsa\t\t\t<\/a>\n\n\t\t\t\t<\/h5>\n\t\t\n\t\t<div class=\"uael-post__excerpt\">\n\t\t\thttps:\/\/vimeo.com\/625076037 Estimados amigos de FEMSA, Sentimos su dolor. Los costos de env\u00edo y log\u00edstica de az\u00facar han aumentado m\u00e1s del 25% en muchas de sus ...\t\t<\/div>\n\n\t\t\t\t\t<\/div>\n\t\t\t\n\t\t<\/div>\n\t\t\n\n\t<\/div>\n\n<\/div>\n\n\n<div class=\"uael-post-wrapper noticias noticias-de-la-industria noticias-generales  noticias noticias-de-la-industria noticias-generales \">\n\t<div class=\"uael-post__bg-wrap uael-bg-wrap-disabled\">\n\n\t\t\t\t\n\t\t<div class=\"uael-post__inner-wrap uael-inner-wrap-disabled\">\n\n\t\t\t\t<div class=\"uael-post__thumbnail uael-post-wrapper__noimage\">\n\t\t\t\t\t\t<a target=\"_self\" href=\"https:\/\/a-ward.com\/es\/reseteo-para-el-crecimiento\/\" title=\"Reseteo para el crecimiento\"><\/a>\n\t\t\t\t\t<div class=\"uael-post__datebox uael-post__noimage\">\n\t\t\t\t<div class=\"uael-post__date-wrap\">\n\t\t\t\t\t\t\t\t\t\t<span class='uael-post__date-month'>Jun<\/span><span class='uael-post__date-day'>30<\/span>\t\t\t\t<\/div>\t\t\t\t\n\t\t\t<\/div>\n\t\t<\/div>\n\t\t\n\t\t\t\n\t\t\t<div class=\"uael-post__content-wrap uael-content-wrap-disabled\">\n\n\t\t\t\t\t<h5 class=\"uael-post__title\">\n\n\t\t\n\t\t\t\t\t\t<a href=\"https:\/\/a-ward.com\/es\/reseteo-para-el-crecimiento\/\" target=\"_self\">\n\t\t\t\tReseteo para el crecimiento\t\t\t<\/a>\n\n\t\t\t\t<\/h5>\n\t\t\n\t\t<div class=\"uael-post__excerpt\">\n\t\t\t&#013; La mentalidad del cliente de A-Ward impulsada a restablecer las operaciones de transporte para mejor: &#013; &#013; Crecimiento rentable de la manipulaci\u00f3n a granel ...\t\t<\/div>\n\n\t\t\t\t\t<\/div>\n\t\t\t\n\t\t<\/div>\n\t\t\n\n\t<\/div>\n\n<\/div>\n\n\n<div class=\"uael-post-wrapper noticias noticias-de-la-industria noticias-generales  noticias noticias-de-la-industria noticias-generales \">\n\t<div class=\"uael-post__bg-wrap uael-bg-wrap-disabled\">\n\n\t\t\t\t\n\t\t<div class=\"uael-post__inner-wrap uael-inner-wrap-disabled\">\n\n\t\t\t\t<div class=\"uael-post__thumbnail uael-post-wrapper__noimage\">\n\t\t\t\t\t\t<a target=\"_self\" href=\"https:\/\/a-ward.com\/es\/mantengase-a-la-vanguardia-del-entorno-regulatorio\/\" title=\"Mant\u00e9ngase a la vanguardia del entorno regulatorio\"><\/a>\n\t\t\t\t\t<div class=\"uael-post__datebox uael-post__noimage\">\n\t\t\t\t<div class=\"uael-post__date-wrap\">\n\t\t\t\t\t\t\t\t\t\t<span class='uael-post__date-month'>Jun<\/span><span class='uael-post__date-day'>27<\/span>\t\t\t\t<\/div>\t\t\t\t\n\t\t\t<\/div>\n\t\t<\/div>\n\t\t\n\t\t\t\n\t\t\t<div class=\"uael-post__content-wrap uael-content-wrap-disabled\">\n\n\t\t\t\t\t<h5 class=\"uael-post__title\">\n\n\t\t\n\t\t\t\t\t\t<a href=\"https:\/\/a-ward.com\/es\/mantengase-a-la-vanguardia-del-entorno-regulatorio\/\" target=\"_self\">\n\t\t\t\tMant\u00e9ngase a la vanguardia del entorno regulatorio\t\t\t<\/a>\n\n\t\t\t\t<\/h5>\n\t\t\n\t\t<div class=\"uael-post__excerpt\">\n\t\t\t&#013; El entorno regulatorio nunca ha tenido tanto efecto en las operaciones comerciales como lo hace hoy. &#013; &#013; Las organizaciones internacionales en el manejo ...\t\t<\/div>\n\n\t\t\t\t\t<\/div>\n\t\t\t\n\t\t<\/div>\n\t\t\n\n\t<\/div>\n\n<\/div>\n\n\n<div class=\"uael-post-wrapper noticias noticias-generales  noticias noticias-generales \">\n\t<div class=\"uael-post__bg-wrap uael-bg-wrap-disabled\">\n\n\t\t\t\t\n\t\t<div class=\"uael-post__inner-wrap uael-inner-wrap-disabled\">\n\n\t\t\t\t<div class=\"uael-post__thumbnail uael-post-wrapper__noimage\">\n\t\t\t\t\t\t<a target=\"_self\" href=\"https:\/\/a-ward.com\/es\/planeta-tierra-para-a-ward\/\" title=\"Planeta Tierra para A-Ward\"><\/a>\n\t\t\t\t\t<div class=\"uael-post__datebox uael-post__noimage\">\n\t\t\t\t<div class=\"uael-post__date-wrap\">\n\t\t\t\t\t\t\t\t\t\t<span class='uael-post__date-month'>May<\/span><span class='uael-post__date-day'>10<\/span>\t\t\t\t<\/div>\t\t\t\t\n\t\t\t<\/div>\n\t\t<\/div>\n\t\t\n\t\t\t\n\t\t\t<div class=\"uael-post__content-wrap uael-content-wrap-disabled\">\n\n\t\t\t\t\t<h5 class=\"uael-post__title\">\n\n\t\t\n\t\t\t\t\t\t<a href=\"https:\/\/a-ward.com\/es\/planeta-tierra-para-a-ward\/\" target=\"_self\">\n\t\t\t\tPlaneta Tierra para A-Ward\t\t\t<\/a>\n\n\t\t\t\t<\/h5>\n\t\t\n\t\t<div class=\"uael-post__excerpt\">\n\t\t\t&#013; La visi\u00f3n de Steve Jobs captur\u00f3 la esencia de lo que se convertir\u00eda en una explosi\u00f3n tecnol\u00f3gica de innovaci\u00f3n y transformaci\u00f3n. Adem\u00e1s, tambi\u00e9n nos ...\t\t<\/div>\n\n\t\t\t\t\t<\/div>\n\t\t\t\n\t\t<\/div>\n\t\t\n\n\t<\/div>\n\n<\/div>\n\n\n<div class=\"uael-post-wrapper noticias noticias-generales  noticias noticias-generales \">\n\t<div class=\"uael-post__bg-wrap uael-bg-wrap-disabled\">\n\n\t\t\t\t\n\t\t<div class=\"uael-post__inner-wrap uael-inner-wrap-disabled\">\n\n\t\t\t\t<div class=\"uael-post__thumbnail uael-post-wrapper__noimage\">\n\t\t\t\t\t\t<a target=\"_self\" href=\"https:\/\/a-ward.com\/es\/cuando-piden-un-caballo\/\" title=\"Cuando piden un caballo.\"><\/a>\n\t\t\t\t\t<div class=\"uael-post__datebox uael-post__noimage\">\n\t\t\t\t<div class=\"uael-post__date-wrap\">\n\t\t\t\t\t\t\t\t\t\t<span class='uael-post__date-month'>May<\/span><span class='uael-post__date-day'>10<\/span>\t\t\t\t<\/div>\t\t\t\t\n\t\t\t<\/div>\n\t\t<\/div>\n\t\t\n\t\t\t\n\t\t\t<div class=\"uael-post__content-wrap uael-content-wrap-disabled\">\n\n\t\t\t\t\t<h5 class=\"uael-post__title\">\n\n\t\t\n\t\t\t\t\t\t<a href=\"https:\/\/a-ward.com\/es\/cuando-piden-un-caballo\/\" target=\"_self\">\n\t\t\t\tCuando piden un caballo.\t\t\t<\/a>\n\n\t\t\t\t<\/h5>\n\t\t\n\t\t<div class=\"uael-post__excerpt\">\n\t\t\t&#013; \u00abSi le preguntara a la gente qu\u00e9 quer\u00edan, habr\u00edan dicho caballos m\u00e1s r\u00e1pidos\u00bb &#8211; Henry Ford &#013; &#013; \u00bfAlguna vez algunos de tus clientes ...\t\t<\/div>\n\n\t\t\t\t\t<\/div>\n\t\t\t\n\t\t<\/div>\n\t\t\n\n\t<\/div>\n\n<\/div>\n\n\n<div class=\"uael-post-wrapper noticias noticias-generales  noticias noticias-generales \">\n\t<div class=\"uael-post__bg-wrap uael-bg-wrap-disabled\">\n\n\t\t\t\t\n\t\t<div class=\"uael-post__inner-wrap uael-inner-wrap-disabled\">\n\n\t\t\t\t<div class=\"uael-post__thumbnail uael-post-wrapper__noimage\">\n\t\t\t\t\t\t<a target=\"_self\" href=\"https:\/\/a-ward.com\/es\/re-resolver-la-logistica-como-un-principio-simple-conduce-a-eficiencias-record\/\" title=\"Re-resolver la log\u00edstica: c\u00f3mo un principio simple conduce a eficiencias r\u00e9cord\"><\/a>\n\t\t\t\t\t<div class=\"uael-post__datebox uael-post__noimage\">\n\t\t\t\t<div class=\"uael-post__date-wrap\">\n\t\t\t\t\t\t\t\t\t\t<span class='uael-post__date-month'>May<\/span><span class='uael-post__date-day'>10<\/span>\t\t\t\t<\/div>\t\t\t\t\n\t\t\t<\/div>\n\t\t<\/div>\n\t\t\n\t\t\t\n\t\t\t<div class=\"uael-post__content-wrap uael-content-wrap-disabled\">\n\n\t\t\t\t\t<h5 class=\"uael-post__title\">\n\n\t\t\n\t\t\t\t\t\t<a href=\"https:\/\/a-ward.com\/es\/re-resolver-la-logistica-como-un-principio-simple-conduce-a-eficiencias-record\/\" target=\"_self\">\n\t\t\t\tRe-resolver la log\u00edstica: c\u00f3mo un principio simple conduce a eficiencias r\u00e9cord\t\t\t<\/a>\n\n\t\t\t\t<\/h5>\n\t\t\n\t\t<div class=\"uael-post__excerpt\">\n\t\t\t&#013; Durante los \u00faltimos 80 a\u00f1os, la industria de la log\u00edstica ha movido en gran medida materias primas, bienes y productos esenciales de la misma ...\t\t<\/div>\n\n\t\t\t\t\t<\/div>\n\t\t\t\n\t\t<\/div>\n\t\t\n\n\t<\/div>\n\n<\/div>\n\n\n<div class=\"uael-post-wrapper noticias noticias-generales  noticias noticias-generales \">\n\t<div class=\"uael-post__bg-wrap uael-bg-wrap-disabled\">\n\n\t\t\t\t\n\t\t<div class=\"uael-post__inner-wrap uael-inner-wrap-disabled\">\n\n\t\t\t\t<div class=\"uael-post__thumbnail uael-post-wrapper__noimage\">\n\t\t\t\t\t\t<a target=\"_self\" href=\"https:\/\/a-ward.com\/es\/soluciones-globales-de-a-ward\/\" title=\"Soluciones Globales de A-Ward\"><\/a>\n\t\t\t\t\t<div class=\"uael-post__datebox uael-post__noimage\">\n\t\t\t\t<div class=\"uael-post__date-wrap\">\n\t\t\t\t\t\t\t\t\t\t<span class='uael-post__date-month'>Ene<\/span><span class='uael-post__date-day'>10<\/span>\t\t\t\t<\/div>\t\t\t\t\n\t\t\t<\/div>\n\t\t<\/div>\n\t\t\n\t\t\t\n\t\t\t<div class=\"uael-post__content-wrap uael-content-wrap-disabled\">\n\n\t\t\t\t\t<h5 class=\"uael-post__title\">\n\n\t\t\n\t\t\t\t\t\t<a href=\"https:\/\/a-ward.com\/es\/soluciones-globales-de-a-ward\/\" target=\"_self\">\n\t\t\t\tSoluciones Globales de A-Ward\t\t\t<\/a>\n\n\t\t\t\t<\/h5>\n\t\t\n\t\t<div class=\"uael-post__excerpt\">\n\t\t\t&#013; A-Ward ofrece soluciones globales a empresas multinacionales que est\u00e1n motivadas para mejorar significativamente sus procesos de manejo de materiales a granel. Para m\u00e1s informaci\u00f3n ...\t\t<\/div>\n\n\t\t\t\t\t<\/div>\n\t\t\t\n\t\t<\/div>\n\t\t\n\n\t<\/div>\n\n<\/div>\n\n\n<div class=\"uael-post-wrapper noticias noticias-generales  noticias noticias-generales \">\n\t<div class=\"uael-post__bg-wrap uael-bg-wrap-disabled\">\n\n\t\t\t\t\n\t\t<div class=\"uael-post__inner-wrap uael-inner-wrap-disabled\">\n\n\t\t\t\t<div class=\"uael-post__thumbnail uael-post-wrapper__noimage\">\n\t\t\t\t\t\t<a target=\"_self\" href=\"https:\/\/a-ward.com\/es\/clientes-que-visitan-la-oficina-central-de-a-ward\/\" title=\"Clientes que visitan la oficina central de A-ward\"><\/a>\n\t\t\t\t\t<div class=\"uael-post__datebox uael-post__noimage\">\n\t\t\t\t<div class=\"uael-post__date-wrap\">\n\t\t\t\t\t\t\t\t\t\t<span class='uael-post__date-month'>Sep<\/span><span class='uael-post__date-day'>07<\/span>\t\t\t\t<\/div>\t\t\t\t\n\t\t\t<\/div>\n\t\t<\/div>\n\t\t\n\t\t\t\n\t\t\t<div class=\"uael-post__content-wrap uael-content-wrap-disabled\">\n\n\t\t\t\t\t<h5 class=\"uael-post__title\">\n\n\t\t\n\t\t\t\t\t\t<a href=\"https:\/\/a-ward.com\/es\/clientes-que-visitan-la-oficina-central-de-a-ward\/\" target=\"_self\">\n\t\t\t\tClientes que visitan la oficina central de A-ward\t\t\t<\/a>\n\n\t\t\t\t<\/h5>\n\t\t\n\t\t<div class=\"uael-post__excerpt\">\n\t\t\t&#013; Siempre estamos encantados de recibir a los clientes que visitan A-Ward. Jeff Daley y Bruce Brice de Australia, junto con el Gerente Regional de ...\t\t<\/div>\n\n\t\t\t\t\t<\/div>\n\t\t\t\n\t\t<\/div>\n\t\t\n\n\t<\/div>\n\n<\/div>\n\n\n<div class=\"uael-post-wrapper noticias noticias-de-la-industria  noticias noticias-de-la-industria \">\n\t<div class=\"uael-post__bg-wrap uael-bg-wrap-disabled\">\n\n\t\t\t\t\n\t\t<div class=\"uael-post__inner-wrap uael-inner-wrap-disabled\">\n\n\t\t\t\t<div class=\"uael-post__thumbnail uael-post-wrapper__noimage\">\n\t\t\t\t\t\t<a target=\"_self\" href=\"https:\/\/a-ward.com\/es\/envimat-nuevo-distribuidor-de-a-ward-en-brasil\/\" title=\"Envimat &#8211; Nuevo Distribuidor de A-ward en Brasil\"><\/a>\n\t\t\t\t\t<div class=\"uael-post__datebox uael-post__noimage\">\n\t\t\t\t<div class=\"uael-post__date-wrap\">\n\t\t\t\t\t\t\t\t\t\t<span class='uael-post__date-month'>Jul<\/span><span class='uael-post__date-day'>26<\/span>\t\t\t\t<\/div>\t\t\t\t\n\t\t\t<\/div>\n\t\t<\/div>\n\t\t\n\t\t\t\n\t\t\t<div class=\"uael-post__content-wrap uael-content-wrap-disabled\">\n\n\t\t\t\t\t<h5 class=\"uael-post__title\">\n\n\t\t\n\t\t\t\t\t\t<a href=\"https:\/\/a-ward.com\/es\/envimat-nuevo-distribuidor-de-a-ward-en-brasil\/\" target=\"_self\">\n\t\t\t\tEnvimat &#8211; Nuevo Distribuidor de A-ward en Brasil\t\t\t<\/a>\n\n\t\t\t\t<\/h5>\n\t\t\n\t\t<div class=\"uael-post__excerpt\">\n\t\t\t&#013; ENVIMAT Tecnologia ha sido nombrado Distribuidor Autorizado a-Ward en Brasil. Con sede en S\u00e3o Paulo, ENVIMAT proporcionar\u00e1 soluciones A-Ward a una amplia variedad de ...\t\t<\/div>\n\n\t\t\t\t\t<\/div>\n\t\t\t\n\t\t<\/div>\n\t\t\n\n\t<\/div>\n\n<\/div>\n\n\n<div class=\"uael-post-wrapper noticias noticias-de-la-industria  noticias noticias-de-la-industria \">\n\t<div class=\"uael-post__bg-wrap uael-bg-wrap-disabled\">\n\n\t\t\t\t\n\t\t<div class=\"uael-post__inner-wrap uael-inner-wrap-disabled\">\n\n\t\t\t\t<div class=\"uael-post__thumbnail uael-post-wrapper__noimage\">\n\t\t\t\t\t\t<a target=\"_self\" href=\"https:\/\/a-ward.com\/es\/descarga-de-la-mejora-de-la-eficiencia-del-arroz\/\" title=\"Descarga de la mejora de la eficiencia del arroz\"><\/a>\n\t\t\t\t\t<div class=\"uael-post__datebox uael-post__noimage\">\n\t\t\t\t<div class=\"uael-post__date-wrap\">\n\t\t\t\t\t\t\t\t\t\t<span class='uael-post__date-month'>Jun<\/span><span class='uael-post__date-day'>21<\/span>\t\t\t\t<\/div>\t\t\t\t\n\t\t\t<\/div>\n\t\t<\/div>\n\t\t\n\t\t\t\n\t\t\t<div class=\"uael-post__content-wrap uael-content-wrap-disabled\">\n\n\t\t\t\t\t<h5 class=\"uael-post__title\">\n\n\t\t\n\t\t\t\t\t\t<a href=\"https:\/\/a-ward.com\/es\/descarga-de-la-mejora-de-la-eficiencia-del-arroz\/\" target=\"_self\">\n\t\t\t\tDescarga de la mejora de la eficiencia del arroz\t\t\t<\/a>\n\n\t\t\t\t<\/h5>\n\t\t\n\t\t<div class=\"uael-post__excerpt\">\n\t\t\t&#013; A-Ward ha ayudado a los empacadores de arroz en Am\u00e9rica del Sur a reducir los costos asociados con la descarga de arroz durante la ...\t\t<\/div>\n\n\t\t\t\t\t<\/div>\n\t\t\t\n\t\t<\/div>\n\t\t\n\n\t<\/div>\n\n<\/div>\n\n\n<div class=\"uael-post-wrapper noticias noticias-generales  noticias noticias-generales \">\n\t<div class=\"uael-post__bg-wrap uael-bg-wrap-disabled\">\n\n\t\t\t\t\n\t\t<div class=\"uael-post__inner-wrap uael-inner-wrap-disabled\">\n\n\t\t\t\t<div class=\"uael-post__thumbnail uael-post-wrapper__noimage\">\n\t\t\t\t\t\t<a target=\"_self\" href=\"https:\/\/a-ward.com\/es\/responsabilidad-social\/\" title=\"Responsabilidad Social\"><\/a>\n\t\t\t\t\t<div class=\"uael-post__datebox uael-post__noimage\">\n\t\t\t\t<div class=\"uael-post__date-wrap\">\n\t\t\t\t\t\t\t\t\t\t<span class='uael-post__date-month'>Jun<\/span><span class='uael-post__date-day'>14<\/span>\t\t\t\t<\/div>\t\t\t\t\n\t\t\t<\/div>\n\t\t<\/div>\n\t\t\n\t\t\t\n\t\t\t<div class=\"uael-post__content-wrap uael-content-wrap-disabled\">\n\n\t\t\t\t\t<h5 class=\"uael-post__title\">\n\n\t\t\n\t\t\t\t\t\t<a href=\"https:\/\/a-ward.com\/es\/responsabilidad-social\/\" target=\"_self\">\n\t\t\t\tResponsabilidad Social\t\t\t<\/a>\n\n\t\t\t\t<\/h5>\n\t\t\n\t\t<div class=\"uael-post__excerpt\">\n\t\t\t&#013; A-Ward apoy\u00f3 a la comunidad con s\u00edndrome de Down en su evento de recaudaci\u00f3n de fondos para la educaci\u00f3n de los ni\u00f1os. &#013;\t\t<\/div>\n\n\t\t\t\t\t<\/div>\n\t\t\t\n\t\t<\/div>\n\t\t\n\n\t<\/div>\n\n<\/div>\n\n\n<div class=\"uael-post-wrapper noticias noticias-generales  noticias noticias-generales \">\n\t<div class=\"uael-post__bg-wrap uael-bg-wrap-disabled\">\n\n\t\t\t\t\n\t\t<div class=\"uael-post__inner-wrap uael-inner-wrap-disabled\">\n\n\t\t\t\t<div class=\"uael-post__thumbnail uael-post-wrapper__noimage\">\n\t\t\t\t\t\t<a target=\"_self\" href=\"https:\/\/a-ward.com\/es\/a-ward-en-chile\/\" title=\"A-ward En Chile\"><\/a>\n\t\t\t\t\t<div class=\"uael-post__datebox uael-post__noimage\">\n\t\t\t\t<div class=\"uael-post__date-wrap\">\n\t\t\t\t\t\t\t\t\t\t<span class='uael-post__date-month'>Jun<\/span><span class='uael-post__date-day'>06<\/span>\t\t\t\t<\/div>\t\t\t\t\n\t\t\t<\/div>\n\t\t<\/div>\n\t\t\n\t\t\t\n\t\t\t<div class=\"uael-post__content-wrap uael-content-wrap-disabled\">\n\n\t\t\t\t\t<h5 class=\"uael-post__title\">\n\n\t\t\n\t\t\t\t\t\t<a href=\"https:\/\/a-ward.com\/es\/a-ward-en-chile\/\" target=\"_self\">\n\t\t\t\tA-ward En Chile\t\t\t<\/a>\n\n\t\t\t\t<\/h5>\n\t\t\n\t\t<div class=\"uael-post__excerpt\">\n\t\t\t&#013; \u00a1A-Ward en CHILE! A las empresas de reciclaje de chatarra en Chile LES ENCANTA la tecnolog\u00eda A-Ward: eficiencia mejorada, seguridad y reducci\u00f3n de costos. ...\t\t<\/div>\n\n\t\t\t\t\t<\/div>\n\t\t\t\n\t\t<\/div>\n\t\t\n\n\t<\/div>\n\n<\/div>\n\t\t\t\t<\/div>\n\t\t\t\t\t\t<div class=\"uael-post-inf-loader\">\n\t\t\t\t<div class=\"uael-post-loader-1\"><\/div>\n\t\t\t\t<div class=\"uael-post-loader-2\"><\/div>\n\t\t\t\t<div class=\"uael-post-loader-3\"><\/div>\n\t\t\t<\/div>\n\t\t\t\t\t\t\n\t\t<\/div>\n\n\t\t\t\t\t\t<\/div>\n\t\t<div class=\"uael-post__footer\">\n\t\t\t\t\t\t<nav class=\"uael-grid-pagination\" style=\"display:none;\" role=\"navigation\" aria-label=\"Paginaci\u00f3n\" data-total=\"5\" data-next-page=\"2\">\n\t\t\t\t\t\t\t<\/nav>\n\t\t\t\t\t<\/div>\n\t\t\t\t\t\t<\/div>\n\t\t\t\t<\/div>\n\t\t\t\t\t<\/div>\n\t\t<\/div>\n\t\t\t\t\t<\/div>\n\t\t<\/section>\n\t\t\t\t<\/div>\n\t\t","protected":false},"excerpt":{"rendered":"<p>Blog \/ Noticias todo Events General News Industry News News todo todo Events General News Industry News News Oct06 Femsa https:\/\/vimeo.com\/625076037 Dear FEMSA friends, We feel your pain.\u00a0 Sugar shipping and logistics costs are up over 25% across many of your LATAM bottling plants. Social &#8230; Jun30 Resetting for growth A-Ward\u2019s customer mindset driven to [&hellip;]<\/p>\n","protected":false},"author":2,"featured_media":0,"parent":0,"menu_order":0,"comment_status":"closed","ping_status":"closed","template":"","meta":{"inline_featured_image":false,"footnotes":""},"class_list":["post-15482","page","type-page","status-publish","hentry"],"_links":{"self":[{"href":"https:\/\/a-ward.com\/es\/wp-json\/wp\/v2\/pages\/15482","targetHints":{"allow":["GET"]}}],"collection":[{"href":"https:\/\/a-ward.com\/es\/wp-json\/wp\/v2\/pages"}],"about":[{"href":"https:\/\/a-ward.com\/es\/wp-json\/wp\/v2\/types\/page"}],"author":[{"embeddable":true,"href":"https:\/\/a-ward.com\/es\/wp-json\/wp\/v2\/users\/2"}],"replies":[{"embeddable":true,"href":"https:\/\/a-ward.com\/es\/wp-json\/wp\/v2\/comments?post=15482"}],"version-history":[{"count":13,"href":"https:\/\/a-ward.com\/es\/wp-json\/wp\/v2\/pages\/15482\/revisions"}],"predecessor-version":[{"id":25277,"href":"https:\/\/a-ward.com\/es\/wp-json\/wp\/v2\/pages\/15482\/revisions\/25277"}],"wp:attachment":[{"href":"https:\/\/a-ward.com\/es\/wp-json\/wp\/v2\/media?parent=15482"}],"curies":[{"name":"wp","href":"https:\/\/api.w.org\/{rel}","templated":true}]}}