{"id":1507,"date":"2023-07-20T10:23:30","date_gmt":"2023-07-19T22:23:30","guid":{"rendered":"https:\/\/a-ward.websitereview.nz\/reserve-una-videoconferencia\/"},"modified":"2026-04-12T15:14:30","modified_gmt":"2026-04-12T03:14:30","slug":"reserve-una-videoconferencia","status":"publish","type":"page","link":"https:\/\/a-ward.com\/es\/reserve-una-videoconferencia\/","title":{"rendered":"Reserve una videoconferencia"},"content":{"rendered":"\t\t<div data-elementor-type=\"wp-page\" data-elementor-id=\"1507\" class=\"elementor elementor-1507 elementor-398\" data-elementor-post-type=\"page\">\n\t\t\t\t\t\t<section class=\"elementor-section elementor-top-section elementor-element elementor-element-29aa2cd elementor-section-height-min-height elementor-section-items-bottom elementor-section-boxed elementor-section-height-default\" data-id=\"29aa2cd\" data-element_type=\"section\" data-e-type=\"section\" data-settings=\"{&quot;background_background&quot;:&quot;classic&quot;,&quot;jet_parallax_layout_list&quot;:[]}\">\n\t\t\t\t\t\t\t<div class=\"elementor-background-overlay\"><\/div>\n\t\t\t\t\t\t\t<div class=\"elementor-container elementor-column-gap-default\">\n\t\t\t\t\t<div class=\"elementor-column elementor-col-50 elementor-top-column elementor-element elementor-element-2663f14\" data-id=\"2663f14\" data-element_type=\"column\" data-e-type=\"column\">\n\t\t\t<div class=\"elementor-widget-wrap elementor-element-populated\">\n\t\t\t\t\t\t<div class=\"elementor-element elementor-element-9adf7e7 red-dot elementor-widget elementor-widget-heading\" data-id=\"9adf7e7\" data-element_type=\"widget\" data-e-type=\"widget\" data-widget_type=\"heading.default\">\n\t\t\t\t<div class=\"elementor-widget-container\">\n\t\t\t\t\t<h1 class=\"elementor-heading-title elementor-size-default\">Reserva tu consulta gratuita<\/h1>\t\t\t\t<\/div>\n\t\t\t\t<\/div>\n\t\t\t\t\t<\/div>\n\t\t<\/div>\n\t\t\t\t<div class=\"elementor-column elementor-col-50 elementor-top-column elementor-element elementor-element-74a72da elementor-hidden-mobile_extra elementor-hidden-mobile\" data-id=\"74a72da\" data-element_type=\"column\" data-e-type=\"column\">\n\t\t\t<div class=\"elementor-widget-wrap\">\n\t\t\t\t\t\t\t<\/div>\n\t\t<\/div>\n\t\t\t\t\t<\/div>\n\t\t<\/section>\n\t\t\t\t<section class=\"elementor-section elementor-top-section elementor-element elementor-element-1cae1233 section-margin-top-lg section-margin-bottom-lg elementor-section-content-top elementor-section-boxed elementor-section-height-default elementor-section-height-default\" data-id=\"1cae1233\" data-element_type=\"section\" data-e-type=\"section\" data-settings=\"{&quot;jet_parallax_layout_list&quot;:[]}\">\n\t\t\t\t\t\t<div class=\"elementor-container elementor-column-gap-default\">\n\t\t\t\t\t<div class=\"elementor-column elementor-col-50 elementor-top-column elementor-element elementor-element-1c7a25b0\" data-id=\"1c7a25b0\" data-element_type=\"column\" data-e-type=\"column\">\n\t\t\t<div class=\"elementor-widget-wrap elementor-element-populated\">\n\t\t\t\t\t\t<div class=\"elementor-element elementor-element-34d051cf elementor-widget elementor-widget-spacer\" data-id=\"34d051cf\" data-element_type=\"widget\" data-e-type=\"widget\" data-widget_type=\"spacer.default\">\n\t\t\t\t<div class=\"elementor-widget-container\">\n\t\t\t\t\t\t\t<div class=\"elementor-spacer\">\n\t\t\t<div class=\"elementor-spacer-inner\"><\/div>\n\t\t<\/div>\n\t\t\t\t\t\t<\/div>\n\t\t\t\t<\/div>\n\t\t\t\t<div class=\"elementor-element elementor-element-7ecb9dee elementor-widget elementor-widget-jet-form-builder-form\" data-id=\"7ecb9dee\" data-element_type=\"widget\" data-e-type=\"widget\" data-widget_type=\"jet-form-builder-form.default\">\n\t\t\t\t<div class=\"elementor-widget-container\">\n\t\t\t\t\t<link rel='stylesheet' id='wp-block-library-css' href='https:\/\/a-ward.com\/wp-includes\/css\/dist\/block-library\/style.min.css?ver=bf5b97ed7a6d692a6ebe729dce88ffde' media='all' \/>\n<style id=\"jet-form-builder-25414-inline-css\"><\/style><form  class=\"jet-form-builder layout-column submit-type-reload\" action=\"https:\/\/a-ward.com\/es\/wp-json\/wp\/v2\/pages\/1507\/?b55v7j=84Ly2K6Hz9q1&amp;method=reload\" method=\"POST\" data-form-id=\"25414\" data-layout=\"column\" enctype=\"multipart\/form-data\" novalidate=\"null\" ssr_validation_method=\"rest\"><input type=\"hidden\" id=\"_wpnonce\" name=\"_wpnonce\" value=\"aa4e689e0b\" \/><input type=\"hidden\" name=\"_wp_http_referer\" value=\"\/es\/wp-json\/wp\/v2\/pages\/1507\" \/>\r\n<input type=\"hidden\" name=\"_jfb_current_render_states[]\" value=\"DEFAULT.STATE\" data-jfb-sync \/><input type=\"hidden\" class=\"jet-form-builder__field hidden-field\" name=\"_jet_engine_booking_form_id\" data-field-name=\"_jet_engine_booking_form_id\" value=\"25414\">\n<input type=\"hidden\" class=\"jet-form-builder__field hidden-field\" name=\"_jet_engine_refer\" data-field-name=\"_jet_engine_refer\" value=\"https:\/\/a-ward.com\/es\/wp-json\/wp\/v2\/pages\/1507\/\">\n<input type=\"hidden\" class=\"jet-form-builder__field hidden-field\" name=\"__queried_post_id\" data-field-name=\"__queried_post_id\" value=\"1507\">\n<input type=\"hidden\" class=\"jet-form-builder__field hidden-field\" name=\"_user_journey\" data-field-name=\"_user_journey\">\n<div  class=\"jet-form-builder-row field-type-text-field\" >\n<div class=\"jet-form-builder__label\">\r\n<label class=\"jet-form-builder__label-text\" for=\"name\">Name <span class=\"jet-form-builder__required\">*<\/span><\/label><\/div><div class=\"jet-form-builder__field-wrap\">\n\t\t\t\t<input placeholder=\"Name*\" required=\"required\" name=\"name\" id=\"name\" type=\"text\" data-field-name=\"name\" class=\"jet-form-builder__field text-field\" data-jfb-sync=\"null\" autocomplete=\"off_jxA8541v\">\n\t\t\t\t\t<\/div>\n<\/div>\n\n<div  class=\"jet-form-builder-row field-type-text-field\" >\n<div class=\"jet-form-builder__label\">\r\n<label class=\"jet-form-builder__label-text\" for=\"company\">Company <span class=\"jet-form-builder__required\">*<\/span><\/label><\/div><div class=\"jet-form-builder__field-wrap\">\n\t\t\t\t<input placeholder=\"Company*\" required=\"required\" name=\"company\" id=\"company\" type=\"text\" data-field-name=\"company\" class=\"jet-form-builder__field text-field\" data-jfb-sync=\"null\" autocomplete=\"off_y6gQVAI2\">\n\t\t\t\t\t<\/div>\n<\/div>\n\n<div  class=\"jet-form-builder-row field-type-text-field\" >\n<div class=\"jet-form-builder__label\">\r\n<label class=\"jet-form-builder__label-text\" for=\"email\">Email <span class=\"jet-form-builder__required\">*<\/span><\/label><\/div><div class=\"jet-form-builder__field-wrap\">\n\t\t\t\t<input placeholder=\"Email*\" required=\"required\" name=\"email\" id=\"email\" type=\"email\" data-field-name=\"email\" class=\"jet-form-builder__field text-field\" data-jfb-sync=\"null\" autocomplete=\"off_x9fkJW5y\">\n\t\t\t\t\t<\/div>\n<\/div>\n\n<div  class=\"jet-form-builder-row field-type-text-field\" >\n<div class=\"jet-form-builder__label\">\r\n<label class=\"jet-form-builder__label-text\" for=\"country\">Country <span class=\"jet-form-builder__required\">*<\/span><\/label><\/div><div class=\"jet-form-builder__field-wrap\">\n\t\t\t\t<input placeholder=\"Country*\" required=\"required\" name=\"country\" id=\"country\" type=\"text\" data-field-name=\"country\" class=\"jet-form-builder__field text-field\" data-jfb-sync=\"null\" autocomplete=\"off_ILKoh0p2\">\n\t\t\t\t\t<\/div>\n<\/div>\n\n<div  class=\"jet-form-builder-row field-type-text-field\" >\n<div class=\"jet-form-builder__label\">\r\n<label class=\"jet-form-builder__label-text\" for=\"phone\">Phone <span class=\"jet-form-builder__required\">*<\/span><\/label><\/div><div class=\"jet-form-builder__field-wrap\">\n\t\t\t\t<input placeholder=\"Phone*\" required=\"required\" name=\"phone\" id=\"phone\" type=\"tel\" data-field-name=\"phone\" class=\"jet-form-builder__field text-field\" data-jfb-sync=\"null\" autocomplete=\"off_Ro9Y3lHS\">\n\t\t\t\t\t<\/div>\n<\/div>\n\n<div  class=\"jet-form-builder-row field-type-textarea-field\" >\n<div class=\"jet-form-builder__label\">\r\n<label class=\"jet-form-builder__label-text\" for=\"what_product\">What Product <span class=\"jet-form-builder__required\">*<\/span><\/label><\/div><div class=\"jet-form-builder__field-wrap\">\n\t\t<textarea class=\"jet-form-builder__field textarea-field\" placeholder=\"What Product are you Loading or Unloading? (please specify)*\" required=\"required\" name=\"what_product\" data-field-name=\"what_product\" id=\"what_product\" data-jfb-sync=\"null\"><\/textarea>\n\t<\/div>\n<\/div>\n\n<div  class=\"jet-form-builder-row field-type-select-field wp-block-jet-forms-select-field\">\n<div class=\"jet-form-builder__label\">\r\n<label class=\"jet-form-builder__label-text\" for=\"size\">Size of Container<\/label><\/div><div class=\"jet-form-builder__field-wrap\">\n\t<select class=\"jet-form-builder__field select-field\" name=\"size\" data-field-name=\"size\" id=\"size\" data-jfb-sync=\"null\">\n\t\t<option value=\"\"  selected>Size of Container Required<\/option><option value=\"20ft\" >20ft<\/option><option value=\"40ft\" >40ft<\/option>\t<\/select>\n<\/div>\n<\/div>\n\n<div  class=\"jet-form-builder-row field-type-select-field wp-block-jet-forms-select-field\">\n<div class=\"jet-form-builder__label\">\r\n<label class=\"jet-form-builder__label-text\" for=\"lead_source\">How did you hear about us?<\/label><\/div><div class=\"jet-form-builder__field-wrap\">\n\t<select class=\"jet-form-builder__field select-field\" name=\"lead_source\" data-field-name=\"lead_source\" id=\"lead_source\" data-jfb-sync=\"null\">\n\t\t<option value=\"\"  selected>How did you hear about us?<\/option><option value=\"facebook\" >Facebook<\/option><option value=\"instagram\" >Instagram<\/option><option value=\"linkedin\" >LinkedIn<\/option><option value=\"google-search\" >Google Search<\/option><option value=\"ai-engine\" >AI Engine<\/option><option value=\"referred-by-another-company\" >Referred by another company<\/option>\t<\/select>\n<\/div>\n<\/div>\n\n<div  class=\"jet-form-builder-row field-type-textarea-field\" >\n<div class=\"jet-form-builder__label\">\r\n<label class=\"jet-form-builder__label-text\" for=\"message\">Message<\/label><\/div><div class=\"jet-form-builder__field-wrap\">\n\t\t<textarea class=\"jet-form-builder__field textarea-field\" placeholder=\"Message\" name=\"message\" data-field-name=\"message\" id=\"message\" data-jfb-sync=\"null\"><\/textarea>\n\t<\/div>\n<\/div>\n\n<fieldset  class=\"jet-form-builder-row field-type-radio-field wp-block-jet-forms-radio-field\">\n<legend class=\"jet-form-builder__label\"><span class=\"jet-form-builder__label-text\">Contact<\/span><\/legend><div class=\"jet-form-builder__fields-group checkradio-wrap\" data-jfb-sync><div class=\"jet-form-builder__field-wrap radio-wrap checkradio-wrap\"><label class=\"jet-form-builder__field-label for-radio\">\n<input type=\"radio\" name=\"contact\" value=\"email\" data-field-name=\"contact\"  class=\"jet-form-builder__field radio-field checkradio-field\"><span>Email<\/span><\/label><\/div><div class=\"jet-form-builder__field-wrap radio-wrap checkradio-wrap\"><label class=\"jet-form-builder__field-label for-radio\">\n<input type=\"radio\" name=\"contact\" value=\"phone\" data-field-name=\"contact\"  class=\"jet-form-builder__field radio-field checkradio-field\"><span>Phone<\/span><\/label><\/div><\/div>\n<\/fieldset>\n\n<div  class=\"jet-form-builder-row field-type-submit-field\" >\n\t<div data-type=\"submit\" class=\"jet-form-builder__action-button-wrapper jet-form-builder__submit-wrap\">\n\t<button class=\"jet-form-builder__action-button jet-form-builder__submit submit-type-reload\" type=\"submit\">Send Request<\/button>\n\t<\/div>\n\t\n<\/div>\n\n\n<input type=\"hidden\" class=\"jet-form-builder__field hidden-field\" name=\"gclid\" data-field-name=\"gclid\" data-jfb-sync=\"null\">\n\n\n\n\n<input type=\"hidden\" class=\"jet-form-builder__field hidden-field\" name=\"utm_source\" data-field-name=\"utm_source\" data-jfb-sync=\"null\">\n\n\n\n\n<input type=\"hidden\" class=\"jet-form-builder__field hidden-field\" name=\"utm_medium\" data-field-name=\"utm_medium\" data-jfb-sync=\"null\">\n\n\n\n\n<input type=\"hidden\" class=\"jet-form-builder__field hidden-field\" name=\"utm_campaign\" data-field-name=\"utm_campaign\" data-jfb-sync=\"null\">\n\n\n\n\n<input type=\"hidden\" class=\"jet-form-builder__field hidden-field\" name=\"utm_campaign_id\" data-field-name=\"utm_campaign_id\" data-jfb-sync=\"null\">\n\n\n\n\n<input type=\"hidden\" class=\"jet-form-builder__field hidden-field\" name=\"utm_keyword\" data-field-name=\"utm_keyword\" data-jfb-sync=\"null\">\n\n\n\n\n<input type=\"hidden\" class=\"jet-form-builder__field hidden-field\" name=\"ad_user_data_consent\" data-field-name=\"ad_user_data_consent\" data-jfb-sync=\"null\">\n\n\n\n\n<input type=\"hidden\" class=\"jet-form-builder__field hidden-field\" name=\"submitted_at\" data-field-name=\"submitted_at\" data-jfb-sync=\"null\">\n\n\n\n\n<input type=\"hidden\" class=\"jet-form-builder__field hidden-field\" name=\"lead_id\" data-field-name=\"lead_id\" data-jfb-sync=\"null\" value=\"1777208172\">\n\n\n\n\n<input type=\"hidden\" class=\"jet-form-builder__field hidden-field\" name=\"ip_address\" data-field-name=\"ip_address\" data-jfb-sync=\"null\">\n\n\n\n\n<input type=\"hidden\" class=\"jet-form-builder__field hidden-field\" name=\"user_agent\" data-field-name=\"user_agent\" data-jfb-sync=\"null\">\n\n\n\n\n<p><\/p>\n\n\n\n<div class=\"jet-form-builder-row captcha-token-container\" data-validation-type=\"inherit\">\n\t<input type=\"hidden\" class=\"captcha-token\" name=\"_captcha_token\" value=\"\" data-jfb-sync required=\"required\">\n<\/div>\n\t<div class=\"jet-form-builder-messages-wrap\" data-form-id=\"25414\"><\/div>\n<\/form>\n\t\t\t\t<\/div>\n\t\t\t\t<\/div>\n\t\t\t\t\t<\/div>\n\t\t<\/div>\n\t\t\t\t<div class=\"elementor-column elementor-col-50 elementor-top-column elementor-element elementor-element-602bf78\" data-id=\"602bf78\" data-element_type=\"column\" data-e-type=\"column\" data-settings=\"{&quot;background_background&quot;:&quot;classic&quot;}\">\n\t\t\t<div class=\"elementor-widget-wrap elementor-element-populated\">\n\t\t\t\t\t\t<div class=\"elementor-element elementor-element-e376759 elementor-widget elementor-widget-heading\" data-id=\"e376759\" data-element_type=\"widget\" data-e-type=\"widget\" data-widget_type=\"heading.default\">\n\t\t\t\t<div class=\"elementor-widget-container\">\n\t\t\t\t\t<h2 class=\"elementor-heading-title elementor-size-default\">Cont\u00e1ctanos<\/h2>\t\t\t\t<\/div>\n\t\t\t\t<\/div>\n\t\t\t\t<div class=\"elementor-element elementor-element-185dd031 elementor-widget elementor-widget-text-editor\" data-id=\"185dd031\" data-element_type=\"widget\" data-e-type=\"widget\" data-widget_type=\"text-editor.default\">\n\t\t\t\t<div class=\"elementor-widget-container\">\n\t\t\t\t\t\t\t\t\t<p>\u00bfTienes problemas con las tasas de llenado de los recipientes, riesgos de seguridad o procesos manuales costosos? D\u00e9janos ayudarte. Recibe asesoramiento experto para agilizar tu sistema de manipulaci\u00f3n a granel: simplemente rellena el formulario y nos pondremos en contacto contigo.  <\/p>\t\t\t\t\t\t\t\t<\/div>\n\t\t\t\t<\/div>\n\t\t\t\t<div class=\"elementor-element elementor-element-4eb402e elementor-widget elementor-widget-image\" data-id=\"4eb402e\" data-element_type=\"widget\" data-e-type=\"widget\" data-widget_type=\"image.default\">\n\t\t\t\t<div class=\"elementor-widget-container\">\n\t\t\t\t\t\t\t\t\t\t\t\t\t\t\t<img fetchpriority=\"high\" decoding=\"async\" width=\"1852\" height=\"1236\" src=\"https:\/\/a-ward.com\/wp-content\/uploads\/2023\/08\/About-Header-scaled4.jpg\" class=\"attachment-full size-full wp-image-4266\" alt=\"\" srcset=\"https:\/\/a-ward.com\/wp-content\/uploads\/2023\/08\/About-Header-scaled4.jpg 1852w, https:\/\/a-ward.com\/wp-content\/uploads\/2023\/08\/About-Header-scaled4-300x200.jpg 300w, https:\/\/a-ward.com\/wp-content\/uploads\/2023\/08\/About-Header-scaled4-1024x683.jpg 1024w, https:\/\/a-ward.com\/wp-content\/uploads\/2023\/08\/About-Header-scaled4-768x513.jpg 768w, https:\/\/a-ward.com\/wp-content\/uploads\/2023\/08\/About-Header-scaled4-1536x1025.jpg 1536w\" sizes=\"(max-width: 1852px) 100vw, 1852px\">\t\t\t\t\t\t\t\t\t\t\t\t\t\t\t<\/div>\n\t\t\t\t<\/div>\n\t\t\t\t<div class=\"elementor-element elementor-element-1f889b5 elementor-widget elementor-widget-image\" data-id=\"1f889b5\" data-element_type=\"widget\" data-e-type=\"widget\" data-widget_type=\"image.default\">\n\t\t\t\t<div class=\"elementor-widget-container\">\n\t\t\t\t\t\t\t\t\t\t\t\t\t\t\t<img decoding=\"async\" width=\"800\" height=\"800\" src=\"https:\/\/a-ward.com\/wp-content\/uploads\/2025\/08\/Customer-feedback-2.png\" class=\"attachment-large size-large wp-image-24563\" alt=\"\" srcset=\"https:\/\/a-ward.com\/wp-content\/uploads\/2025\/08\/Customer-feedback-2.png 810w, https:\/\/a-ward.com\/wp-content\/uploads\/2025\/08\/Customer-feedback-2-300x300.png 300w, https:\/\/a-ward.com\/wp-content\/uploads\/2025\/08\/Customer-feedback-2-150x150.png 150w, https:\/\/a-ward.com\/wp-content\/uploads\/2025\/08\/Customer-feedback-2-768x768.png 768w\" sizes=\"(max-width: 800px) 100vw, 800px\">\t\t\t\t\t\t\t\t\t\t\t\t\t\t\t<\/div>\n\t\t\t\t<\/div>\n\t\t\t\t\t<\/div>\n\t\t<\/div>\n\t\t\t\t\t<\/div>\n\t\t<\/section>\n\t\t\t\t<section class=\"elementor-section elementor-top-section elementor-element elementor-element-9c1dcaf elementor-section-boxed elementor-section-height-default elementor-section-height-default\" data-id=\"9c1dcaf\" data-element_type=\"section\" data-e-type=\"section\" data-settings=\"{&quot;jet_parallax_layout_list&quot;:[]}\">\n\t\t\t\t\t\t<div class=\"elementor-container elementor-column-gap-default\">\n\t\t\t\t\t<div class=\"elementor-column elementor-col-33 elementor-top-column elementor-element elementor-element-b8de4b6\" data-id=\"b8de4b6\" data-element_type=\"column\" data-e-type=\"column\">\n\t\t\t<div class=\"elementor-widget-wrap elementor-element-populated\">\n\t\t\t\t\t\t<div class=\"elementor-element elementor-element-1aab00b elementor-widget elementor-widget-video\" data-id=\"1aab00b\" data-element_type=\"widget\" data-e-type=\"widget\" data-settings=\"{&quot;video_type&quot;:&quot;hosted&quot;,&quot;controls&quot;:&quot;yes&quot;}\" data-widget_type=\"video.default\">\n\t\t\t\t<div class=\"elementor-widget-container\">\n\t\t\t\t\t\t\t<div class=\"e-hosted-video elementor-wrapper elementor-open-inline\">\n\t\t\t\t\t<video class=\"elementor-video\" src=\"https:\/\/a-ward.com\/wp-content\/uploads\/2025\/07\/A-Ward_final-Tilter-video.mp4\" controls=\"\" preload=\"metadata\" controlsList=\"nodownload\"><\/video>\n\t\t\t\t<\/div>\n\t\t\t\t\t\t<\/div>\n\t\t\t\t<\/div>\n\t\t\t\t\t<\/div>\n\t\t<\/div>\n\t\t\t\t<div class=\"elementor-column elementor-col-33 elementor-top-column elementor-element elementor-element-737e5f0\" data-id=\"737e5f0\" data-element_type=\"column\" data-e-type=\"column\">\n\t\t\t<div class=\"elementor-widget-wrap elementor-element-populated\">\n\t\t\t\t\t\t<div class=\"elementor-element elementor-element-dd611bb elementor-widget elementor-widget-video\" data-id=\"dd611bb\" data-element_type=\"widget\" data-e-type=\"widget\" data-settings=\"{&quot;video_type&quot;:&quot;hosted&quot;,&quot;controls&quot;:&quot;yes&quot;}\" data-widget_type=\"video.default\">\n\t\t\t\t<div class=\"elementor-widget-container\">\n\t\t\t\t\t\t\t<div class=\"e-hosted-video elementor-wrapper elementor-open-inline\">\n\t\t\t\t\t<video class=\"elementor-video\" src=\"https:\/\/a-ward.com\/wp-content\/uploads\/2025\/07\/The-SCRAPPA\u2122-allows-you-to-fill-up-every-last-inch-of-your-shipping-container.mp4\" controls=\"\" preload=\"metadata\" controlsList=\"nodownload\"><\/video>\n\t\t\t\t<\/div>\n\t\t\t\t\t\t<\/div>\n\t\t\t\t<\/div>\n\t\t\t\t\t<\/div>\n\t\t<\/div>\n\t\t\t\t<div class=\"elementor-column elementor-col-33 elementor-top-column elementor-element elementor-element-248330c\" data-id=\"248330c\" data-element_type=\"column\" data-e-type=\"column\">\n\t\t\t<div class=\"elementor-widget-wrap elementor-element-populated\">\n\t\t\t\t\t\t<div class=\"elementor-element elementor-element-5afcd61 elementor-widget elementor-widget-video\" data-id=\"5afcd61\" data-element_type=\"widget\" data-e-type=\"widget\" data-settings=\"{&quot;video_type&quot;:&quot;hosted&quot;,&quot;controls&quot;:&quot;yes&quot;}\" data-widget_type=\"video.default\">\n\t\t\t\t<div class=\"elementor-widget-container\">\n\t\t\t\t\t\t\t<div class=\"e-hosted-video elementor-wrapper elementor-open-inline\">\n\t\t\t\t\t<video class=\"elementor-video\" src=\"https:\/\/a-ward.com\/wp-content\/uploads\/2025\/07\/A-Ward-3D-Project-2024-01-Mastered.mp4\" controls=\"\" preload=\"metadata\" controlsList=\"nodownload\"><\/video>\n\t\t\t\t<\/div>\n\t\t\t\t\t\t<\/div>\n\t\t\t\t<\/div>\n\t\t\t\t\t<\/div>\n\t\t<\/div>\n\t\t\t\t\t<\/div>\n\t\t<\/section>\n\t\t\t\t<section class=\"elementor-section elementor-top-section elementor-element elementor-element-b27cd22 elementor-section-boxed elementor-section-height-default elementor-section-height-default\" data-id=\"b27cd22\" data-element_type=\"section\" data-e-type=\"section\" data-settings=\"{&quot;jet_parallax_layout_list&quot;:[]}\">\n\t\t\t\t\t\t<div class=\"elementor-container elementor-column-gap-default\">\n\t\t\t\t\t<div class=\"elementor-column elementor-col-33 elementor-top-column elementor-element elementor-element-471bccb\" data-id=\"471bccb\" data-element_type=\"column\" data-e-type=\"column\">\n\t\t\t<div class=\"elementor-widget-wrap elementor-element-populated\">\n\t\t\t\t\t\t<div class=\"elementor-element elementor-element-5b33604 elementor-widget elementor-widget-text-editor\" data-id=\"5b33604\" data-element_type=\"widget\" data-e-type=\"widget\" data-widget_type=\"text-editor.default\">\n\t\t\t\t<div class=\"elementor-widget-container\">\n\t\t\t\t\t\t\t\t\t<p data-start=\"256\" data-end=\"629\"><strong>Cargador Universal MiTilt\u2122<\/strong><\/p><p data-start=\"256\" data-end=\"629\">Manipula chatarra, grano, productos qu\u00edmicos o minerales con una soluci\u00f3n inteligente. El MiTilt\u2122 Universal Loader ofrece menores costes generales, tiempos de carga m\u00e1s r\u00e1pidos y seguridad l\u00edder en la industria, todo ello maximizando tu retorno de la inversi\u00f3n. <\/p>\t\t\t\t\t\t\t\t<\/div>\n\t\t\t\t<\/div>\n\t\t\t\t\t<\/div>\n\t\t<\/div>\n\t\t\t\t<div class=\"elementor-column elementor-col-33 elementor-top-column elementor-element elementor-element-d02f00a\" data-id=\"d02f00a\" data-element_type=\"column\" data-e-type=\"column\">\n\t\t\t<div class=\"elementor-widget-wrap elementor-element-populated\">\n\t\t\t\t\t\t<div class=\"elementor-element elementor-element-ebb929a elementor-widget elementor-widget-text-editor\" data-id=\"ebb929a\" data-element_type=\"widget\" data-e-type=\"widget\" data-widget_type=\"text-editor.default\">\n\t\t\t\t<div class=\"elementor-widget-container\">\n\t\t\t\t\t\t\t\t\t<p data-start=\"476\" data-end=\"679\"><strong>Cargador SCRAPPA\u2122 para chatarra<\/strong><\/p><p data-start=\"476\" data-end=\"679\">Dise\u00f1ado espec\u00edficamente para la industria de chatarra, el cargador SCRAPPA\u2122 previene da\u00f1os en los contenedores, maximiza el volumen del contenedor y agiliza las operaciones con control de un solo operador. Con compresi\u00f3n de refuerzo trasero y bloqueo hidr\u00e1ulico, ofrece una seguridad, eficiencia y ahorro inigualables \u2014 en cada carga, en todo momento. <\/p>\t\t\t\t\t\t\t\t<\/div>\n\t\t\t\t<\/div>\n\t\t\t\t\t<\/div>\n\t\t<\/div>\n\t\t\t\t<div class=\"elementor-column elementor-col-33 elementor-top-column elementor-element elementor-element-4c19c32\" data-id=\"4c19c32\" data-element_type=\"column\" data-e-type=\"column\">\n\t\t\t<div class=\"elementor-widget-wrap elementor-element-populated\">\n\t\t\t\t\t\t<div class=\"elementor-element elementor-element-d3385fc elementor-widget elementor-widget-text-editor\" data-id=\"d3385fc\" data-element_type=\"widget\" data-e-type=\"widget\" data-widget_type=\"text-editor.default\">\n\t\t\t\t<div class=\"elementor-widget-container\">\n\t\t\t\t\t\t\t\t\t<p><strong>Obt\u00e9n m\u00e1s valor de cada carga<\/strong><\/p><p>Observa c\u00f3mo el equipo de A-Ward llena los contenedores hasta su capacidad, elimina la necesidad de bolsas costosas y elimina riesgos de contaminaci\u00f3n. Dise\u00f1ado para el manejo de materiales a granel, es la forma m\u00e1s inteligente, limpia y rentable de cargar. <\/p>\t\t\t\t\t\t\t\t<\/div>\n\t\t\t\t<\/div>\n\t\t\t\t\t<\/div>\n\t\t<\/div>\n\t\t\t\t\t<\/div>\n\t\t<\/section>\n\t\t\t\t<\/div>\n\t\t","protected":false},"excerpt":{"rendered":"<p>Reserva tu consulta gratuita Name * Company * Email * Country * Select country*Afghanistan\u00c5land IslandsAlbaniaAlgeriaAmerican SamoaAndorrAAngolaAnguillaAntarcticaAntigua and BarbudaArgentinaArmeniaArubaAustraliaAustriaAzerbaijanBahamasBahrainBangladeshBarbadosBelarusBelgiumBelizeBeninBermudaBhutanBoliviaBosnia and HerzegovinaBotswanaBouvet IslandBrazilBritish Indian Ocean TerritoryBrunei DarussalamBulgariaBurkina FasoBurundiCambodiaCameroonCanadaCape VerdeCayman IslandsCentral African RepublicChadChileChinaChristmas IslandCocos (Keeling) IslandsColombiaComorosCongoCongo, The Democratic Republic of theCook IslandsCosta RicaCote D&#8217;IvoireCroatiaCubaCyprusCzech RepublicDenmarkDjiboutiDominicaDominican RepublicEcuadorEgyptEl SalvadorEquatorial GuineaEritreaEstoniaEthiopiaFalkland Islands (Malvinas)Faroe IslandsFijiFinlandFranceFrench GuianaFrench PolynesiaFrench Southern TerritoriesGabonGambiaGeorgiaGermanyGhanaGibraltarGreeceGreenlandGrenadaGuadeloupeGuamGuatemalaGuernseyGuineaGuinea-BissauGuyanaHaitiHeard Island and Mcdonald [&hellip;]<\/p>\n","protected":false},"author":2,"featured_media":0,"parent":0,"menu_order":10,"comment_status":"closed","ping_status":"closed","template":"","meta":{"inline_featured_image":false,"footnotes":""},"class_list":["post-1507","page","type-page","status-publish","hentry"],"_links":{"self":[{"href":"https:\/\/a-ward.com\/es\/wp-json\/wp\/v2\/pages\/1507","targetHints":{"allow":["GET"]}}],"collection":[{"href":"https:\/\/a-ward.com\/es\/wp-json\/wp\/v2\/pages"}],"about":[{"href":"https:\/\/a-ward.com\/es\/wp-json\/wp\/v2\/types\/page"}],"author":[{"embeddable":true,"href":"https:\/\/a-ward.com\/es\/wp-json\/wp\/v2\/users\/2"}],"replies":[{"embeddable":true,"href":"https:\/\/a-ward.com\/es\/wp-json\/wp\/v2\/comments?post=1507"}],"version-history":[{"count":20,"href":"https:\/\/a-ward.com\/es\/wp-json\/wp\/v2\/pages\/1507\/revisions"}],"predecessor-version":[{"id":25479,"href":"https:\/\/a-ward.com\/es\/wp-json\/wp\/v2\/pages\/1507\/revisions\/25479"}],"wp:attachment":[{"href":"https:\/\/a-ward.com\/es\/wp-json\/wp\/v2\/media?parent=1507"}],"curies":[{"name":"wp","href":"https:\/\/api.w.org\/{rel}","templated":true}]}}