{"id":1500,"date":"2023-07-20T10:17:37","date_gmt":"2023-07-19T22:17:37","guid":{"rendered":"https:\/\/a-ward.websitereview.nz\/sobre-nosotros\/premios-y-medios\/"},"modified":"2024-04-03T11:00:40","modified_gmt":"2024-04-02T22:00:40","slug":"premios-y-medios","status":"publish","type":"page","link":"https:\/\/a-ward.com\/es\/sobre-nosotros\/premios-y-medios\/","title":{"rendered":"Premios y reconocimientos"},"content":{"rendered":"\t\t<div data-elementor-type=\"wp-page\" data-elementor-id=\"1500\" class=\"elementor elementor-1500 elementor-376\" data-elementor-post-type=\"page\">\n\t\t\t\t\t\t<section class=\"elementor-section elementor-top-section elementor-element elementor-element-7643dc1d elementor-section-height-min-height elementor-section-content-middle elementor-section-boxed elementor-section-height-default elementor-section-items-middle\" data-id=\"7643dc1d\" data-element_type=\"section\" data-e-type=\"section\" data-settings=\"{&quot;background_background&quot;:&quot;classic&quot;,&quot;jet_parallax_layout_list&quot;:[]}\">\n\t\t\t\t\t\t<div class=\"elementor-container elementor-column-gap-default\">\n\t\t\t\t\t<div class=\"elementor-column elementor-col-50 elementor-top-column elementor-element elementor-element-38cfce11\" data-id=\"38cfce11\" data-element_type=\"column\" data-e-type=\"column\">\n\t\t\t<div class=\"elementor-widget-wrap elementor-element-populated\">\n\t\t\t\t\t\t<div class=\"elementor-element elementor-element-58d6e271 red-dot elementor-widget elementor-widget-heading\" data-id=\"58d6e271\" data-element_type=\"widget\" data-e-type=\"widget\" data-widget_type=\"heading.default\">\n\t\t\t\t<div class=\"elementor-widget-container\">\n\t\t\t\t\t<span class=\"elementor-heading-title elementor-size-default\">Con la confianza de los l\u00edderes de la industria, en todo el mundo<\/span>\t\t\t\t<\/div>\n\t\t\t\t<\/div>\n\t\t\t\t\t<\/div>\n\t\t<\/div>\n\t\t\t\t<div class=\"elementor-column elementor-col-50 elementor-top-column elementor-element elementor-element-1dd4221 elementor-hidden-mobile_extra elementor-hidden-mobile\" data-id=\"1dd4221\" data-element_type=\"column\" data-e-type=\"column\">\n\t\t\t<div class=\"elementor-widget-wrap\">\n\t\t\t\t\t\t\t<\/div>\n\t\t<\/div>\n\t\t\t\t\t<\/div>\n\t\t<\/section>\n\t\t\t\t<section class=\"elementor-section elementor-top-section elementor-element elementor-element-7b045437 section-margin-top-lg elementor-section-boxed elementor-section-height-default elementor-section-height-default\" data-id=\"7b045437\" data-element_type=\"section\" data-e-type=\"section\" data-settings=\"{&quot;jet_parallax_layout_list&quot;:[]}\">\n\t\t\t\t\t\t<div class=\"elementor-container elementor-column-gap-default\">\n\t\t\t\t\t<div class=\"elementor-column elementor-col-100 elementor-top-column elementor-element elementor-element-24aab170\" data-id=\"24aab170\" data-element_type=\"column\" data-e-type=\"column\">\n\t\t\t<div class=\"elementor-widget-wrap elementor-element-populated\">\n\t\t\t\t\t\t<div class=\"elementor-element elementor-element-21ab487d red-dot elementor-widget elementor-widget-heading\" data-id=\"21ab487d\" data-element_type=\"widget\" data-e-type=\"widget\" data-widget_type=\"heading.default\">\n\t\t\t\t<div class=\"elementor-widget-container\">\n\t\t\t\t\t<h1 class=\"elementor-heading-title elementor-size-default\">Premios y reconocimientos<\/h1>\t\t\t\t<\/div>\n\t\t\t\t<\/div>\n\t\t\t\t<div class=\"elementor-element elementor-element-1a6aa72e elementor-widget elementor-widget-text-editor\" data-id=\"1a6aa72e\" data-element_type=\"widget\" data-e-type=\"widget\" data-widget_type=\"text-editor.default\">\n\t\t\t\t<div class=\"elementor-widget-container\">\n\t\t\t\t\t\t\t\t\t<p>A-Ward ha sido reconocido como un l\u00edder mundial en negocios, exportaci\u00f3n e innovaci\u00f3n, a menudo supera a empresas globales bien establecidas.<\/p>\n\t\t\t\t\t\t\t\t<\/div>\n\t\t\t\t<\/div>\n\t\t\t\t\t<\/div>\n\t\t<\/div>\n\t\t\t\t\t<\/div>\n\t\t<\/section>\n\t\t\t\t<section class=\"elementor-section elementor-top-section elementor-element elementor-element-24f9118 section-margin-top-sm section-margin-bottom-lg elementor-section-boxed elementor-section-height-default elementor-section-height-default\" data-id=\"24f9118\" data-element_type=\"section\" data-e-type=\"section\" data-settings=\"{&quot;jet_parallax_layout_list&quot;:[]}\">\n\t\t\t\t\t\t<div class=\"elementor-container elementor-column-gap-default\">\n\t\t\t\t\t<div class=\"elementor-column elementor-col-50 elementor-top-column elementor-element elementor-element-615cffe\" data-id=\"615cffe\" data-element_type=\"column\" data-e-type=\"column\">\n\t\t\t<div class=\"elementor-widget-wrap elementor-element-populated\">\n\t\t\t\t\t\t<div class=\"elementor-element elementor-element-fc0a686 elementor-widget elementor-widget-text-editor\" data-id=\"fc0a686\" data-element_type=\"widget\" data-e-type=\"widget\" data-widget_type=\"text-editor.default\">\n\t\t\t\t<div class=\"elementor-widget-container\">\n\t\t\t\t\t\t\t\t\t<ul>\n<li aria-level=\"1\">Premios de Negocios Internacionales de Nueva Zelanda \u2013 Finalista 2021<\/li>\n<li aria-level=\"1\">Westpac Best of the Best in Innovation 2015<\/li>\n<li aria-level=\"1\">Metales NZ HERA 2015 Innovador del A\u00f1o<\/li>\n<li aria-level=\"1\">Westpac Supreme Business Excellence Award 2014<\/li>\n<li aria-level=\"1\">SSAB \u00abSwedish Steel Prize\u00bb Innovaci\u00f3n global del a\u00f1o 2012<\/li>\n<li aria-level=\"1\">Premio Paris Bulk Handling Equipment a la Innovaci\u00f3n (producto m\u00e1s innovador)<\/li>\n<li aria-level=\"1\">R\u00e1pido 50 de Deloitte<\/li>\n<li aria-level=\"1\">L\u00edder de Negocios Emergentes de NZTE<\/li>\n<li aria-level=\"1\">Lloyd&#8217;s List Australian Shipping<\/li>\n<li aria-level=\"1\">Export NZ, Exportador del a\u00f1o, Negocios Emergentes del A\u00f1o,<\/li>\n<li aria-level=\"1\">Oferta de exportaci\u00f3n del a\u00f1o<\/li>\n<li aria-level=\"1\">C\u00e1mara Americana de Comercio para el crecimiento, la empresa, el liderazgo y la innovaci\u00f3n<\/li>\n<\/ul>\n\t\t\t\t\t\t\t\t<\/div>\n\t\t\t\t<\/div>\n\t\t\t\t<div class=\"elementor-element elementor-element-1367e72 elementor-tablet-align-right elementor-mobile_extra-align-justify elementor-widget elementor-widget-global elementor-global-2651 elementor-global-2642 elementor-widget-button\" data-id=\"1367e72\" data-element_type=\"widget\" data-e-type=\"widget\" data-widget_type=\"button.default\">\n\t\t\t\t<div class=\"elementor-widget-container\">\n\t\t\t\t\t\t\t\t\t<div class=\"elementor-button-wrapper\">\n\t\t\t\t\t<a class=\"elementor-button elementor-button-link elementor-size-sm\" href=\"https:\/\/a-ward.com\/es\/reserve-una-videoconferencia\/\">\n\t\t\t\t\t\t<span class=\"elementor-button-content-wrapper\">\n\t\t\t\t\t\t\t\t\t<span class=\"elementor-button-text\">Solicitar videoconferencia<\/span>\n\t\t\t\t\t<\/span>\n\t\t\t\t\t<\/a>\n\t\t\t\t<\/div>\n\t\t\t\t\t\t\t\t<\/div>\n\t\t\t\t<\/div>\n\t\t\t\t\t<\/div>\n\t\t<\/div>\n\t\t\t\t<div class=\"elementor-column elementor-col-50 elementor-top-column elementor-element elementor-element-9213f14\" data-id=\"9213f14\" data-element_type=\"column\" data-e-type=\"column\">\n\t\t\t<div class=\"elementor-widget-wrap elementor-element-populated\">\n\t\t\t\t\t\t<div class=\"elementor-element elementor-element-12c704f elementor-widget elementor-widget-image\" data-id=\"12c704f\" data-element_type=\"widget\" data-e-type=\"widget\" data-widget_type=\"image.default\">\n\t\t\t\t<div class=\"elementor-widget-container\">\n\t\t\t\t\t\t\t\t\t\t\t\t\t\t\t<img fetchpriority=\"high\" decoding=\"async\" width=\"720\" height=\"480\" src=\"https:\/\/a-ward.com\/wp-content\/uploads\/2023\/12\/A-Ward-team-Awards-And-Recognition1.jpg\" class=\"attachment-large size-large wp-image-20429\" alt=\"\" srcset=\"https:\/\/a-ward.com\/wp-content\/uploads\/2023\/12\/A-Ward-team-Awards-And-Recognition1.jpg 720w, https:\/\/a-ward.com\/wp-content\/uploads\/2023\/12\/A-Ward-team-Awards-And-Recognition1-300x200.jpg 300w\" sizes=\"(max-width: 720px) 100vw, 720px\">\t\t\t\t\t\t\t\t\t\t\t\t\t\t\t<\/div>\n\t\t\t\t<\/div>\n\t\t\t\t\t<\/div>\n\t\t<\/div>\n\t\t\t\t\t<\/div>\n\t\t<\/section>\n\t\t\t\t<\/div>\n\t\t","protected":false},"excerpt":{"rendered":"<p>Con la confianza de los l\u00edderes de la industria, en todo el mundo Premios y reconocimientos A-Ward ha sido reconocido como un l\u00edder mundial en negocios, exportaci\u00f3n e innovaci\u00f3n, a menudo supera a empresas globales bien establecidas. Premios de Negocios Internacionales de Nueva Zelanda \u2013 Finalista 2021 Westpac Best of the Best in Innovation 2015 [&hellip;]<\/p>\n","protected":false},"author":2,"featured_media":0,"parent":1230,"menu_order":0,"comment_status":"closed","ping_status":"closed","template":"","meta":{"inline_featured_image":false,"footnotes":""},"class_list":["post-1500","page","type-page","status-publish","hentry"],"_links":{"self":[{"href":"https:\/\/a-ward.com\/es\/wp-json\/wp\/v2\/pages\/1500","targetHints":{"allow":["GET"]}}],"collection":[{"href":"https:\/\/a-ward.com\/es\/wp-json\/wp\/v2\/pages"}],"about":[{"href":"https:\/\/a-ward.com\/es\/wp-json\/wp\/v2\/types\/page"}],"author":[{"embeddable":true,"href":"https:\/\/a-ward.com\/es\/wp-json\/wp\/v2\/users\/2"}],"replies":[{"embeddable":true,"href":"https:\/\/a-ward.com\/es\/wp-json\/wp\/v2\/comments?post=1500"}],"version-history":[{"count":10,"href":"https:\/\/a-ward.com\/es\/wp-json\/wp\/v2\/pages\/1500\/revisions"}],"predecessor-version":[{"id":23771,"href":"https:\/\/a-ward.com\/es\/wp-json\/wp\/v2\/pages\/1500\/revisions\/23771"}],"up":[{"embeddable":true,"href":"https:\/\/a-ward.com\/es\/wp-json\/wp\/v2\/pages\/1230"}],"wp:attachment":[{"href":"https:\/\/a-ward.com\/es\/wp-json\/wp\/v2\/media?parent=1500"}],"curies":[{"name":"wp","href":"https:\/\/api.w.org\/{rel}","templated":true}]}}